{"id":93,"date":"2020-03-23T23:25:06","date_gmt":"2020-03-24T05:25:06","guid":{"rendered":"https:\/\/oropezaingenieros.com\/?page_id=93"},"modified":"2025-12-22T08:44:57","modified_gmt":"2025-12-22T14:44:57","slug":"bolsa-de-trabajo","status":"publish","type":"page","link":"https:\/\/oropeza-siteground.techdesk.com.mx\/index.php\/bolsa-de-trabajo\/","title":{"rendered":"Bolsa de Trabajo"},"content":{"rendered":"\t\t<div data-elementor-type=\"wp-page\" data-elementor-id=\"93\" class=\"elementor elementor-93\" data-elementor-post-type=\"page\">\n\t\t\t\t\t\t<section class=\"elementor-section elementor-top-section elementor-element elementor-element-525caa1 elementor-section-boxed elementor-section-height-default elementor-section-height-default\" data-id=\"525caa1\" data-element_type=\"section\" data-e-type=\"section\">\n\t\t\t\t\t\t<div class=\"elementor-container elementor-column-gap-default\">\n\t\t\t\t\t<div class=\"elementor-column elementor-col-100 elementor-top-column elementor-element elementor-element-97fefa8\" data-id=\"97fefa8\" data-element_type=\"column\" data-e-type=\"column\">\n\t\t\t<div class=\"elementor-widget-wrap elementor-element-populated\">\n\t\t\t\t\t\t<div class=\"elementor-element elementor-element-fa8566a elementor-widget elementor-widget-image\" data-id=\"fa8566a\" data-element_type=\"widget\" data-e-type=\"widget\" data-widget_type=\"image.default\">\n\t\t\t\t<div class=\"elementor-widget-container\">\n\t\t\t\t\t\t\t\t\t\t\t\t\t\t\t<img fetchpriority=\"high\" decoding=\"async\" width=\"2050\" height=\"780\" src=\"https:\/\/oropeza-siteground.techdesk.com.mx\/wp-content\/uploads\/2021\/04\/Copia-de-BANNERS-ABRIL-2021-5-1.png\" class=\"attachment-full size-full wp-image-3568\" alt=\"\" srcset=\"https:\/\/oropeza-siteground.techdesk.com.mx\/wp-content\/uploads\/2021\/04\/Copia-de-BANNERS-ABRIL-2021-5-1.png 2050w, https:\/\/oropeza-siteground.techdesk.com.mx\/wp-content\/uploads\/2021\/04\/Copia-de-BANNERS-ABRIL-2021-5-1-300x114.png 300w, https:\/\/oropeza-siteground.techdesk.com.mx\/wp-content\/uploads\/2021\/04\/Copia-de-BANNERS-ABRIL-2021-5-1-1024x390.png 1024w, https:\/\/oropeza-siteground.techdesk.com.mx\/wp-content\/uploads\/2021\/04\/Copia-de-BANNERS-ABRIL-2021-5-1-768x292.png 768w, https:\/\/oropeza-siteground.techdesk.com.mx\/wp-content\/uploads\/2021\/04\/Copia-de-BANNERS-ABRIL-2021-5-1-1536x584.png 1536w, https:\/\/oropeza-siteground.techdesk.com.mx\/wp-content\/uploads\/2021\/04\/Copia-de-BANNERS-ABRIL-2021-5-1-2048x779.png 2048w, https:\/\/oropeza-siteground.techdesk.com.mx\/wp-content\/uploads\/2021\/04\/Copia-de-BANNERS-ABRIL-2021-5-1-600x228.png 600w, https:\/\/oropeza-siteground.techdesk.com.mx\/wp-content\/uploads\/2021\/04\/Copia-de-BANNERS-ABRIL-2021-5-1-280x107.png 280w\" sizes=\"(max-width: 2050px) 100vw, 2050px\" \/>\t\t\t\t\t\t\t\t\t\t\t\t\t\t\t<\/div>\n\t\t\t\t<\/div>\n\t\t\t\t\t<\/div>\n\t\t<\/div>\n\t\t\t\t\t<\/div>\n\t\t<\/section>\n\t\t\t\t<section class=\"elementor-section elementor-top-section elementor-element elementor-element-47d1952 elementor-section-boxed elementor-section-height-default elementor-section-height-default\" data-id=\"47d1952\" data-element_type=\"section\" data-e-type=\"section\">\n\t\t\t\t\t\t<div class=\"elementor-container elementor-column-gap-default\">\n\t\t\t\t\t<div class=\"elementor-column elementor-col-100 elementor-top-column elementor-element elementor-element-625e000\" data-id=\"625e000\" data-element_type=\"column\" data-e-type=\"column\">\n\t\t\t<div class=\"elementor-widget-wrap elementor-element-populated\">\n\t\t\t\t\t\t<div class=\"elementor-element elementor-element-5ea8015 elementor-widget elementor-widget-text-editor\" data-id=\"5ea8015\" data-element_type=\"widget\" data-e-type=\"widget\" data-widget_type=\"text-editor.default\">\n\t\t\t\t<div class=\"elementor-widget-container\">\n\t\t\t\t\t\t\t\t\t<p>Presentamos nuestra Bolsa de trabajo de Grupo Oropeza, aqu\u00ed encontrar\u00e1s las vacantes de todas nuestras \u00e1reas en las l\u00edneas de negocio de nuestro Grupo.<\/p>\t\t\t\t\t\t\t\t<\/div>\n\t\t\t\t<\/div>\n\t\t\t\t\t<\/div>\n\t\t<\/div>\n\t\t\t\t\t<\/div>\n\t\t<\/section>\n\t\t\t\t<section class=\"elementor-section elementor-top-section elementor-element elementor-element-2bf22a3 elementor-section-boxed elementor-section-height-default elementor-section-height-default\" data-id=\"2bf22a3\" data-element_type=\"section\" data-e-type=\"section\">\n\t\t\t\t\t\t<div class=\"elementor-container elementor-column-gap-default\">\n\t\t\t\t\t<div class=\"elementor-column elementor-col-100 elementor-top-column elementor-element elementor-element-bc10cfc\" data-id=\"bc10cfc\" data-element_type=\"column\" data-e-type=\"column\">\n\t\t\t<div class=\"elementor-widget-wrap elementor-element-populated\">\n\t\t\t\t\t\t<div class=\"elementor-element elementor-element-0ada3a3 elementor-widget__width-initial elementor-widget elementor-widget-text-editor\" data-id=\"0ada3a3\" data-element_type=\"widget\" data-e-type=\"widget\" data-widget_type=\"text-editor.default\">\n\t\t\t\t<div class=\"elementor-widget-container\">\n\t\t\t\t\t\t\t\t\t<h3 style=\"text-align: left;\"><strong><em>\u00bfEst\u00e1s listo para dar un paso adelante en tu carrera?<\/em><\/strong> Tenemos una emocionante oportunidad laboral esper\u00e1ndote. Si cumples con todos los requisitos, \u00a1queremos conocerte! Env\u00eda tu CV al correo electr\u00f3nico indicado y recuerda que solo responderemos preguntas y recibiremos CVs por ese medio.<\/h3><h3 style=\"text-align: left;\"><strong><em>\u00a1Tu futuro te espera!<\/em><\/strong><\/h3>\t\t\t\t\t\t\t\t<\/div>\n\t\t\t\t<\/div>\n\t\t\t\t\t<\/div>\n\t\t<\/div>\n\t\t\t\t\t<\/div>\n\t\t<\/section>\n\t\t\t\t<section class=\"elementor-section elementor-top-section elementor-element elementor-element-ff1956e elementor-section-boxed elementor-section-height-default elementor-section-height-default\" data-id=\"ff1956e\" data-element_type=\"section\" data-e-type=\"section\">\n\t\t\t\t\t\t<div class=\"elementor-container elementor-column-gap-default\">\n\t\t\t\t\t<div class=\"elementor-column elementor-col-100 elementor-top-column elementor-element elementor-element-a89948d\" data-id=\"a89948d\" data-element_type=\"column\" data-e-type=\"column\">\n\t\t\t<div class=\"elementor-widget-wrap elementor-element-populated\">\n\t\t\t\t\t\t<div class=\"elementor-element elementor-element-b4a0d46 elementor-widget__width-initial elementor-widget elementor-widget-image\" data-id=\"b4a0d46\" data-element_type=\"widget\" data-e-type=\"widget\" data-widget_type=\"image.default\">\n\t\t\t\t<div class=\"elementor-widget-container\">\n\t\t\t\t\t\t\t\t\t\t\t\t\t\t\t\t<a href=\"https:\/\/mx.indeed.com\/cmp\/Oropeza-Ingenieros-S.a.-De-C.v\">\n\t\t\t\t\t\t\t<img decoding=\"async\" width=\"400\" height=\"210\" src=\"https:\/\/oropeza-siteground.techdesk.com.mx\/wp-content\/uploads\/2025\/12\/indeed-share-image-9581a8-e1766414149337.png\" class=\"attachment-large size-large wp-image-7281\" alt=\"\" \/>\t\t\t\t\t\t\t\t<\/a>\n\t\t\t\t\t\t\t\t\t\t\t\t\t\t\t<\/div>\n\t\t\t\t<\/div>\n\t\t\t\t<div class=\"elementor-element elementor-element-b69506e elementor-widget__width-initial elementor-widget elementor-widget-image\" data-id=\"b69506e\" data-element_type=\"widget\" data-e-type=\"widget\" data-widget_type=\"image.default\">\n\t\t\t\t<div class=\"elementor-widget-container\">\n\t\t\t\t\t\t\t\t\t\t\t\t\t\t\t\t<a href=\"https:\/\/mx.computrabajo.com\/empresas\/acerca-de-oropeza-ingenieros-sa-de-cv-80985771E407EE58\">\n\t\t\t\t\t\t\t<img decoding=\"async\" width=\"300\" height=\"158\" src=\"https:\/\/oropeza-siteground.techdesk.com.mx\/wp-content\/uploads\/2025\/12\/logoct-ogp-300x158.png\" class=\"attachment-medium size-medium wp-image-7286\" alt=\"\" srcset=\"https:\/\/oropeza-siteground.techdesk.com.mx\/wp-content\/uploads\/2025\/12\/logoct-ogp-300x158.png 300w, https:\/\/oropeza-siteground.techdesk.com.mx\/wp-content\/uploads\/2025\/12\/logoct-ogp-1024x538.png 1024w, https:\/\/oropeza-siteground.techdesk.com.mx\/wp-content\/uploads\/2025\/12\/logoct-ogp-768x403.png 768w, https:\/\/oropeza-siteground.techdesk.com.mx\/wp-content\/uploads\/2025\/12\/logoct-ogp-600x315.png 600w, https:\/\/oropeza-siteground.techdesk.com.mx\/wp-content\/uploads\/2025\/12\/logoct-ogp-280x147.png 280w, https:\/\/oropeza-siteground.techdesk.com.mx\/wp-content\/uploads\/2025\/12\/logoct-ogp-e1766414523630.png 400w\" sizes=\"(max-width: 300px) 100vw, 300px\" \/>\t\t\t\t\t\t\t\t<\/a>\n\t\t\t\t\t\t\t\t\t\t\t\t\t\t\t<\/div>\n\t\t\t\t<\/div>\n\t\t\t\t<div class=\"elementor-element elementor-element-d0e5410 elementor-widget__width-initial elementor-widget elementor-widget-text-editor\" data-id=\"d0e5410\" data-element_type=\"widget\" data-e-type=\"widget\" data-widget_type=\"text-editor.default\">\n\t\t\t\t<div class=\"elementor-widget-container\">\n\t\t\t\t\t\t\t\t\t<p>Para mas informaci\u00f3n comun\u00edquese a&#8230;<\/p><p><strong>Departamento de Recursos Humanos:<\/strong><\/p><p>rec_humanos@oropezaingenieros.com<\/p><p>aux_rh@<span style=\"font-family: Arial, sans-serif; font-size: 17px; font-style: normal; font-weight: 400;\">oropezaingenieros.com<\/span><\/p><p><a href=\"https:\/\/wa.me\/13330433912\">3330433912<\/a><\/p>\t\t\t\t\t\t\t\t<\/div>\n\t\t\t\t<\/div>\n\t\t\t\t\t<\/div>\n\t\t<\/div>\n\t\t\t\t\t<\/div>\n\t\t<\/section>\n\t\t\t\t<\/div>\n\t\t","protected":false},"excerpt":{"rendered":"<p>Presentamos nuestra Bolsa de trabajo de Grupo Oropeza, aqu\u00ed encontrar\u00e1s las vacantes de todas nuestras \u00e1reas en las l\u00edneas de negocio de nuestro Grupo. \u00bfEst\u00e1s listo para dar un paso adelante en tu carrera? Tenemos una emocionante oportunidad laboral esper\u00e1ndote. Si cumples con todos los requisitos, \u00a1queremos conocerte! Env\u00eda tu CV al correo electr\u00f3nico indicado&#8230;<\/p>\n<p class=\"more-link\"><a href=\"https:\/\/oropeza-siteground.techdesk.com.mx\/index.php\/bolsa-de-trabajo\/\"><span>Read More<\/span><i>&#43;<\/i><\/a><\/p>\n","protected":false},"author":1,"featured_media":0,"parent":0,"menu_order":0,"comment_status":"closed","ping_status":"closed","template":"","meta":{"footnotes":""},"class_list":["post-93","page","type-page","status-publish","hentry"],"yoast_head":"<!-- This site is optimized with the Yoast SEO plugin v27.6 - https:\/\/yoast.com\/product\/yoast-seo-wordpress\/ -->\n<title>Bolsa de Trabajo - Oropeza Ingenieros<\/title>\n<meta name=\"description\" content=\"\u00bfEst\u00e1s listo para dar un paso adelante en tu carrera? Tenemos una emocionante oportunidad laboral esper\u00e1ndote. \u00a1Queremos conocerte!\" \/>\n<meta name=\"robots\" content=\"index, follow, max-snippet:-1, max-image-preview:large, max-video-preview:-1\" \/>\n<link rel=\"canonical\" href=\"https:\/\/oropeza-siteground.techdesk.com.mx\/index.php\/bolsa-de-trabajo\/\" \/>\n<meta property=\"og:locale\" content=\"es_MX\" \/>\n<meta property=\"og:type\" content=\"article\" \/>\n<meta property=\"og:title\" content=\"Bolsa de Trabajo - Oropeza Ingenieros\" \/>\n<meta property=\"og:description\" content=\"\u00bfEst\u00e1s listo para dar un paso adelante en tu carrera? Tenemos una emocionante oportunidad laboral esper\u00e1ndote. \u00a1Queremos conocerte!\" \/>\n<meta property=\"og:url\" content=\"https:\/\/oropeza-siteground.techdesk.com.mx\/index.php\/bolsa-de-trabajo\/\" \/>\n<meta property=\"og:site_name\" content=\"Oropeza Ingenieros\" \/>\n<meta property=\"article:modified_time\" content=\"2025-12-22T14:44:57+00:00\" \/>\n<meta property=\"og:image\" content=\"http:\/\/oropezaingenieros.com\/wp-content\/uploads\/2021\/04\/Copia-de-BANNERS-ABRIL-2021-5-1.png\" \/>\n<meta name=\"twitter:card\" content=\"summary_large_image\" \/>\n<meta name=\"twitter:label1\" content=\"Tiempo de lectura\" \/>\n\t<meta name=\"twitter:data1\" content=\"1 minuto\" \/>\n<script type=\"application\/ld+json\" class=\"yoast-schema-graph\">{\"@context\":\"https:\\\/\\\/schema.org\",\"@graph\":[{\"@type\":\"WebPage\",\"@id\":\"https:\\\/\\\/oropeza-siteground.techdesk.com.mx\\\/index.php\\\/bolsa-de-trabajo\\\/\",\"url\":\"https:\\\/\\\/oropeza-siteground.techdesk.com.mx\\\/index.php\\\/bolsa-de-trabajo\\\/\",\"name\":\"Bolsa de Trabajo - Oropeza Ingenieros\",\"isPartOf\":{\"@id\":\"https:\\\/\\\/oropeza-siteground.techdesk.com.mx\\\/#website\"},\"primaryImageOfPage\":{\"@id\":\"https:\\\/\\\/oropeza-siteground.techdesk.com.mx\\\/index.php\\\/bolsa-de-trabajo\\\/#primaryimage\"},\"image\":{\"@id\":\"https:\\\/\\\/oropeza-siteground.techdesk.com.mx\\\/index.php\\\/bolsa-de-trabajo\\\/#primaryimage\"},\"thumbnailUrl\":\"http:\\\/\\\/oropezaingenieros.com\\\/wp-content\\\/uploads\\\/2021\\\/04\\\/Copia-de-BANNERS-ABRIL-2021-5-1.png\",\"datePublished\":\"2020-03-24T05:25:06+00:00\",\"dateModified\":\"2025-12-22T14:44:57+00:00\",\"description\":\"\u00bfEst\u00e1s listo para dar un paso adelante en tu carrera? Tenemos una emocionante oportunidad laboral esper\u00e1ndote. \u00a1Queremos conocerte!\",\"breadcrumb\":{\"@id\":\"https:\\\/\\\/oropeza-siteground.techdesk.com.mx\\\/index.php\\\/bolsa-de-trabajo\\\/#breadcrumb\"},\"inLanguage\":\"es\",\"potentialAction\":[{\"@type\":\"ReadAction\",\"target\":[\"https:\\\/\\\/oropeza-siteground.techdesk.com.mx\\\/index.php\\\/bolsa-de-trabajo\\\/\"]}]},{\"@type\":\"ImageObject\",\"inLanguage\":\"es\",\"@id\":\"https:\\\/\\\/oropeza-siteground.techdesk.com.mx\\\/index.php\\\/bolsa-de-trabajo\\\/#primaryimage\",\"url\":\"http:\\\/\\\/oropezaingenieros.com\\\/wp-content\\\/uploads\\\/2021\\\/04\\\/Copia-de-BANNERS-ABRIL-2021-5-1.png\",\"contentUrl\":\"http:\\\/\\\/oropezaingenieros.com\\\/wp-content\\\/uploads\\\/2021\\\/04\\\/Copia-de-BANNERS-ABRIL-2021-5-1.png\"},{\"@type\":\"BreadcrumbList\",\"@id\":\"https:\\\/\\\/oropeza-siteground.techdesk.com.mx\\\/index.php\\\/bolsa-de-trabajo\\\/#breadcrumb\",\"itemListElement\":[{\"@type\":\"ListItem\",\"position\":1,\"name\":\"Inicio\",\"item\":\"https:\\\/\\\/oropeza-siteground.techdesk.com.mx\\\/\"},{\"@type\":\"ListItem\",\"position\":2,\"name\":\"Bolsa de Trabajo\"}]},{\"@type\":\"WebSite\",\"@id\":\"https:\\\/\\\/oropeza-siteground.techdesk.com.mx\\\/#website\",\"url\":\"https:\\\/\\\/oropeza-siteground.techdesk.com.mx\\\/\",\"name\":\"Oropeza Ingenieros\",\"description\":\"\",\"publisher\":{\"@id\":\"https:\\\/\\\/oropeza-siteground.techdesk.com.mx\\\/#organization\"},\"potentialAction\":[{\"@type\":\"SearchAction\",\"target\":{\"@type\":\"EntryPoint\",\"urlTemplate\":\"https:\\\/\\\/oropeza-siteground.techdesk.com.mx\\\/?s={search_term_string}\"},\"query-input\":{\"@type\":\"PropertyValueSpecification\",\"valueRequired\":true,\"valueName\":\"search_term_string\"}}],\"inLanguage\":\"es\"},{\"@type\":\"Organization\",\"@id\":\"https:\\\/\\\/oropeza-siteground.techdesk.com.mx\\\/#organization\",\"name\":\"Oropeza Ingenieros\",\"url\":\"https:\\\/\\\/oropeza-siteground.techdesk.com.mx\\\/\",\"logo\":{\"@type\":\"ImageObject\",\"inLanguage\":\"es\",\"@id\":\"https:\\\/\\\/oropeza-siteground.techdesk.com.mx\\\/#\\\/schema\\\/logo\\\/image\\\/\",\"url\":\"https:\\\/\\\/oropeza-siteground.techdesk.com.mx\\\/wp-content\\\/uploads\\\/2020\\\/08\\\/cropped-LOGO-OISA-GRANDE.png\",\"contentUrl\":\"https:\\\/\\\/oropeza-siteground.techdesk.com.mx\\\/wp-content\\\/uploads\\\/2020\\\/08\\\/cropped-LOGO-OISA-GRANDE.png\",\"width\":6937,\"height\":1198,\"caption\":\"Oropeza Ingenieros\"},\"image\":{\"@id\":\"https:\\\/\\\/oropeza-siteground.techdesk.com.mx\\\/#\\\/schema\\\/logo\\\/image\\\/\"}}]}<\/script>\n<!-- \/ Yoast SEO plugin. -->","yoast_head_json":{"title":"Bolsa de Trabajo - Oropeza Ingenieros","description":"\u00bfEst\u00e1s listo para dar un paso adelante en tu carrera? Tenemos una emocionante oportunidad laboral esper\u00e1ndote. \u00a1Queremos conocerte!","robots":{"index":"index","follow":"follow","max-snippet":"max-snippet:-1","max-image-preview":"max-image-preview:large","max-video-preview":"max-video-preview:-1"},"canonical":"https:\/\/oropeza-siteground.techdesk.com.mx\/index.php\/bolsa-de-trabajo\/","og_locale":"es_MX","og_type":"article","og_title":"Bolsa de Trabajo - Oropeza Ingenieros","og_description":"\u00bfEst\u00e1s listo para dar un paso adelante en tu carrera? Tenemos una emocionante oportunidad laboral esper\u00e1ndote. \u00a1Queremos conocerte!","og_url":"https:\/\/oropeza-siteground.techdesk.com.mx\/index.php\/bolsa-de-trabajo\/","og_site_name":"Oropeza Ingenieros","article_modified_time":"2025-12-22T14:44:57+00:00","og_image":[{"url":"http:\/\/oropezaingenieros.com\/wp-content\/uploads\/2021\/04\/Copia-de-BANNERS-ABRIL-2021-5-1.png","type":"","width":"","height":""}],"twitter_card":"summary_large_image","twitter_misc":{"Tiempo de lectura":"1 minuto"},"schema":{"@context":"https:\/\/schema.org","@graph":[{"@type":"WebPage","@id":"https:\/\/oropeza-siteground.techdesk.com.mx\/index.php\/bolsa-de-trabajo\/","url":"https:\/\/oropeza-siteground.techdesk.com.mx\/index.php\/bolsa-de-trabajo\/","name":"Bolsa de Trabajo - Oropeza Ingenieros","isPartOf":{"@id":"https:\/\/oropeza-siteground.techdesk.com.mx\/#website"},"primaryImageOfPage":{"@id":"https:\/\/oropeza-siteground.techdesk.com.mx\/index.php\/bolsa-de-trabajo\/#primaryimage"},"image":{"@id":"https:\/\/oropeza-siteground.techdesk.com.mx\/index.php\/bolsa-de-trabajo\/#primaryimage"},"thumbnailUrl":"http:\/\/oropezaingenieros.com\/wp-content\/uploads\/2021\/04\/Copia-de-BANNERS-ABRIL-2021-5-1.png","datePublished":"2020-03-24T05:25:06+00:00","dateModified":"2025-12-22T14:44:57+00:00","description":"\u00bfEst\u00e1s listo para dar un paso adelante en tu carrera? Tenemos una emocionante oportunidad laboral esper\u00e1ndote. \u00a1Queremos conocerte!","breadcrumb":{"@id":"https:\/\/oropeza-siteground.techdesk.com.mx\/index.php\/bolsa-de-trabajo\/#breadcrumb"},"inLanguage":"es","potentialAction":[{"@type":"ReadAction","target":["https:\/\/oropeza-siteground.techdesk.com.mx\/index.php\/bolsa-de-trabajo\/"]}]},{"@type":"ImageObject","inLanguage":"es","@id":"https:\/\/oropeza-siteground.techdesk.com.mx\/index.php\/bolsa-de-trabajo\/#primaryimage","url":"http:\/\/oropezaingenieros.com\/wp-content\/uploads\/2021\/04\/Copia-de-BANNERS-ABRIL-2021-5-1.png","contentUrl":"http:\/\/oropezaingenieros.com\/wp-content\/uploads\/2021\/04\/Copia-de-BANNERS-ABRIL-2021-5-1.png"},{"@type":"BreadcrumbList","@id":"https:\/\/oropeza-siteground.techdesk.com.mx\/index.php\/bolsa-de-trabajo\/#breadcrumb","itemListElement":[{"@type":"ListItem","position":1,"name":"Inicio","item":"https:\/\/oropeza-siteground.techdesk.com.mx\/"},{"@type":"ListItem","position":2,"name":"Bolsa de Trabajo"}]},{"@type":"WebSite","@id":"https:\/\/oropeza-siteground.techdesk.com.mx\/#website","url":"https:\/\/oropeza-siteground.techdesk.com.mx\/","name":"Oropeza Ingenieros","description":"","publisher":{"@id":"https:\/\/oropeza-siteground.techdesk.com.mx\/#organization"},"potentialAction":[{"@type":"SearchAction","target":{"@type":"EntryPoint","urlTemplate":"https:\/\/oropeza-siteground.techdesk.com.mx\/?s={search_term_string}"},"query-input":{"@type":"PropertyValueSpecification","valueRequired":true,"valueName":"search_term_string"}}],"inLanguage":"es"},{"@type":"Organization","@id":"https:\/\/oropeza-siteground.techdesk.com.mx\/#organization","name":"Oropeza Ingenieros","url":"https:\/\/oropeza-siteground.techdesk.com.mx\/","logo":{"@type":"ImageObject","inLanguage":"es","@id":"https:\/\/oropeza-siteground.techdesk.com.mx\/#\/schema\/logo\/image\/","url":"https:\/\/oropeza-siteground.techdesk.com.mx\/wp-content\/uploads\/2020\/08\/cropped-LOGO-OISA-GRANDE.png","contentUrl":"https:\/\/oropeza-siteground.techdesk.com.mx\/wp-content\/uploads\/2020\/08\/cropped-LOGO-OISA-GRANDE.png","width":6937,"height":1198,"caption":"Oropeza Ingenieros"},"image":{"@id":"https:\/\/oropeza-siteground.techdesk.com.mx\/#\/schema\/logo\/image\/"}}]}},"_links":{"self":[{"href":"https:\/\/oropeza-siteground.techdesk.com.mx\/index.php\/wp-json\/wp\/v2\/pages\/93","targetHints":{"allow":["GET"]}}],"collection":[{"href":"https:\/\/oropeza-siteground.techdesk.com.mx\/index.php\/wp-json\/wp\/v2\/pages"}],"about":[{"href":"https:\/\/oropeza-siteground.techdesk.com.mx\/index.php\/wp-json\/wp\/v2\/types\/page"}],"author":[{"embeddable":true,"href":"https:\/\/oropeza-siteground.techdesk.com.mx\/index.php\/wp-json\/wp\/v2\/users\/1"}],"replies":[{"embeddable":true,"href":"https:\/\/oropeza-siteground.techdesk.com.mx\/index.php\/wp-json\/wp\/v2\/comments?post=93"}],"version-history":[{"count":60,"href":"https:\/\/oropeza-siteground.techdesk.com.mx\/index.php\/wp-json\/wp\/v2\/pages\/93\/revisions"}],"predecessor-version":[{"id":7293,"href":"https:\/\/oropeza-siteground.techdesk.com.mx\/index.php\/wp-json\/wp\/v2\/pages\/93\/revisions\/7293"}],"wp:attachment":[{"href":"https:\/\/oropeza-siteground.techdesk.com.mx\/index.php\/wp-json\/wp\/v2\/media?parent=93"}],"curies":[{"name":"wp","href":"https:\/\/api.w.org\/{rel}","templated":true}]}}