{"id":9,"date":"2020-02-21T19:33:12","date_gmt":"2020-02-22T01:33:12","guid":{"rendered":"https:\/\/oropezaingenieros.com\/?page_id=9"},"modified":"2025-08-14T17:47:30","modified_gmt":"2025-08-14T23:47:30","slug":"oropeza-ingenieros","status":"publish","type":"page","link":"https:\/\/oropeza-siteground.techdesk.com.mx\/","title":{"rendered":"Inicio"},"content":{"rendered":"\t\t<div data-elementor-type=\"wp-post\" data-elementor-id=\"9\" class=\"elementor elementor-9\" data-elementor-post-type=\"page\">\n\t\t\t\t\t\t<section class=\"elementor-section elementor-top-section elementor-element elementor-element-b8d6494 elementor-section-boxed elementor-section-height-default elementor-section-height-default elementor-invisible\" data-id=\"b8d6494\" data-element_type=\"section\" data-e-type=\"section\" data-settings=\"{&quot;animation&quot;:&quot;fadeIn&quot;}\">\n\t\t\t\t\t\t<div class=\"elementor-container elementor-column-gap-default\">\n\t\t\t\t\t<div class=\"elementor-column elementor-col-100 elementor-top-column elementor-element elementor-element-dc9a4b0\" data-id=\"dc9a4b0\" data-element_type=\"column\" data-e-type=\"column\">\n\t\t\t<div class=\"elementor-widget-wrap elementor-element-populated\">\n\t\t\t\t\t\t<section class=\"elementor-section elementor-inner-section elementor-element elementor-element-389dd4a elementor-section-boxed elementor-section-height-default elementor-section-height-default\" data-id=\"389dd4a\" data-element_type=\"section\" data-e-type=\"section\">\n\t\t\t\t\t\t<div class=\"elementor-container elementor-column-gap-default\">\n\t\t\t\t\t<div class=\"elementor-column elementor-col-50 elementor-inner-column elementor-element elementor-element-125de17\" data-id=\"125de17\" data-element_type=\"column\" data-e-type=\"column\">\n\t\t\t<div class=\"elementor-widget-wrap elementor-element-populated\">\n\t\t\t\t\t\t<div class=\"elementor-element elementor-element-261c787 elementor-widget elementor-widget-image\" data-id=\"261c787\" data-element_type=\"widget\" data-e-type=\"widget\" data-widget_type=\"image.default\">\n\t\t\t\t<div class=\"elementor-widget-container\">\n\t\t\t\t\t\t\t\t\t\t\t\t<figure class=\"wp-caption\">\n\t\t\t\t\t\t\t\t\t\t<img decoding=\"async\" src=\"https:\/\/oropeza-ene2026.techdesk.com.mx\/wp-content\/uploads\/2022\/04\/X_SUBSTATION_shutterstock_112665702.jpg\" title=\"Subestacion, oropeza ingenieros\" alt=\"Subestacion, oropeza ingenieros\" loading=\"lazy\" \/>\t\t\t\t\t\t\t\t\t\t\t<figcaption class=\"widget-image-caption wp-caption-text\"><\/figcaption>\n\t\t\t\t\t\t\t\t\t\t<\/figure>\n\t\t\t\t\t\t\t\t\t<\/div>\n\t\t\t\t<\/div>\n\t\t\t\t\t<\/div>\n\t\t<\/div>\n\t\t\t\t<div class=\"elementor-column elementor-col-50 elementor-inner-column elementor-element elementor-element-0ac3cc4\" data-id=\"0ac3cc4\" data-element_type=\"column\" data-e-type=\"column\">\n\t\t\t<div class=\"elementor-widget-wrap elementor-element-populated\">\n\t\t\t\t\t\t<div class=\"elementor-element elementor-element-a85ad34 elementor-widget elementor-widget-text-editor\" data-id=\"a85ad34\" data-element_type=\"widget\" data-e-type=\"widget\" data-widget_type=\"text-editor.default\">\n\t\t\t\t<div class=\"elementor-widget-container\">\n\t\t\t\t\t\t\t\t\t<p><strong>OROPEZA INGENIEROS <\/strong>&nbsp;es una empresa mexicana con m\u00e1s de 35 a\u00f1os en el mercado y con una amplia experiencia en la soluci\u00f3n de problemas de ingenier\u00eda, medici\u00f3n y pruebas el\u00e9ctricas, con el fin de hacer m\u00e1s eficientes y productivos sus procesos.<\/p>\n<p>El crecimiento de la compa\u00f1\u00eda ha sido constante, ya que las tendencias actuales dentro del pa\u00eds, los cambios en el mercado el\u00e9ctrico nacional, y el cambiante mercado de la ingenier\u00eda el\u00e9ctrica, requiere compa\u00f1\u00edas altamente competitivas, por lo que el personal tiene una alta formaci\u00f3n en ingenier\u00eda y se mantiene actualizado, mediante capacitaci\u00f3n constante para dar soluci\u00f3n a problemas de medici\u00f3n y pruebas el\u00e9ctricas m\u00e1s complejos.<\/p>\n<p><strong>OROPEZA INGENIEROS <\/strong>&nbsp;centra sus esfuerzos en cinco industrias principales;<em><strong> la generaci\u00f3n, transmisi\u00f3n y distribuci\u00f3n de energ\u00eda el\u00e9ctrica, el petr\u00f3leo y la iniciativa privada.&nbsp;<\/strong><\/em><\/p>\n<h3><strong><span style=\"vertical-align: inherit;\"><span style=\"vertical-align: inherit;\"><span style=\"vertical-align: inherit;\"><span style=\"vertical-align: inherit;\"><span style=\"vertical-align: inherit;\"><span style=\"vertical-align: inherit;\">LINEAS DE NEGOCIO:<\/span><\/span><\/span><\/span><\/span><\/span><\/strong><\/h3>\n<ul>\n<li>\n<p><span style=\"color: #000000;\"><a style=\"color: #000000;\" href=\"http:\/\/oropezaingenieros.com\/index.php\/comercializacion-de-equipo\/\"><span style=\"vertical-align: inherit;\"><span style=\"vertical-align: inherit;\"><span style=\"vertical-align: inherit;\"><span style=\"vertical-align: inherit;\"><span style=\"vertical-align: inherit;\"><span style=\"vertical-align: inherit;\">Comercializaci\u00f3n de Equipo<\/span><\/span><\/span><\/span><\/span><\/span><\/a><\/span><\/p><\/li>\n<li>\n<p><span style=\"color: #000000;\"><a style=\"color: #000000;\" href=\"http:\/\/oropezaingenieros.com\/index.php\/servicios-de-reparacion\/\"><span style=\"vertical-align: inherit;\"><span style=\"vertical-align: inherit;\"><span style=\"vertical-align: inherit;\"><span style=\"vertical-align: inherit;\"><span style=\"vertical-align: inherit;\"><span style=\"vertical-align: inherit;\">Reparaci\u00f3n de Equipo<\/span><\/span><\/span><\/span><\/span><\/span><\/a><\/span><\/p>\n<\/li>\n<li>\n<p><a href=\"http:\/\/oropezaingenieros.com\/index.php\/capacitacion-en-ingenieria\/\"><span style=\"vertical-align: inherit; color: #000000;\"><span style=\"vertical-align: inherit;\"><span style=\"vertical-align: inherit;\"><span style=\"vertical-align: inherit;\"><span style=\"vertical-align: inherit;\"><span style=\"vertical-align: inherit;\">Capacitaci\u00f3n en Ingenier\u00eda<\/span><\/span><\/span><\/span><\/span><\/span><\/a><\/p>\n<\/li>\n<li>\n<p><span style=\"color: #000000;\"><a style=\"color: #000000;\" href=\"http:\/\/oropezaingenieros.com\/index.php\/uvie-unidad-de-verificacion-de-instalaciones-electricas\/\" target=\"_blank\" rel=\"noopener\">UVIE (Unidad de Verificaci\u00f3n de Instalaciones El\u00e9ctricas)<\/a><\/span><\/p>\n<\/li>\n<\/ul>\t\t\t\t\t\t\t\t<\/div>\n\t\t\t\t<\/div>\n\t\t\t\t\t<\/div>\n\t\t<\/div>\n\t\t\t\t\t<\/div>\n\t\t<\/section>\n\t\t\t\t\t<\/div>\n\t\t<\/div>\n\t\t\t\t\t<\/div>\n\t\t<\/section>\n\t\t\t\t<section class=\"elementor-section elementor-top-section elementor-element elementor-element-a58c71c elementor-section-boxed elementor-section-height-default elementor-section-height-default elementor-invisible\" data-id=\"a58c71c\" data-element_type=\"section\" data-e-type=\"section\" data-settings=\"{&quot;animation&quot;:&quot;fadeIn&quot;}\">\n\t\t\t\t\t\t<div class=\"elementor-container elementor-column-gap-default\">\n\t\t\t\t\t<div class=\"elementor-column elementor-col-100 elementor-top-column elementor-element elementor-element-9f15a2c\" data-id=\"9f15a2c\" data-element_type=\"column\" data-e-type=\"column\">\n\t\t\t<div class=\"elementor-widget-wrap elementor-element-populated\">\n\t\t\t\t\t\t<div class=\"elementor-element elementor-element-c03805e elementor-invisible elementor-widget elementor-widget-heading\" data-id=\"c03805e\" data-element_type=\"widget\" data-e-type=\"widget\" data-settings=\"{&quot;_animation&quot;:&quot;fadeInDown&quot;}\" data-widget_type=\"heading.default\">\n\t\t\t\t<div class=\"elementor-widget-container\">\n\t\t\t\t\t<h2 class=\"elementor-heading-title elementor-size-default\">Somos representantes exclusivos de las siguientes marcas:<\/h2>\t\t\t\t<\/div>\n\t\t\t\t<\/div>\n\t\t\t\t<div class=\"elementor-element elementor-element-e0e6efb elementor-widget__width-inherit animated-slow elementor-arrows-position-inside elementor-pagination-position-outside elementor-invisible elementor-widget elementor-widget-image-carousel\" data-id=\"e0e6efb\" data-element_type=\"widget\" data-e-type=\"widget\" data-settings=\"{&quot;slides_to_show&quot;:&quot;1&quot;,&quot;_animation&quot;:&quot;bounceInRight&quot;,&quot;autoplay_speed&quot;:4000,&quot;speed&quot;:400,&quot;navigation&quot;:&quot;both&quot;,&quot;autoplay&quot;:&quot;yes&quot;,&quot;pause_on_hover&quot;:&quot;yes&quot;,&quot;pause_on_interaction&quot;:&quot;yes&quot;,&quot;infinite&quot;:&quot;yes&quot;,&quot;effect&quot;:&quot;slide&quot;}\" data-widget_type=\"image-carousel.default\">\n\t\t\t\t<div class=\"elementor-widget-container\">\n\t\t\t\t\t\t\t<div class=\"elementor-image-carousel-wrapper swiper\" role=\"region\" aria-roledescription=\"carousel\" aria-label=\"Carrusel de Im\u00e1genes\" dir=\"ltr\">\n\t\t\t<div class=\"elementor-image-carousel swiper-wrapper\" aria-live=\"off\">\n\t\t\t\t\t\t\t\t<div class=\"swiper-slide\" role=\"group\" aria-roledescription=\"slide\" aria-label=\"1 de 2\"><a data-elementor-open-lightbox=\"yes\" data-elementor-lightbox-slideshow=\"e0e6efb\" data-e-action-hash=\"#elementor-action%3Aaction%3Dlightbox%26settings%3DeyJpZCI6NTkzOSwidXJsIjoiaHR0cHM6XC9cL29yb3BlemEtZW5lMjAyNi50ZWNoZGVzay5jb20ubXhcL3dwLWNvbnRlbnRcL3VwbG9hZHNcLzIwMjNcLzA3XC9wcm92ZWVkb3Jlcy0xLmpwZyIsInNsaWRlc2hvdyI6ImUwZTZlZmIifQ%3D%3D\" href=\"http:\/\/oropezaingenieros.com\/index.php\/por-marca\/\"><figure class=\"swiper-slide-inner\"><img decoding=\"async\" class=\"swiper-slide-image\" src=\"https:\/\/oropeza-ene2026.techdesk.com.mx\/wp-content\/uploads\/2023\/07\/proveedores-1-1024x142.jpg\" alt=\"proveedores_1\" \/><\/figure><\/a><\/div><div class=\"swiper-slide\" role=\"group\" aria-roledescription=\"slide\" aria-label=\"2 de 2\"><a data-elementor-open-lightbox=\"yes\" data-elementor-lightbox-slideshow=\"e0e6efb\" data-e-action-hash=\"#elementor-action%3Aaction%3Dlightbox%26settings%3DeyJpZCI6NTkzOCwidXJsIjoiaHR0cHM6XC9cL29yb3BlemEtZW5lMjAyNi50ZWNoZGVzay5jb20ubXhcL3dwLWNvbnRlbnRcL3VwbG9hZHNcLzIwMjNcLzA3XC9wcm92ZWVkb3Jlcy0yLmpwZyIsInNsaWRlc2hvdyI6ImUwZTZlZmIifQ%3D%3D\" href=\"http:\/\/oropezaingenieros.com\/index.php\/por-marca\/\"><figure class=\"swiper-slide-inner\"><img decoding=\"async\" class=\"swiper-slide-image\" src=\"https:\/\/oropeza-ene2026.techdesk.com.mx\/wp-content\/uploads\/2023\/07\/proveedores-2-1024x142.jpg\" alt=\"proveedores_2\" \/><\/figure><\/a><\/div>\t\t\t<\/div>\n\t\t\t\t\t\t\t\t\t\t\t\t<div class=\"elementor-swiper-button elementor-swiper-button-prev\" role=\"button\" tabindex=\"0\">\n\t\t\t\t\t\t<i aria-hidden=\"true\" class=\"eicon-chevron-left\"><\/i>\t\t\t\t\t<\/div>\n\t\t\t\t\t<div class=\"elementor-swiper-button elementor-swiper-button-next\" role=\"button\" tabindex=\"0\">\n\t\t\t\t\t\t<i aria-hidden=\"true\" class=\"eicon-chevron-right\"><\/i>\t\t\t\t\t<\/div>\n\t\t\t\t\n\t\t\t\t\t\t\t\t\t<div class=\"swiper-pagination\"><\/div>\n\t\t\t\t\t\t\t\t\t<\/div>\n\t\t\t\t\t\t<\/div>\n\t\t\t\t<\/div>\n\t\t\t\t\t<\/div>\n\t\t<\/div>\n\t\t\t\t\t<\/div>\n\t\t<\/section>\n\t\t\t\t<section class=\"elementor-section elementor-top-section elementor-element elementor-element-6fb03f6 elementor-section-boxed elementor-section-height-default elementor-section-height-default\" data-id=\"6fb03f6\" data-element_type=\"section\" data-e-type=\"section\">\n\t\t\t\t\t\t<div class=\"elementor-container elementor-column-gap-default\">\n\t\t\t\t\t<div class=\"elementor-column elementor-col-100 elementor-top-column elementor-element elementor-element-273cc8e\" data-id=\"273cc8e\" data-element_type=\"column\" data-e-type=\"column\">\n\t\t\t<div class=\"elementor-widget-wrap elementor-element-populated\">\n\t\t\t\t\t\t<div class=\"elementor-element elementor-element-4c6da0a elementor-widget elementor-widget-text-editor\" data-id=\"4c6da0a\" data-element_type=\"widget\" data-e-type=\"widget\" data-widget_type=\"text-editor.default\">\n\t\t\t\t<div class=\"elementor-widget-container\">\n\t\t\t\t\t\t\t\t\t<p><strong><a href=\"http:\/\/oropezaingenieros.com\/index.php\/megger\/\">Megger<\/a> &#8211;\u00a0<\/strong><strong style=\"font-family: Arial, sans-serif; font-size: 17px; font-style: normal; color: var( --e-global-color-text );\"><a href=\"http:\/\/oropezaingenieros.com\/index.php\/guide-infrared\/\">Guide Sensmart<\/a> &#8211;\u00a0<\/strong><strong style=\"font-family: Arial, sans-serif; font-size: 17px; font-style: normal; color: var( --e-global-color-text );\"><a href=\"http:\/\/oropezaingenieros.com\/index.php\/sensotec-2\/\">Sensotec<\/a> &#8211;\u00a0<\/strong><strong><a href=\"http:\/\/oropezaingenieros.com\/index.php\/power-diagnostix\/\" target=\"_blank\" rel=\"noopener\">PD by\u00a0Megger<\/a><\/strong><strong style=\"font-size: 17px; color: var( --e-global-color-text );\">\u00a0&#8211;<\/strong><strong>\u00a0<a href=\"http:\/\/oropezaingenieros.com\/index.php\/elementor-2602\/\" target=\"_blank\" rel=\"noopener\">Megger Baker Instruments<\/a>\u00a0<\/strong><strong style=\"font-size: 17px; color: var( --e-global-color-text );\">&#8211; <a href=\"http:\/\/oropezaingenieros.com\/index.php\/alpha-moisture-systems\/\">Alphamoisture<\/a> &#8211; <a href=\"http:\/\/oropezaingenieros.com\/index.php\/regenesys-2\/\">REDRAGON<\/a>\u00a0&#8211; <a href=\"http:\/\/oropezaingenieros.com\/index.php\/energy-support\/\">Energy Support<\/a><\/strong><\/p>\t\t\t\t\t\t\t\t<\/div>\n\t\t\t\t<\/div>\n\t\t\t\t<div class=\"elementor-element elementor-element-f08ba37 elementor-widget elementor-widget-text-editor\" data-id=\"f08ba37\" data-element_type=\"widget\" data-e-type=\"widget\" data-widget_type=\"text-editor.default\">\n\t\t\t\t<div class=\"elementor-widget-container\">\n\t\t\t\t\t\t\t\t\t<p style=\"position: absolute; top: -9999px;\"><a href=\"https:\/\/fruitcocktail.cl\/\">Fruit Cocktail slot<\/a><\/p>\t\t\t\t\t\t\t\t<\/div>\n\t\t\t\t<\/div>\n\t\t\t\t\t<\/div>\n\t\t<\/div>\n\t\t\t\t\t<\/div>\n\t\t<\/section>\n\t\t\t\t<\/div>\n\t\t","protected":false},"excerpt":{"rendered":"<p>OROPEZA INGENIEROS &nbsp;es una empresa mexicana con m\u00e1s de 35 a\u00f1os en el mercado y con una amplia experiencia en la soluci\u00f3n de problemas de ingenier\u00eda, medici\u00f3n y pruebas el\u00e9ctricas, con el fin de hacer m\u00e1s eficientes y productivos sus procesos. El crecimiento de la compa\u00f1\u00eda ha sido constante, ya que las tendencias actuales dentro&#8230;<\/p>\n<p class=\"more-link\"><a href=\"https:\/\/oropeza-siteground.techdesk.com.mx\/\"><span>Read More<\/span><i>&#43;<\/i><\/a><\/p>\n","protected":false},"author":1,"featured_media":0,"parent":0,"menu_order":0,"comment_status":"closed","ping_status":"closed","template":"","meta":{"footnotes":""},"class_list":["post-9","page","type-page","status-publish","hentry"],"yoast_head":"<!-- This site is optimized with the Yoast SEO plugin v27.6 - https:\/\/yoast.com\/product\/yoast-seo-wordpress\/ -->\n<title>Inicio - Oropeza Ingenieros<\/title>\n<meta name=\"description\" content=\"Oropeza Ingenieros, Expertos en ingenier\u00eda el\u00e9ctrica. Representantes oficiales de Megger, Sensotec, Guide Sensmart, Alphamoisture, etc.\" \/>\n<meta name=\"robots\" content=\"index, follow, max-snippet:-1, max-image-preview:large, max-video-preview:-1\" \/>\n<link rel=\"canonical\" href=\"https:\/\/oropeza-siteground.techdesk.com.mx\/\" \/>\n<meta property=\"og:locale\" content=\"es_MX\" \/>\n<meta property=\"og:type\" content=\"article\" \/>\n<meta property=\"og:title\" content=\"Inicio - Oropeza Ingenieros\" \/>\n<meta property=\"og:description\" content=\"Oropeza Ingenieros, Expertos en ingenier\u00eda el\u00e9ctrica. Representantes oficiales de Megger, Sensotec, Guide Sensmart, Alphamoisture, etc.\" \/>\n<meta property=\"og:url\" content=\"https:\/\/oropeza-siteground.techdesk.com.mx\/\" \/>\n<meta property=\"og:site_name\" content=\"Oropeza Ingenieros\" \/>\n<meta property=\"article:modified_time\" content=\"2025-08-14T23:47:30+00:00\" \/>\n<meta property=\"og:image\" content=\"http:\/\/oropezaingenieros.com\/wp-content\/uploads\/2022\/04\/X_SUBSTATION_shutterstock_112665702.jpg\" \/>\n<meta name=\"twitter:card\" content=\"summary_large_image\" \/>\n<meta name=\"twitter:label1\" content=\"Tiempo de lectura\" \/>\n\t<meta name=\"twitter:data1\" content=\"2 minutos\" \/>\n<script type=\"application\/ld+json\" class=\"yoast-schema-graph\">{\"@context\":\"https:\\\/\\\/schema.org\",\"@graph\":[{\"@type\":\"WebPage\",\"@id\":\"https:\\\/\\\/oropeza-siteground.techdesk.com.mx\\\/\",\"url\":\"https:\\\/\\\/oropeza-siteground.techdesk.com.mx\\\/\",\"name\":\"Inicio - Oropeza Ingenieros\",\"isPartOf\":{\"@id\":\"https:\\\/\\\/oropeza-siteground.techdesk.com.mx\\\/#website\"},\"primaryImageOfPage\":{\"@id\":\"https:\\\/\\\/oropeza-siteground.techdesk.com.mx\\\/#primaryimage\"},\"image\":{\"@id\":\"https:\\\/\\\/oropeza-siteground.techdesk.com.mx\\\/#primaryimage\"},\"thumbnailUrl\":\"http:\\\/\\\/oropezaingenieros.com\\\/wp-content\\\/uploads\\\/2022\\\/04\\\/X_SUBSTATION_shutterstock_112665702.jpg\",\"datePublished\":\"2020-02-22T01:33:12+00:00\",\"dateModified\":\"2025-08-14T23:47:30+00:00\",\"description\":\"Oropeza Ingenieros, Expertos en ingenier\u00eda el\u00e9ctrica. Representantes oficiales de Megger, Sensotec, Guide Sensmart, Alphamoisture, etc.\",\"breadcrumb\":{\"@id\":\"https:\\\/\\\/oropeza-siteground.techdesk.com.mx\\\/#breadcrumb\"},\"inLanguage\":\"es\",\"potentialAction\":[{\"@type\":\"ReadAction\",\"target\":[\"https:\\\/\\\/oropeza-siteground.techdesk.com.mx\\\/\"]}]},{\"@type\":\"ImageObject\",\"inLanguage\":\"es\",\"@id\":\"https:\\\/\\\/oropeza-siteground.techdesk.com.mx\\\/#primaryimage\",\"url\":\"http:\\\/\\\/oropezaingenieros.com\\\/wp-content\\\/uploads\\\/2022\\\/04\\\/X_SUBSTATION_shutterstock_112665702.jpg\",\"contentUrl\":\"http:\\\/\\\/oropezaingenieros.com\\\/wp-content\\\/uploads\\\/2022\\\/04\\\/X_SUBSTATION_shutterstock_112665702.jpg\"},{\"@type\":\"BreadcrumbList\",\"@id\":\"https:\\\/\\\/oropeza-siteground.techdesk.com.mx\\\/#breadcrumb\",\"itemListElement\":[{\"@type\":\"ListItem\",\"position\":1,\"name\":\"Inicio\",\"item\":\"https:\\\/\\\/oropeza-siteground.techdesk.com.mx\\\/\"},{\"@type\":\"ListItem\",\"position\":2,\"name\":\"Inicio\"}]},{\"@type\":\"WebSite\",\"@id\":\"https:\\\/\\\/oropeza-siteground.techdesk.com.mx\\\/#website\",\"url\":\"https:\\\/\\\/oropeza-siteground.techdesk.com.mx\\\/\",\"name\":\"Oropeza Ingenieros\",\"description\":\"\",\"publisher\":{\"@id\":\"https:\\\/\\\/oropeza-siteground.techdesk.com.mx\\\/#organization\"},\"potentialAction\":[{\"@type\":\"SearchAction\",\"target\":{\"@type\":\"EntryPoint\",\"urlTemplate\":\"https:\\\/\\\/oropeza-siteground.techdesk.com.mx\\\/?s={search_term_string}\"},\"query-input\":{\"@type\":\"PropertyValueSpecification\",\"valueRequired\":true,\"valueName\":\"search_term_string\"}}],\"inLanguage\":\"es\"},{\"@type\":\"Organization\",\"@id\":\"https:\\\/\\\/oropeza-siteground.techdesk.com.mx\\\/#organization\",\"name\":\"Oropeza Ingenieros\",\"url\":\"https:\\\/\\\/oropeza-siteground.techdesk.com.mx\\\/\",\"logo\":{\"@type\":\"ImageObject\",\"inLanguage\":\"es\",\"@id\":\"https:\\\/\\\/oropeza-siteground.techdesk.com.mx\\\/#\\\/schema\\\/logo\\\/image\\\/\",\"url\":\"https:\\\/\\\/oropeza-siteground.techdesk.com.mx\\\/wp-content\\\/uploads\\\/2020\\\/08\\\/cropped-LOGO-OISA-GRANDE.png\",\"contentUrl\":\"https:\\\/\\\/oropeza-siteground.techdesk.com.mx\\\/wp-content\\\/uploads\\\/2020\\\/08\\\/cropped-LOGO-OISA-GRANDE.png\",\"width\":6937,\"height\":1198,\"caption\":\"Oropeza Ingenieros\"},\"image\":{\"@id\":\"https:\\\/\\\/oropeza-siteground.techdesk.com.mx\\\/#\\\/schema\\\/logo\\\/image\\\/\"}}]}<\/script>\n<!-- \/ Yoast SEO plugin. -->","yoast_head_json":{"title":"Inicio - Oropeza Ingenieros","description":"Oropeza Ingenieros, Expertos en ingenier\u00eda el\u00e9ctrica. Representantes oficiales de Megger, Sensotec, Guide Sensmart, Alphamoisture, etc.","robots":{"index":"index","follow":"follow","max-snippet":"max-snippet:-1","max-image-preview":"max-image-preview:large","max-video-preview":"max-video-preview:-1"},"canonical":"https:\/\/oropeza-siteground.techdesk.com.mx\/","og_locale":"es_MX","og_type":"article","og_title":"Inicio - Oropeza Ingenieros","og_description":"Oropeza Ingenieros, Expertos en ingenier\u00eda el\u00e9ctrica. Representantes oficiales de Megger, Sensotec, Guide Sensmart, Alphamoisture, etc.","og_url":"https:\/\/oropeza-siteground.techdesk.com.mx\/","og_site_name":"Oropeza Ingenieros","article_modified_time":"2025-08-14T23:47:30+00:00","og_image":[{"url":"http:\/\/oropezaingenieros.com\/wp-content\/uploads\/2022\/04\/X_SUBSTATION_shutterstock_112665702.jpg","type":"","width":"","height":""}],"twitter_card":"summary_large_image","twitter_misc":{"Tiempo de lectura":"2 minutos"},"schema":{"@context":"https:\/\/schema.org","@graph":[{"@type":"WebPage","@id":"https:\/\/oropeza-siteground.techdesk.com.mx\/","url":"https:\/\/oropeza-siteground.techdesk.com.mx\/","name":"Inicio - Oropeza Ingenieros","isPartOf":{"@id":"https:\/\/oropeza-siteground.techdesk.com.mx\/#website"},"primaryImageOfPage":{"@id":"https:\/\/oropeza-siteground.techdesk.com.mx\/#primaryimage"},"image":{"@id":"https:\/\/oropeza-siteground.techdesk.com.mx\/#primaryimage"},"thumbnailUrl":"http:\/\/oropezaingenieros.com\/wp-content\/uploads\/2022\/04\/X_SUBSTATION_shutterstock_112665702.jpg","datePublished":"2020-02-22T01:33:12+00:00","dateModified":"2025-08-14T23:47:30+00:00","description":"Oropeza Ingenieros, Expertos en ingenier\u00eda el\u00e9ctrica. Representantes oficiales de Megger, Sensotec, Guide Sensmart, Alphamoisture, etc.","breadcrumb":{"@id":"https:\/\/oropeza-siteground.techdesk.com.mx\/#breadcrumb"},"inLanguage":"es","potentialAction":[{"@type":"ReadAction","target":["https:\/\/oropeza-siteground.techdesk.com.mx\/"]}]},{"@type":"ImageObject","inLanguage":"es","@id":"https:\/\/oropeza-siteground.techdesk.com.mx\/#primaryimage","url":"http:\/\/oropezaingenieros.com\/wp-content\/uploads\/2022\/04\/X_SUBSTATION_shutterstock_112665702.jpg","contentUrl":"http:\/\/oropezaingenieros.com\/wp-content\/uploads\/2022\/04\/X_SUBSTATION_shutterstock_112665702.jpg"},{"@type":"BreadcrumbList","@id":"https:\/\/oropeza-siteground.techdesk.com.mx\/#breadcrumb","itemListElement":[{"@type":"ListItem","position":1,"name":"Inicio","item":"https:\/\/oropeza-siteground.techdesk.com.mx\/"},{"@type":"ListItem","position":2,"name":"Inicio"}]},{"@type":"WebSite","@id":"https:\/\/oropeza-siteground.techdesk.com.mx\/#website","url":"https:\/\/oropeza-siteground.techdesk.com.mx\/","name":"Oropeza Ingenieros","description":"","publisher":{"@id":"https:\/\/oropeza-siteground.techdesk.com.mx\/#organization"},"potentialAction":[{"@type":"SearchAction","target":{"@type":"EntryPoint","urlTemplate":"https:\/\/oropeza-siteground.techdesk.com.mx\/?s={search_term_string}"},"query-input":{"@type":"PropertyValueSpecification","valueRequired":true,"valueName":"search_term_string"}}],"inLanguage":"es"},{"@type":"Organization","@id":"https:\/\/oropeza-siteground.techdesk.com.mx\/#organization","name":"Oropeza Ingenieros","url":"https:\/\/oropeza-siteground.techdesk.com.mx\/","logo":{"@type":"ImageObject","inLanguage":"es","@id":"https:\/\/oropeza-siteground.techdesk.com.mx\/#\/schema\/logo\/image\/","url":"https:\/\/oropeza-siteground.techdesk.com.mx\/wp-content\/uploads\/2020\/08\/cropped-LOGO-OISA-GRANDE.png","contentUrl":"https:\/\/oropeza-siteground.techdesk.com.mx\/wp-content\/uploads\/2020\/08\/cropped-LOGO-OISA-GRANDE.png","width":6937,"height":1198,"caption":"Oropeza Ingenieros"},"image":{"@id":"https:\/\/oropeza-siteground.techdesk.com.mx\/#\/schema\/logo\/image\/"}}]}},"_links":{"self":[{"href":"https:\/\/oropeza-siteground.techdesk.com.mx\/index.php\/wp-json\/wp\/v2\/pages\/9","targetHints":{"allow":["GET"]}}],"collection":[{"href":"https:\/\/oropeza-siteground.techdesk.com.mx\/index.php\/wp-json\/wp\/v2\/pages"}],"about":[{"href":"https:\/\/oropeza-siteground.techdesk.com.mx\/index.php\/wp-json\/wp\/v2\/types\/page"}],"author":[{"embeddable":true,"href":"https:\/\/oropeza-siteground.techdesk.com.mx\/index.php\/wp-json\/wp\/v2\/users\/1"}],"replies":[{"embeddable":true,"href":"https:\/\/oropeza-siteground.techdesk.com.mx\/index.php\/wp-json\/wp\/v2\/comments?post=9"}],"version-history":[{"count":95,"href":"https:\/\/oropeza-siteground.techdesk.com.mx\/index.php\/wp-json\/wp\/v2\/pages\/9\/revisions"}],"predecessor-version":[{"id":7165,"href":"https:\/\/oropeza-siteground.techdesk.com.mx\/index.php\/wp-json\/wp\/v2\/pages\/9\/revisions\/7165"}],"wp:attachment":[{"href":"https:\/\/oropeza-siteground.techdesk.com.mx\/index.php\/wp-json\/wp\/v2\/media?parent=9"}],"curies":[{"name":"wp","href":"https:\/\/api.w.org\/{rel}","templated":true}]}}