{"id":788,"date":"2020-04-14T17:24:17","date_gmt":"2020-04-14T22:24:17","guid":{"rendered":"https:\/\/oropezaingenieros.com\/?page_id=788"},"modified":"2020-10-01T14:08:14","modified_gmt":"2020-10-01T19:08:14","slug":"capacitacion-en-ingenieria","status":"publish","type":"page","link":"https:\/\/oropeza-siteground.techdesk.com.mx\/index.php\/capacitacion-en-ingenieria\/","title":{"rendered":"CAPACITACI\u00d3N EN INGENIER\u00cdA"},"content":{"rendered":"\t\t<div data-elementor-type=\"wp-page\" data-elementor-id=\"788\" class=\"elementor elementor-788\" data-elementor-post-type=\"page\">\n\t\t\t\t\t\t<section class=\"elementor-section elementor-top-section elementor-element elementor-element-36658d8 elementor-section-boxed elementor-section-height-default elementor-section-height-default\" data-id=\"36658d8\" data-element_type=\"section\" data-e-type=\"section\">\n\t\t\t\t\t\t<div class=\"elementor-container elementor-column-gap-default\">\n\t\t\t\t\t<div class=\"elementor-column elementor-col-100 elementor-top-column elementor-element elementor-element-c4345bd\" data-id=\"c4345bd\" data-element_type=\"column\" data-e-type=\"column\">\n\t\t\t<div class=\"elementor-widget-wrap elementor-element-populated\">\n\t\t\t\t\t\t<div class=\"elementor-element elementor-element-b9da649 animated-slow elementor-invisible elementor-widget elementor-widget-heading\" data-id=\"b9da649\" data-element_type=\"widget\" data-e-type=\"widget\" data-settings=\"{&quot;_animation&quot;:&quot;fadeInDown&quot;}\" data-widget_type=\"heading.default\">\n\t\t\t\t<div class=\"elementor-widget-container\">\n\t\t\t\t\t<h2 class=\"elementor-heading-title elementor-size-large\">Cursos de Mantenimiento a Subestaciones El\u00e9ctricas<\/h2>\t\t\t\t<\/div>\n\t\t\t\t<\/div>\n\t\t\t\t\t<\/div>\n\t\t<\/div>\n\t\t\t\t\t<\/div>\n\t\t<\/section>\n\t\t\t\t<section class=\"elementor-section elementor-top-section elementor-element elementor-element-b4e0052 elementor-section-boxed elementor-section-height-default elementor-section-height-default\" data-id=\"b4e0052\" data-element_type=\"section\" data-e-type=\"section\">\n\t\t\t\t\t\t<div class=\"elementor-container elementor-column-gap-default\">\n\t\t\t\t\t<div class=\"elementor-column elementor-col-100 elementor-top-column elementor-element elementor-element-3beb6c8\" data-id=\"3beb6c8\" data-element_type=\"column\" data-e-type=\"column\">\n\t\t\t<div class=\"elementor-widget-wrap elementor-element-populated\">\n\t\t\t\t\t\t<div class=\"elementor-element elementor-element-49c51f8 elementor-widget elementor-widget-image\" data-id=\"49c51f8\" data-element_type=\"widget\" data-e-type=\"widget\" data-widget_type=\"image.default\">\n\t\t\t\t<div class=\"elementor-widget-container\">\n\t\t\t\t\t\t\t\t\t\t\t\t\t\t\t<img fetchpriority=\"high\" decoding=\"async\" width=\"768\" height=\"270\" src=\"https:\/\/oropeza-siteground.techdesk.com.mx\/wp-content\/uploads\/2020\/06\/wwwwwwww-1-768x270.jpg\" class=\"attachment-medium_large size-medium_large wp-image-1540\" alt=\"\" srcset=\"https:\/\/oropeza-siteground.techdesk.com.mx\/wp-content\/uploads\/2020\/06\/wwwwwwww-1-768x270.jpg 768w, https:\/\/oropeza-siteground.techdesk.com.mx\/wp-content\/uploads\/2020\/06\/wwwwwwww-1-300x105.jpg 300w, https:\/\/oropeza-siteground.techdesk.com.mx\/wp-content\/uploads\/2020\/06\/wwwwwwww-1-1024x359.jpg 1024w, https:\/\/oropeza-siteground.techdesk.com.mx\/wp-content\/uploads\/2020\/06\/wwwwwwww-1-1536x539.jpg 1536w, https:\/\/oropeza-siteground.techdesk.com.mx\/wp-content\/uploads\/2020\/06\/wwwwwwww-1.jpg 1718w\" sizes=\"(max-width: 768px) 100vw, 768px\" \/>\t\t\t\t\t\t\t\t\t\t\t\t\t\t\t<\/div>\n\t\t\t\t<\/div>\n\t\t\t\t\t<\/div>\n\t\t<\/div>\n\t\t\t\t\t<\/div>\n\t\t<\/section>\n\t\t\t\t<section class=\"elementor-section elementor-top-section elementor-element elementor-element-2b5a9d3 elementor-section-boxed elementor-section-height-default elementor-section-height-default\" data-id=\"2b5a9d3\" data-element_type=\"section\" data-e-type=\"section\">\n\t\t\t\t\t\t<div class=\"elementor-container elementor-column-gap-default\">\n\t\t\t\t\t<div class=\"elementor-column elementor-col-100 elementor-top-column elementor-element elementor-element-e655a1f\" data-id=\"e655a1f\" data-element_type=\"column\" data-e-type=\"column\">\n\t\t\t<div class=\"elementor-widget-wrap elementor-element-populated\">\n\t\t\t\t\t\t<div class=\"elementor-element elementor-element-25239bd elementor-arrows-position-inside elementor-pagination-position-outside elementor-widget elementor-widget-image-carousel\" data-id=\"25239bd\" data-element_type=\"widget\" data-e-type=\"widget\" data-settings=\"{&quot;slides_to_show&quot;:&quot;3&quot;,&quot;slides_to_scroll&quot;:&quot;3&quot;,&quot;navigation&quot;:&quot;both&quot;,&quot;autoplay&quot;:&quot;yes&quot;,&quot;pause_on_hover&quot;:&quot;yes&quot;,&quot;pause_on_interaction&quot;:&quot;yes&quot;,&quot;autoplay_speed&quot;:5000,&quot;infinite&quot;:&quot;yes&quot;,&quot;speed&quot;:500}\" data-widget_type=\"image-carousel.default\">\n\t\t\t\t<div class=\"elementor-widget-container\">\n\t\t\t\t\t\t\t<div class=\"elementor-image-carousel-wrapper swiper\" role=\"region\" aria-roledescription=\"carousel\" aria-label=\"Carrusel de Im\u00e1genes\" dir=\"ltr\">\n\t\t\t<div class=\"elementor-image-carousel swiper-wrapper\" aria-live=\"off\">\n\t\t\t\t\t\t\t\t<div class=\"swiper-slide\" role=\"group\" aria-roledescription=\"slide\" aria-label=\"1 de 6\"><figure class=\"swiper-slide-inner\"><img decoding=\"async\" class=\"swiper-slide-image\" src=\"https:\/\/oropeza-siteground.techdesk.com.mx\/wp-content\/uploads\/2020\/06\/a8843599-1f8b-442d-bebc-c7461fa96650-300x225.jpg\" alt=\"a8843599-1f8b-442d-bebc-c7461fa96650\" \/><\/figure><\/div><div class=\"swiper-slide\" role=\"group\" aria-roledescription=\"slide\" aria-label=\"2 de 6\"><figure class=\"swiper-slide-inner\"><img decoding=\"async\" class=\"swiper-slide-image\" src=\"https:\/\/oropeza-siteground.techdesk.com.mx\/wp-content\/uploads\/2020\/06\/6d1cebf3-7687-4412-861c-031f68865d11-300x225.jpg\" alt=\"6d1cebf3-7687-4412-861c-031f68865d11\" \/><\/figure><\/div><div class=\"swiper-slide\" role=\"group\" aria-roledescription=\"slide\" aria-label=\"3 de 6\"><figure class=\"swiper-slide-inner\"><img decoding=\"async\" class=\"swiper-slide-image\" src=\"https:\/\/oropeza-siteground.techdesk.com.mx\/wp-content\/uploads\/2020\/06\/2a7fb38c-f3d5-47ae-900d-94bc3b91d9d8-300x225.jpg\" alt=\"2a7fb38c-f3d5-47ae-900d-94bc3b91d9d8\" \/><\/figure><\/div><div class=\"swiper-slide\" role=\"group\" aria-roledescription=\"slide\" aria-label=\"4 de 6\"><figure class=\"swiper-slide-inner\"><img decoding=\"async\" class=\"swiper-slide-image\" src=\"https:\/\/oropeza-siteground.techdesk.com.mx\/wp-content\/uploads\/2020\/06\/51a9d57e-7901-496e-a0c0-440109ba23ab-300x225.jpg\" alt=\"51a9d57e-7901-496e-a0c0-440109ba23ab\" \/><\/figure><\/div><div class=\"swiper-slide\" role=\"group\" aria-roledescription=\"slide\" aria-label=\"5 de 6\"><figure class=\"swiper-slide-inner\"><img decoding=\"async\" class=\"swiper-slide-image\" src=\"https:\/\/oropeza-siteground.techdesk.com.mx\/wp-content\/uploads\/2020\/06\/79669fba-6ed4-47a9-83da-34e4c328a4ce-300x225.jpg\" alt=\"79669fba-6ed4-47a9-83da-34e4c328a4ce\" \/><\/figure><\/div><div class=\"swiper-slide\" role=\"group\" aria-roledescription=\"slide\" aria-label=\"6 de 6\"><figure class=\"swiper-slide-inner\"><img decoding=\"async\" class=\"swiper-slide-image\" src=\"https:\/\/oropeza-siteground.techdesk.com.mx\/wp-content\/uploads\/2020\/06\/DSC_0544-300x200.jpg\" alt=\"DSC_0544\" \/><\/figure><\/div>\t\t\t<\/div>\n\t\t\t\t\t\t\t\t\t\t\t\t<div class=\"elementor-swiper-button elementor-swiper-button-prev\" role=\"button\" tabindex=\"0\">\n\t\t\t\t\t\t<i aria-hidden=\"true\" class=\"eicon-chevron-left\"><\/i>\t\t\t\t\t<\/div>\n\t\t\t\t\t<div class=\"elementor-swiper-button elementor-swiper-button-next\" role=\"button\" tabindex=\"0\">\n\t\t\t\t\t\t<i aria-hidden=\"true\" class=\"eicon-chevron-right\"><\/i>\t\t\t\t\t<\/div>\n\t\t\t\t\n\t\t\t\t\t\t\t\t\t<div class=\"swiper-pagination\"><\/div>\n\t\t\t\t\t\t\t\t\t<\/div>\n\t\t\t\t\t\t<\/div>\n\t\t\t\t<\/div>\n\t\t\t\t\t<\/div>\n\t\t<\/div>\n\t\t\t\t\t<\/div>\n\t\t<\/section>\n\t\t\t\t<section class=\"elementor-section elementor-top-section elementor-element elementor-element-72f1cd4 elementor-section-boxed elementor-section-height-default elementor-section-height-default\" data-id=\"72f1cd4\" data-element_type=\"section\" data-e-type=\"section\">\n\t\t\t\t\t\t<div class=\"elementor-container elementor-column-gap-default\">\n\t\t\t\t\t<div class=\"elementor-column elementor-col-100 elementor-top-column elementor-element elementor-element-6938403\" data-id=\"6938403\" data-element_type=\"column\" data-e-type=\"column\">\n\t\t\t<div class=\"elementor-widget-wrap elementor-element-populated\">\n\t\t\t\t\t\t<div class=\"elementor-element elementor-element-4ebc74a elementor-widget elementor-widget-heading\" data-id=\"4ebc74a\" data-element_type=\"widget\" data-e-type=\"widget\" data-widget_type=\"heading.default\">\n\t\t\t\t<div class=\"elementor-widget-container\">\n\t\t\t\t\t<h2 class=\"elementor-heading-title elementor-size-default\">Curso de Pruebas din\u00e1mica y est\u00e1tica a motores el\u00e9ctricos\n<\/h2>\t\t\t\t<\/div>\n\t\t\t\t<\/div>\n\t\t\t\t\t<\/div>\n\t\t<\/div>\n\t\t\t\t\t<\/div>\n\t\t<\/section>\n\t\t\t\t<section class=\"elementor-section elementor-top-section elementor-element elementor-element-e92840a elementor-section-boxed elementor-section-height-default elementor-section-height-default\" data-id=\"e92840a\" data-element_type=\"section\" data-e-type=\"section\">\n\t\t\t\t\t\t<div class=\"elementor-container elementor-column-gap-default\">\n\t\t\t\t\t<div class=\"elementor-column elementor-col-100 elementor-top-column elementor-element elementor-element-afba489\" data-id=\"afba489\" data-element_type=\"column\" data-e-type=\"column\">\n\t\t\t<div class=\"elementor-widget-wrap elementor-element-populated\">\n\t\t\t\t\t\t<div class=\"elementor-element elementor-element-638a924 elementor-widget elementor-widget-image\" data-id=\"638a924\" data-element_type=\"widget\" data-e-type=\"widget\" data-widget_type=\"image.default\">\n\t\t\t\t<div class=\"elementor-widget-container\">\n\t\t\t\t\t\t\t\t\t\t\t\t\t\t\t<img decoding=\"async\" width=\"947\" height=\"387\" src=\"https:\/\/oropeza-siteground.techdesk.com.mx\/wp-content\/uploads\/2020\/06\/777.jpg\" class=\"attachment-large size-large wp-image-1543\" alt=\"\" srcset=\"https:\/\/oropeza-siteground.techdesk.com.mx\/wp-content\/uploads\/2020\/06\/777.jpg 947w, https:\/\/oropeza-siteground.techdesk.com.mx\/wp-content\/uploads\/2020\/06\/777-300x123.jpg 300w, https:\/\/oropeza-siteground.techdesk.com.mx\/wp-content\/uploads\/2020\/06\/777-768x314.jpg 768w\" sizes=\"(max-width: 947px) 100vw, 947px\" \/>\t\t\t\t\t\t\t\t\t\t\t\t\t\t\t<\/div>\n\t\t\t\t<\/div>\n\t\t\t\t\t<\/div>\n\t\t<\/div>\n\t\t\t\t\t<\/div>\n\t\t<\/section>\n\t\t\t\t<section class=\"elementor-section elementor-top-section elementor-element elementor-element-cdf7589 elementor-section-boxed elementor-section-height-default elementor-section-height-default\" data-id=\"cdf7589\" data-element_type=\"section\" data-e-type=\"section\">\n\t\t\t\t\t\t<div class=\"elementor-container elementor-column-gap-default\">\n\t\t\t\t\t<div class=\"elementor-column elementor-col-100 elementor-top-column elementor-element elementor-element-8eb531a\" data-id=\"8eb531a\" data-element_type=\"column\" data-e-type=\"column\">\n\t\t\t<div class=\"elementor-widget-wrap elementor-element-populated\">\n\t\t\t\t\t\t<div class=\"elementor-element elementor-element-f370416 elementor-button-info elementor-align-center elementor-widget elementor-widget-button\" data-id=\"f370416\" data-element_type=\"widget\" data-e-type=\"widget\" data-widget_type=\"button.default\">\n\t\t\t\t<div class=\"elementor-widget-container\">\n\t\t\t\t\t\t\t\t\t<div class=\"elementor-button-wrapper\">\n\t\t\t\t\t<a class=\"elementor-button elementor-button-link elementor-size-sm elementor-animation-pulse\" href=\"http:\/\/oropezaingenieros.com\/index.php\/eventos\/\">\n\t\t\t\t\t\t<span class=\"elementor-button-content-wrapper\">\n\t\t\t\t\t\t<span class=\"elementor-button-icon\">\n\t\t\t\t<i aria-hidden=\"true\" class=\"far fa-calendar-alt\"><\/i>\t\t\t<\/span>\n\t\t\t\t\t\t\t\t\t<span class=\"elementor-button-text\">PR\u00d3XIMOS CURSOS<\/span>\n\t\t\t\t\t<\/span>\n\t\t\t\t\t<\/a>\n\t\t\t\t<\/div>\n\t\t\t\t\t\t\t\t<\/div>\n\t\t\t\t<\/div>\n\t\t\t\t\t<\/div>\n\t\t<\/div>\n\t\t\t\t\t<\/div>\n\t\t<\/section>\n\t\t\t\t<\/div>\n\t\t","protected":false},"excerpt":{"rendered":"<p>Cursos de Mantenimiento a Subestaciones El\u00e9ctricas Previous Next Curso de Pruebas din\u00e1mica y est\u00e1tica a motores el\u00e9ctricos PR\u00d3XIMOS CURSOS<\/p>\n","protected":false},"author":1,"featured_media":0,"parent":0,"menu_order":0,"comment_status":"closed","ping_status":"closed","template":"","meta":{"footnotes":""},"class_list":["post-788","page","type-page","status-publish","hentry"],"yoast_head":"<!-- This site is optimized with the Yoast SEO plugin v27.6 - https:\/\/yoast.com\/product\/yoast-seo-wordpress\/ -->\n<title>CAPACITACI\u00d3N EN INGENIER\u00cdA - Oropeza Ingenieros<\/title>\n<meta name=\"robots\" content=\"index, follow, max-snippet:-1, max-image-preview:large, max-video-preview:-1\" \/>\n<link rel=\"canonical\" href=\"https:\/\/oropeza-siteground.techdesk.com.mx\/index.php\/capacitacion-en-ingenieria\/\" \/>\n<meta property=\"og:locale\" content=\"es_MX\" \/>\n<meta property=\"og:type\" content=\"article\" \/>\n<meta property=\"og:title\" content=\"CAPACITACI\u00d3N EN INGENIER\u00cdA - Oropeza Ingenieros\" \/>\n<meta property=\"og:description\" content=\"Cursos de Mantenimiento a Subestaciones El\u00e9ctricas Previous Next Curso de Pruebas din\u00e1mica y est\u00e1tica a motores el\u00e9ctricos PR\u00d3XIMOS CURSOS\" \/>\n<meta property=\"og:url\" content=\"https:\/\/oropeza-siteground.techdesk.com.mx\/index.php\/capacitacion-en-ingenieria\/\" \/>\n<meta property=\"og:site_name\" content=\"Oropeza Ingenieros\" \/>\n<meta property=\"article:modified_time\" content=\"2020-10-01T19:08:14+00:00\" \/>\n<meta property=\"og:image\" content=\"http:\/\/oropezaingenieros.com\/wp-content\/uploads\/2020\/06\/wwwwwwww-1-768x270.jpg\" \/>\n<meta name=\"twitter:card\" content=\"summary_large_image\" \/>\n<script type=\"application\/ld+json\" class=\"yoast-schema-graph\">{\"@context\":\"https:\\\/\\\/schema.org\",\"@graph\":[{\"@type\":\"WebPage\",\"@id\":\"https:\\\/\\\/oropeza-siteground.techdesk.com.mx\\\/index.php\\\/capacitacion-en-ingenieria\\\/\",\"url\":\"https:\\\/\\\/oropeza-siteground.techdesk.com.mx\\\/index.php\\\/capacitacion-en-ingenieria\\\/\",\"name\":\"CAPACITACI\u00d3N EN INGENIER\u00cdA - Oropeza Ingenieros\",\"isPartOf\":{\"@id\":\"https:\\\/\\\/oropeza-siteground.techdesk.com.mx\\\/#website\"},\"primaryImageOfPage\":{\"@id\":\"https:\\\/\\\/oropeza-siteground.techdesk.com.mx\\\/index.php\\\/capacitacion-en-ingenieria\\\/#primaryimage\"},\"image\":{\"@id\":\"https:\\\/\\\/oropeza-siteground.techdesk.com.mx\\\/index.php\\\/capacitacion-en-ingenieria\\\/#primaryimage\"},\"thumbnailUrl\":\"http:\\\/\\\/oropezaingenieros.com\\\/wp-content\\\/uploads\\\/2020\\\/06\\\/wwwwwwww-1-768x270.jpg\",\"datePublished\":\"2020-04-14T22:24:17+00:00\",\"dateModified\":\"2020-10-01T19:08:14+00:00\",\"breadcrumb\":{\"@id\":\"https:\\\/\\\/oropeza-siteground.techdesk.com.mx\\\/index.php\\\/capacitacion-en-ingenieria\\\/#breadcrumb\"},\"inLanguage\":\"es\",\"potentialAction\":[{\"@type\":\"ReadAction\",\"target\":[\"https:\\\/\\\/oropeza-siteground.techdesk.com.mx\\\/index.php\\\/capacitacion-en-ingenieria\\\/\"]}]},{\"@type\":\"ImageObject\",\"inLanguage\":\"es\",\"@id\":\"https:\\\/\\\/oropeza-siteground.techdesk.com.mx\\\/index.php\\\/capacitacion-en-ingenieria\\\/#primaryimage\",\"url\":\"http:\\\/\\\/oropezaingenieros.com\\\/wp-content\\\/uploads\\\/2020\\\/06\\\/wwwwwwww-1-768x270.jpg\",\"contentUrl\":\"http:\\\/\\\/oropezaingenieros.com\\\/wp-content\\\/uploads\\\/2020\\\/06\\\/wwwwwwww-1-768x270.jpg\"},{\"@type\":\"BreadcrumbList\",\"@id\":\"https:\\\/\\\/oropeza-siteground.techdesk.com.mx\\\/index.php\\\/capacitacion-en-ingenieria\\\/#breadcrumb\",\"itemListElement\":[{\"@type\":\"ListItem\",\"position\":1,\"name\":\"Inicio\",\"item\":\"https:\\\/\\\/oropeza-siteground.techdesk.com.mx\\\/\"},{\"@type\":\"ListItem\",\"position\":2,\"name\":\"CAPACITACI\u00d3N EN INGENIER\u00cdA\"}]},{\"@type\":\"WebSite\",\"@id\":\"https:\\\/\\\/oropeza-siteground.techdesk.com.mx\\\/#website\",\"url\":\"https:\\\/\\\/oropeza-siteground.techdesk.com.mx\\\/\",\"name\":\"Oropeza Ingenieros\",\"description\":\"\",\"publisher\":{\"@id\":\"https:\\\/\\\/oropeza-siteground.techdesk.com.mx\\\/#organization\"},\"potentialAction\":[{\"@type\":\"SearchAction\",\"target\":{\"@type\":\"EntryPoint\",\"urlTemplate\":\"https:\\\/\\\/oropeza-siteground.techdesk.com.mx\\\/?s={search_term_string}\"},\"query-input\":{\"@type\":\"PropertyValueSpecification\",\"valueRequired\":true,\"valueName\":\"search_term_string\"}}],\"inLanguage\":\"es\"},{\"@type\":\"Organization\",\"@id\":\"https:\\\/\\\/oropeza-siteground.techdesk.com.mx\\\/#organization\",\"name\":\"Oropeza Ingenieros\",\"url\":\"https:\\\/\\\/oropeza-siteground.techdesk.com.mx\\\/\",\"logo\":{\"@type\":\"ImageObject\",\"inLanguage\":\"es\",\"@id\":\"https:\\\/\\\/oropeza-siteground.techdesk.com.mx\\\/#\\\/schema\\\/logo\\\/image\\\/\",\"url\":\"https:\\\/\\\/oropeza-siteground.techdesk.com.mx\\\/wp-content\\\/uploads\\\/2020\\\/08\\\/cropped-LOGO-OISA-GRANDE.png\",\"contentUrl\":\"https:\\\/\\\/oropeza-siteground.techdesk.com.mx\\\/wp-content\\\/uploads\\\/2020\\\/08\\\/cropped-LOGO-OISA-GRANDE.png\",\"width\":6937,\"height\":1198,\"caption\":\"Oropeza Ingenieros\"},\"image\":{\"@id\":\"https:\\\/\\\/oropeza-siteground.techdesk.com.mx\\\/#\\\/schema\\\/logo\\\/image\\\/\"}}]}<\/script>\n<!-- \/ Yoast SEO plugin. -->","yoast_head_json":{"title":"CAPACITACI\u00d3N EN INGENIER\u00cdA - Oropeza Ingenieros","robots":{"index":"index","follow":"follow","max-snippet":"max-snippet:-1","max-image-preview":"max-image-preview:large","max-video-preview":"max-video-preview:-1"},"canonical":"https:\/\/oropeza-siteground.techdesk.com.mx\/index.php\/capacitacion-en-ingenieria\/","og_locale":"es_MX","og_type":"article","og_title":"CAPACITACI\u00d3N EN INGENIER\u00cdA - Oropeza Ingenieros","og_description":"Cursos de Mantenimiento a Subestaciones El\u00e9ctricas Previous Next Curso de Pruebas din\u00e1mica y est\u00e1tica a motores el\u00e9ctricos PR\u00d3XIMOS CURSOS","og_url":"https:\/\/oropeza-siteground.techdesk.com.mx\/index.php\/capacitacion-en-ingenieria\/","og_site_name":"Oropeza Ingenieros","article_modified_time":"2020-10-01T19:08:14+00:00","og_image":[{"url":"http:\/\/oropezaingenieros.com\/wp-content\/uploads\/2020\/06\/wwwwwwww-1-768x270.jpg","type":"","width":"","height":""}],"twitter_card":"summary_large_image","schema":{"@context":"https:\/\/schema.org","@graph":[{"@type":"WebPage","@id":"https:\/\/oropeza-siteground.techdesk.com.mx\/index.php\/capacitacion-en-ingenieria\/","url":"https:\/\/oropeza-siteground.techdesk.com.mx\/index.php\/capacitacion-en-ingenieria\/","name":"CAPACITACI\u00d3N EN INGENIER\u00cdA - Oropeza Ingenieros","isPartOf":{"@id":"https:\/\/oropeza-siteground.techdesk.com.mx\/#website"},"primaryImageOfPage":{"@id":"https:\/\/oropeza-siteground.techdesk.com.mx\/index.php\/capacitacion-en-ingenieria\/#primaryimage"},"image":{"@id":"https:\/\/oropeza-siteground.techdesk.com.mx\/index.php\/capacitacion-en-ingenieria\/#primaryimage"},"thumbnailUrl":"http:\/\/oropezaingenieros.com\/wp-content\/uploads\/2020\/06\/wwwwwwww-1-768x270.jpg","datePublished":"2020-04-14T22:24:17+00:00","dateModified":"2020-10-01T19:08:14+00:00","breadcrumb":{"@id":"https:\/\/oropeza-siteground.techdesk.com.mx\/index.php\/capacitacion-en-ingenieria\/#breadcrumb"},"inLanguage":"es","potentialAction":[{"@type":"ReadAction","target":["https:\/\/oropeza-siteground.techdesk.com.mx\/index.php\/capacitacion-en-ingenieria\/"]}]},{"@type":"ImageObject","inLanguage":"es","@id":"https:\/\/oropeza-siteground.techdesk.com.mx\/index.php\/capacitacion-en-ingenieria\/#primaryimage","url":"http:\/\/oropezaingenieros.com\/wp-content\/uploads\/2020\/06\/wwwwwwww-1-768x270.jpg","contentUrl":"http:\/\/oropezaingenieros.com\/wp-content\/uploads\/2020\/06\/wwwwwwww-1-768x270.jpg"},{"@type":"BreadcrumbList","@id":"https:\/\/oropeza-siteground.techdesk.com.mx\/index.php\/capacitacion-en-ingenieria\/#breadcrumb","itemListElement":[{"@type":"ListItem","position":1,"name":"Inicio","item":"https:\/\/oropeza-siteground.techdesk.com.mx\/"},{"@type":"ListItem","position":2,"name":"CAPACITACI\u00d3N EN INGENIER\u00cdA"}]},{"@type":"WebSite","@id":"https:\/\/oropeza-siteground.techdesk.com.mx\/#website","url":"https:\/\/oropeza-siteground.techdesk.com.mx\/","name":"Oropeza Ingenieros","description":"","publisher":{"@id":"https:\/\/oropeza-siteground.techdesk.com.mx\/#organization"},"potentialAction":[{"@type":"SearchAction","target":{"@type":"EntryPoint","urlTemplate":"https:\/\/oropeza-siteground.techdesk.com.mx\/?s={search_term_string}"},"query-input":{"@type":"PropertyValueSpecification","valueRequired":true,"valueName":"search_term_string"}}],"inLanguage":"es"},{"@type":"Organization","@id":"https:\/\/oropeza-siteground.techdesk.com.mx\/#organization","name":"Oropeza Ingenieros","url":"https:\/\/oropeza-siteground.techdesk.com.mx\/","logo":{"@type":"ImageObject","inLanguage":"es","@id":"https:\/\/oropeza-siteground.techdesk.com.mx\/#\/schema\/logo\/image\/","url":"https:\/\/oropeza-siteground.techdesk.com.mx\/wp-content\/uploads\/2020\/08\/cropped-LOGO-OISA-GRANDE.png","contentUrl":"https:\/\/oropeza-siteground.techdesk.com.mx\/wp-content\/uploads\/2020\/08\/cropped-LOGO-OISA-GRANDE.png","width":6937,"height":1198,"caption":"Oropeza Ingenieros"},"image":{"@id":"https:\/\/oropeza-siteground.techdesk.com.mx\/#\/schema\/logo\/image\/"}}]}},"_links":{"self":[{"href":"https:\/\/oropeza-siteground.techdesk.com.mx\/index.php\/wp-json\/wp\/v2\/pages\/788","targetHints":{"allow":["GET"]}}],"collection":[{"href":"https:\/\/oropeza-siteground.techdesk.com.mx\/index.php\/wp-json\/wp\/v2\/pages"}],"about":[{"href":"https:\/\/oropeza-siteground.techdesk.com.mx\/index.php\/wp-json\/wp\/v2\/types\/page"}],"author":[{"embeddable":true,"href":"https:\/\/oropeza-siteground.techdesk.com.mx\/index.php\/wp-json\/wp\/v2\/users\/1"}],"replies":[{"embeddable":true,"href":"https:\/\/oropeza-siteground.techdesk.com.mx\/index.php\/wp-json\/wp\/v2\/comments?post=788"}],"version-history":[{"count":6,"href":"https:\/\/oropeza-siteground.techdesk.com.mx\/index.php\/wp-json\/wp\/v2\/pages\/788\/revisions"}],"predecessor-version":[{"id":2841,"href":"https:\/\/oropeza-siteground.techdesk.com.mx\/index.php\/wp-json\/wp\/v2\/pages\/788\/revisions\/2841"}],"wp:attachment":[{"href":"https:\/\/oropeza-siteground.techdesk.com.mx\/index.php\/wp-json\/wp\/v2\/media?parent=788"}],"curies":[{"name":"wp","href":"https:\/\/api.w.org\/{rel}","templated":true}]}}