{"id":4241,"date":"2022-06-09T11:52:23","date_gmt":"2022-06-09T16:52:23","guid":{"rendered":"https:\/\/oropezaingenieros.com\/?page_id=4241"},"modified":"2022-06-09T16:42:57","modified_gmt":"2022-06-09T21:42:57","slug":"elementor-4241","status":"publish","type":"page","link":"https:\/\/oropeza-siteground.techdesk.com.mx\/index.php\/elementor-4241\/","title":{"rendered":"PRUEBAS A CABLES DE POTENCIA"},"content":{"rendered":"\t\t<div data-elementor-type=\"wp-page\" data-elementor-id=\"4241\" class=\"elementor elementor-4241\" data-elementor-post-type=\"page\">\n\t\t\t\t\t\t<section class=\"elementor-section elementor-top-section elementor-element elementor-element-0fbc235 elementor-section-boxed elementor-section-height-default elementor-section-height-default\" data-id=\"0fbc235\" data-element_type=\"section\" data-e-type=\"section\">\n\t\t\t\t\t\t<div class=\"elementor-container elementor-column-gap-default\">\n\t\t\t\t\t<div class=\"elementor-column elementor-col-100 elementor-top-column elementor-element elementor-element-7efb335\" data-id=\"7efb335\" data-element_type=\"column\" data-e-type=\"column\">\n\t\t\t<div class=\"elementor-widget-wrap elementor-element-populated\">\n\t\t\t\t\t\t<div class=\"elementor-element elementor-element-cd072c5 elementor-widget elementor-widget-image\" data-id=\"cd072c5\" data-element_type=\"widget\" data-e-type=\"widget\" data-widget_type=\"image.default\">\n\t\t\t\t<div class=\"elementor-widget-container\">\n\t\t\t\t\t\t\t\t\t\t\t\t\t\t\t<img fetchpriority=\"high\" decoding=\"async\" width=\"1024\" height=\"390\" src=\"https:\/\/oropeza-siteground.techdesk.com.mx\/wp-content\/uploads\/2022\/06\/Copia-de-Copia-de-BANNER-MAYO-22-1-1024x390.png\" class=\"attachment-large size-large wp-image-4243\" alt=\"\" srcset=\"https:\/\/oropeza-siteground.techdesk.com.mx\/wp-content\/uploads\/2022\/06\/Copia-de-Copia-de-BANNER-MAYO-22-1-1024x390.png 1024w, https:\/\/oropeza-siteground.techdesk.com.mx\/wp-content\/uploads\/2022\/06\/Copia-de-Copia-de-BANNER-MAYO-22-1-300x114.png 300w, https:\/\/oropeza-siteground.techdesk.com.mx\/wp-content\/uploads\/2022\/06\/Copia-de-Copia-de-BANNER-MAYO-22-1-768x292.png 768w, https:\/\/oropeza-siteground.techdesk.com.mx\/wp-content\/uploads\/2022\/06\/Copia-de-Copia-de-BANNER-MAYO-22-1-1536x584.png 1536w, https:\/\/oropeza-siteground.techdesk.com.mx\/wp-content\/uploads\/2022\/06\/Copia-de-Copia-de-BANNER-MAYO-22-1-2048x779.png 2048w, https:\/\/oropeza-siteground.techdesk.com.mx\/wp-content\/uploads\/2022\/06\/Copia-de-Copia-de-BANNER-MAYO-22-1-600x228.png 600w, https:\/\/oropeza-siteground.techdesk.com.mx\/wp-content\/uploads\/2022\/06\/Copia-de-Copia-de-BANNER-MAYO-22-1-280x107.png 280w\" sizes=\"(max-width: 1024px) 100vw, 1024px\" \/>\t\t\t\t\t\t\t\t\t\t\t\t\t\t\t<\/div>\n\t\t\t\t<\/div>\n\t\t\t\t\t<\/div>\n\t\t<\/div>\n\t\t\t\t\t<\/div>\n\t\t<\/section>\n\t\t\t\t<section class=\"elementor-section elementor-top-section elementor-element elementor-element-82a975b elementor-section-boxed elementor-section-height-default elementor-section-height-default\" data-id=\"82a975b\" data-element_type=\"section\" data-e-type=\"section\">\n\t\t\t\t\t\t<div class=\"elementor-container elementor-column-gap-default\">\n\t\t\t\t\t<div class=\"elementor-column elementor-col-50 elementor-top-column elementor-element elementor-element-d977d31\" data-id=\"d977d31\" data-element_type=\"column\" data-e-type=\"column\">\n\t\t\t<div class=\"elementor-widget-wrap elementor-element-populated\">\n\t\t\t\t\t\t<div class=\"elementor-element elementor-element-4fc139e elementor-widget elementor-widget-image\" data-id=\"4fc139e\" data-element_type=\"widget\" data-e-type=\"widget\" data-widget_type=\"image.default\">\n\t\t\t\t<div class=\"elementor-widget-container\">\n\t\t\t\t\t\t\t\t\t\t\t\t\t\t\t<img decoding=\"async\" width=\"1024\" height=\"1024\" src=\"https:\/\/oropeza-siteground.techdesk.com.mx\/wp-content\/uploads\/2022\/06\/Agregar-un-subtitulo-1-1024x1024.png\" class=\"attachment-large size-large wp-image-4244\" alt=\"\" srcset=\"https:\/\/oropeza-siteground.techdesk.com.mx\/wp-content\/uploads\/2022\/06\/Agregar-un-subtitulo-1-1024x1024.png 1024w, https:\/\/oropeza-siteground.techdesk.com.mx\/wp-content\/uploads\/2022\/06\/Agregar-un-subtitulo-1-300x300.png 300w, https:\/\/oropeza-siteground.techdesk.com.mx\/wp-content\/uploads\/2022\/06\/Agregar-un-subtitulo-1-150x150.png 150w, https:\/\/oropeza-siteground.techdesk.com.mx\/wp-content\/uploads\/2022\/06\/Agregar-un-subtitulo-1-768x768.png 768w, https:\/\/oropeza-siteground.techdesk.com.mx\/wp-content\/uploads\/2022\/06\/Agregar-un-subtitulo-1-600x600.png 600w, https:\/\/oropeza-siteground.techdesk.com.mx\/wp-content\/uploads\/2022\/06\/Agregar-un-subtitulo-1-160x160.png 160w, https:\/\/oropeza-siteground.techdesk.com.mx\/wp-content\/uploads\/2022\/06\/Agregar-un-subtitulo-1.png 1080w\" sizes=\"(max-width: 1024px) 100vw, 1024px\" \/>\t\t\t\t\t\t\t\t\t\t\t\t\t\t\t<\/div>\n\t\t\t\t<\/div>\n\t\t\t\t\t<\/div>\n\t\t<\/div>\n\t\t\t\t<div class=\"elementor-column elementor-col-50 elementor-top-column elementor-element elementor-element-ac3733e\" data-id=\"ac3733e\" data-element_type=\"column\" data-e-type=\"column\">\n\t\t\t<div class=\"elementor-widget-wrap elementor-element-populated\">\n\t\t\t\t\t\t<div class=\"elementor-element elementor-element-69f586b elementor-widget elementor-widget-text-editor\" data-id=\"69f586b\" data-element_type=\"widget\" data-e-type=\"widget\" data-widget_type=\"text-editor.default\">\n\t\t\t\t<div class=\"elementor-widget-container\">\n\t\t\t\t\t\t\t\t\t<p><span style=\"color: #d70c15; font-weight: bold; font-style: normal;\">Pruebas a cables de potencia<\/span><\/p><h3 class=\"_04xlpA direction-ltr align-justify para-style-body\"><span class=\"JsGRdQ\">Los cables de potencia son utilizados para transmitir energ\u00eda el\u00e9ctrica de un lugar a otro, a una corriente y tensi\u00f3n determinadas. Su funci\u00f3n principal es, transportar eficientemente la energ\u00eda el\u00e9ctrica, de forma que las perdidas el\u00e9ctricas sean lo m\u00e1s bajas posibles.<\/span><\/h3><h3 class=\"_04xlpA direction-ltr align-justify para-style-body\"><span class=\"JsGRdQ\">La corriente el\u00e9ctrica que puede conducir un cable en condici\u00f3n de operaci\u00f3n debe ser menor o igual a la m\u00e1xima capacidad de conducci\u00f3n de corriente determinada por el fabricante, mediante m\u00e9todos de ingenier\u00eda y tomando en cuenta la temperatura m\u00e1xima de operaci\u00f3n.<\/span><\/h3>\t\t\t\t\t\t\t\t<\/div>\n\t\t\t\t<\/div>\n\t\t\t\t\t<\/div>\n\t\t<\/div>\n\t\t\t\t\t<\/div>\n\t\t<\/section>\n\t\t\t\t<section class=\"elementor-section elementor-top-section elementor-element elementor-element-204790d elementor-section-boxed elementor-section-height-default elementor-section-height-default\" data-id=\"204790d\" data-element_type=\"section\" data-e-type=\"section\">\n\t\t\t\t\t\t<div class=\"elementor-container elementor-column-gap-default\">\n\t\t\t\t\t<div class=\"elementor-column elementor-col-100 elementor-top-column elementor-element elementor-element-3651486\" data-id=\"3651486\" data-element_type=\"column\" data-e-type=\"column\">\n\t\t\t<div class=\"elementor-widget-wrap elementor-element-populated\">\n\t\t\t\t\t\t<div class=\"elementor-element elementor-element-d2e4b41 elementor-widget elementor-widget-text-editor\" data-id=\"d2e4b41\" data-element_type=\"widget\" data-e-type=\"widget\" data-widget_type=\"text-editor.default\">\n\t\t\t\t<div class=\"elementor-widget-container\">\n\t\t\t\t\t\t\t\t\t<p><strong>Complete la solicitud de abajo para descargar el art\u00edculo relacionado a pruebas de cables de potencia:<\/strong><\/p>\t\t\t\t\t\t\t\t<\/div>\n\t\t\t\t<\/div>\n\t\t\t\t\t<\/div>\n\t\t<\/div>\n\t\t\t\t\t<\/div>\n\t\t<\/section>\n\t\t\t\t<section class=\"elementor-section elementor-top-section elementor-element elementor-element-c55da38 elementor-section-boxed elementor-section-height-default elementor-section-height-default\" data-id=\"c55da38\" data-element_type=\"section\" data-e-type=\"section\">\n\t\t\t\t\t\t<div class=\"elementor-container elementor-column-gap-default\">\n\t\t\t\t\t<div class=\"elementor-column elementor-col-50 elementor-top-column elementor-element elementor-element-6f755b0\" data-id=\"6f755b0\" data-element_type=\"column\" data-e-type=\"column\">\n\t\t\t<div class=\"elementor-widget-wrap elementor-element-populated\">\n\t\t\t\t\t\t<div class=\"elementor-element elementor-element-32c585f elementor-widget elementor-widget-text-editor\" data-id=\"32c585f\" data-element_type=\"widget\" data-e-type=\"widget\" data-widget_type=\"text-editor.default\">\n\t\t\t\t<div class=\"elementor-widget-container\">\n\t\t\t\t\t\t\t\t\t<h2><strong>Descargar informaci\u00f3n<\/strong><\/h2><p>\n<div class=\"wpcf7 no-js\" id=\"wpcf7-f1932-o1\" lang=\"en-US\" dir=\"ltr\" data-wpcf7-id=\"1932\">\n<div class=\"screen-reader-response\"><p role=\"status\" aria-live=\"polite\" aria-atomic=\"true\"><\/p> <ul><\/ul><\/div>\n<form action=\"\/index.php\/wp-json\/wp\/v2\/pages\/4241#wpcf7-f1932-o1\" method=\"post\" class=\"wpcf7-form init\" aria-label=\"Contact form\" novalidate=\"novalidate\" data-status=\"init\">\n<fieldset class=\"hidden-fields-container\"><input type=\"hidden\" name=\"_wpcf7\" value=\"1932\" \/><input type=\"hidden\" name=\"_wpcf7_version\" value=\"6.1.6\" \/><input type=\"hidden\" name=\"_wpcf7_locale\" value=\"en_US\" \/><input type=\"hidden\" name=\"_wpcf7_unit_tag\" value=\"wpcf7-f1932-o1\" \/><input type=\"hidden\" name=\"_wpcf7_container_post\" value=\"0\" \/><input type=\"hidden\" name=\"_wpcf7_posted_data_hash\" value=\"\" \/><input type=\"hidden\" name=\"_wpcf7_recaptcha_response\" value=\"\" \/>\n<\/fieldset>\n<p><label> Nombre: (requerido)<br \/>\n<span class=\"wpcf7-form-control-wrap\" data-name=\"your-name\"><input size=\"40\" maxlength=\"400\" class=\"wpcf7-form-control wpcf7-text wpcf7-validates-as-required\" aria-required=\"true\" aria-invalid=\"false\" value=\"\" type=\"text\" name=\"your-name\" \/><\/span> <\/label>\n<\/p>\n<p><label> Email (requerido)<br \/>\n<span class=\"wpcf7-form-control-wrap\" data-name=\"your-email\"><input size=\"40\" maxlength=\"400\" class=\"wpcf7-form-control wpcf7-email wpcf7-validates-as-required wpcf7-text wpcf7-validates-as-email\" aria-required=\"true\" aria-invalid=\"false\" value=\"\" type=\"email\" name=\"your-email\" \/><\/span> <\/label>\n<\/p>\n<p><label> Tel\u00e9fono: (requerido)<br \/>\n<span class=\"wpcf7-form-control-wrap\" data-name=\"tel-967\"><input size=\"40\" maxlength=\"400\" class=\"wpcf7-form-control wpcf7-tel wpcf7-validates-as-required wpcf7-text wpcf7-validates-as-tel\" aria-required=\"true\" aria-invalid=\"false\" value=\"\" type=\"tel\" name=\"tel-967\" \/><\/span><\/label>\n<\/p>\n<p><label> Empresa: (requerido)<br \/>\n<span class=\"wpcf7-form-control-wrap\" data-name=\"your-empresa\"><input size=\"40\" maxlength=\"400\" class=\"wpcf7-form-control wpcf7-text wpcf7-validates-as-required\" aria-required=\"true\" aria-invalid=\"false\" value=\"\" type=\"text\" name=\"your-empresa\" \/><\/span><\/label>\n<\/p>\n<p><label> Estado: (requerido)<br \/>\n<span class=\"wpcf7-form-control-wrap\" data-name=\"estado\"><select class=\"wpcf7-form-control wpcf7-select wpcf7-validates-as-required\" aria-required=\"true\" aria-invalid=\"false\" name=\"estado\"><option value=\"Aguascalientes\">Aguascalientes<\/option><option value=\"Baja California\">Baja California<\/option><option value=\"Baja California Sur\">Baja California Sur<\/option><option value=\"Campeche\">Campeche<\/option><option value=\"Chiapas\">Chiapas<\/option><option value=\"Chihuahua\">Chihuahua<\/option><option value=\"Ciudad de M\u00e9xico\">Ciudad de M\u00e9xico<\/option><option value=\"Coahuila\">Coahuila<\/option><option value=\"Colima\">Colima<\/option><option value=\"Durango\">Durango<\/option><option value=\"Estado de M\u00e9xico\">Estado de M\u00e9xico<\/option><option value=\"Guanajuato\">Guanajuato<\/option><option value=\"Guerrero\">Guerrero<\/option><option value=\"Hidalgo\">Hidalgo<\/option><option value=\"Jalisco\">Jalisco<\/option><option value=\"Michoac\u00e1n\">Michoac\u00e1n<\/option><option value=\"Morelos\">Morelos<\/option><option value=\"Nayarit\">Nayarit<\/option><option value=\"Nuevo Le\u00f3n\">Nuevo Le\u00f3n<\/option><option value=\"Oaxaca\">Oaxaca<\/option><option value=\"Puebla\">Puebla<\/option><option value=\"Quer\u00e9taro\">Quer\u00e9taro<\/option><option value=\"Quintana Roo\">Quintana Roo<\/option><option value=\"San Luis Potos\u00ed\">San Luis Potos\u00ed<\/option><option value=\"Sinaloa\">Sinaloa<\/option><option value=\"Sonora\">Sonora<\/option><option value=\"Tabasco\">Tabasco<\/option><option value=\"Tamaulipas\">Tamaulipas<\/option><option value=\"Tlaxcala\">Tlaxcala<\/option><option value=\"Veracruz\">Veracruz<\/option><option value=\"Yucat\u00e1n\">Yucat\u00e1n<\/option><option value=\"Zacatecas\">Zacatecas<\/option><\/select><\/span><\/label>\n<\/p>\n<p><label> Ciudad: (requerido)<br \/>\n<span class=\"wpcf7-form-control-wrap\" data-name=\"ciudad\"><input size=\"40\" maxlength=\"400\" class=\"wpcf7-form-control wpcf7-text wpcf7-validates-as-required\" aria-required=\"true\" aria-invalid=\"false\" value=\"\" type=\"text\" name=\"ciudad\" \/><\/span><\/label>\n<\/p>\n<p><label> Cotizaci\u00f3n: (opcional)<br \/>\n<span class=\"wpcf7-form-control-wrap\" data-name=\"your-message\"><textarea cols=\"40\" rows=\"10\" maxlength=\"2000\" class=\"wpcf7-form-control wpcf7-textarea\" aria-invalid=\"false\" name=\"your-message\"><\/textarea><\/span> <\/label>\n<\/p>\n<p><input class=\"wpcf7-form-control wpcf7-submit has-spinner\" type=\"submit\" value=\"Enviar\" \/>\n<\/p><div class=\"wpcf7-response-output\" aria-hidden=\"true\"><\/div>\n<\/form>\n<\/div>\n<\/p>\t\t\t\t\t\t\t\t<\/div>\n\t\t\t\t<\/div>\n\t\t\t\t\t<\/div>\n\t\t<\/div>\n\t\t\t\t<div class=\"elementor-column elementor-col-50 elementor-top-column elementor-element elementor-element-021ec35\" data-id=\"021ec35\" data-element_type=\"column\" data-e-type=\"column\">\n\t\t\t<div class=\"elementor-widget-wrap elementor-element-populated\">\n\t\t\t\t\t\t<div class=\"elementor-element elementor-element-1c24f2a elementor-widget elementor-widget-image\" data-id=\"1c24f2a\" data-element_type=\"widget\" data-e-type=\"widget\" data-widget_type=\"image.default\">\n\t\t\t\t<div class=\"elementor-widget-container\">\n\t\t\t\t\t\t\t\t\t\t\t\t\t\t\t<img decoding=\"async\" width=\"1024\" height=\"1024\" src=\"https:\/\/oropeza-siteground.techdesk.com.mx\/wp-content\/uploads\/2022\/06\/Agregar-un-subtitulo-4-1024x1024.png\" class=\"attachment-large size-large wp-image-4247\" alt=\"\" srcset=\"https:\/\/oropeza-siteground.techdesk.com.mx\/wp-content\/uploads\/2022\/06\/Agregar-un-subtitulo-4-1024x1024.png 1024w, https:\/\/oropeza-siteground.techdesk.com.mx\/wp-content\/uploads\/2022\/06\/Agregar-un-subtitulo-4-300x300.png 300w, https:\/\/oropeza-siteground.techdesk.com.mx\/wp-content\/uploads\/2022\/06\/Agregar-un-subtitulo-4-150x150.png 150w, https:\/\/oropeza-siteground.techdesk.com.mx\/wp-content\/uploads\/2022\/06\/Agregar-un-subtitulo-4-768x768.png 768w, https:\/\/oropeza-siteground.techdesk.com.mx\/wp-content\/uploads\/2022\/06\/Agregar-un-subtitulo-4-600x600.png 600w, https:\/\/oropeza-siteground.techdesk.com.mx\/wp-content\/uploads\/2022\/06\/Agregar-un-subtitulo-4-160x160.png 160w, https:\/\/oropeza-siteground.techdesk.com.mx\/wp-content\/uploads\/2022\/06\/Agregar-un-subtitulo-4.png 1080w\" sizes=\"(max-width: 1024px) 100vw, 1024px\" \/>\t\t\t\t\t\t\t\t\t\t\t\t\t\t\t<\/div>\n\t\t\t\t<\/div>\n\t\t\t\t\t<\/div>\n\t\t<\/div>\n\t\t\t\t\t<\/div>\n\t\t<\/section>\n\t\t\t\t<\/div>\n\t\t","protected":false},"excerpt":{"rendered":"<p>Pruebas a cables de potencia Los cables de potencia son utilizados para transmitir energ\u00eda el\u00e9ctrica de un lugar a otro, a una corriente y tensi\u00f3n determinadas. Su funci\u00f3n principal es, transportar eficientemente la energ\u00eda el\u00e9ctrica, de forma que las perdidas el\u00e9ctricas sean lo m\u00e1s bajas posibles. La corriente el\u00e9ctrica que puede conducir un cable en&#8230;<\/p>\n<p class=\"more-link\"><a href=\"https:\/\/oropeza-siteground.techdesk.com.mx\/index.php\/elementor-4241\/\"><span>Read More<\/span><i>&#43;<\/i><\/a><\/p>\n","protected":false},"author":1,"featured_media":0,"parent":0,"menu_order":0,"comment_status":"closed","ping_status":"closed","template":"","meta":{"footnotes":""},"class_list":["post-4241","page","type-page","status-publish","hentry"],"yoast_head":"<!-- This site is optimized with the Yoast SEO plugin v27.6 - https:\/\/yoast.com\/product\/yoast-seo-wordpress\/ -->\n<title>PRUEBAS A CABLES DE POTENCIA - Oropeza Ingenieros<\/title>\n<meta name=\"robots\" content=\"index, follow, max-snippet:-1, max-image-preview:large, max-video-preview:-1\" \/>\n<link rel=\"canonical\" href=\"https:\/\/oropeza-siteground.techdesk.com.mx\/index.php\/elementor-4241\/\" \/>\n<meta property=\"og:locale\" content=\"es_MX\" \/>\n<meta property=\"og:type\" content=\"article\" \/>\n<meta property=\"og:title\" content=\"PRUEBAS A CABLES DE POTENCIA - Oropeza Ingenieros\" \/>\n<meta property=\"og:description\" content=\"Pruebas a cables de potencia Los cables de potencia son utilizados para transmitir energ\u00eda el\u00e9ctrica de un lugar a otro, a una corriente y tensi\u00f3n determinadas. Su funci\u00f3n principal es, transportar eficientemente la energ\u00eda el\u00e9ctrica, de forma que las perdidas el\u00e9ctricas sean lo m\u00e1s bajas posibles. La corriente el\u00e9ctrica que puede conducir un cable en&#8230;Read More&#043;\" \/>\n<meta property=\"og:url\" content=\"https:\/\/oropeza-siteground.techdesk.com.mx\/index.php\/elementor-4241\/\" \/>\n<meta property=\"og:site_name\" content=\"Oropeza Ingenieros\" \/>\n<meta property=\"article:modified_time\" content=\"2022-06-09T21:42:57+00:00\" \/>\n<meta property=\"og:image\" content=\"http:\/\/oropezaingenieros.com\/wp-content\/uploads\/2022\/06\/Copia-de-Copia-de-BANNER-MAYO-22-1-1024x390.png\" \/>\n<meta name=\"twitter:card\" content=\"summary_large_image\" \/>\n<meta name=\"twitter:label1\" content=\"Tiempo de lectura\" \/>\n\t<meta name=\"twitter:data1\" content=\"1 minuto\" \/>\n<script type=\"application\/ld+json\" class=\"yoast-schema-graph\">{\"@context\":\"https:\\\/\\\/schema.org\",\"@graph\":[{\"@type\":\"WebPage\",\"@id\":\"https:\\\/\\\/oropeza-siteground.techdesk.com.mx\\\/index.php\\\/elementor-4241\\\/\",\"url\":\"https:\\\/\\\/oropeza-siteground.techdesk.com.mx\\\/index.php\\\/elementor-4241\\\/\",\"name\":\"PRUEBAS A CABLES DE POTENCIA - Oropeza Ingenieros\",\"isPartOf\":{\"@id\":\"https:\\\/\\\/oropeza-siteground.techdesk.com.mx\\\/#website\"},\"primaryImageOfPage\":{\"@id\":\"https:\\\/\\\/oropeza-siteground.techdesk.com.mx\\\/index.php\\\/elementor-4241\\\/#primaryimage\"},\"image\":{\"@id\":\"https:\\\/\\\/oropeza-siteground.techdesk.com.mx\\\/index.php\\\/elementor-4241\\\/#primaryimage\"},\"thumbnailUrl\":\"http:\\\/\\\/oropezaingenieros.com\\\/wp-content\\\/uploads\\\/2022\\\/06\\\/Copia-de-Copia-de-BANNER-MAYO-22-1-1024x390.png\",\"datePublished\":\"2022-06-09T16:52:23+00:00\",\"dateModified\":\"2022-06-09T21:42:57+00:00\",\"breadcrumb\":{\"@id\":\"https:\\\/\\\/oropeza-siteground.techdesk.com.mx\\\/index.php\\\/elementor-4241\\\/#breadcrumb\"},\"inLanguage\":\"es\",\"potentialAction\":[{\"@type\":\"ReadAction\",\"target\":[\"https:\\\/\\\/oropeza-siteground.techdesk.com.mx\\\/index.php\\\/elementor-4241\\\/\"]}]},{\"@type\":\"ImageObject\",\"inLanguage\":\"es\",\"@id\":\"https:\\\/\\\/oropeza-siteground.techdesk.com.mx\\\/index.php\\\/elementor-4241\\\/#primaryimage\",\"url\":\"http:\\\/\\\/oropezaingenieros.com\\\/wp-content\\\/uploads\\\/2022\\\/06\\\/Copia-de-Copia-de-BANNER-MAYO-22-1-1024x390.png\",\"contentUrl\":\"http:\\\/\\\/oropezaingenieros.com\\\/wp-content\\\/uploads\\\/2022\\\/06\\\/Copia-de-Copia-de-BANNER-MAYO-22-1-1024x390.png\"},{\"@type\":\"BreadcrumbList\",\"@id\":\"https:\\\/\\\/oropeza-siteground.techdesk.com.mx\\\/index.php\\\/elementor-4241\\\/#breadcrumb\",\"itemListElement\":[{\"@type\":\"ListItem\",\"position\":1,\"name\":\"Inicio\",\"item\":\"https:\\\/\\\/oropeza-siteground.techdesk.com.mx\\\/\"},{\"@type\":\"ListItem\",\"position\":2,\"name\":\"PRUEBAS A CABLES DE POTENCIA\"}]},{\"@type\":\"WebSite\",\"@id\":\"https:\\\/\\\/oropeza-siteground.techdesk.com.mx\\\/#website\",\"url\":\"https:\\\/\\\/oropeza-siteground.techdesk.com.mx\\\/\",\"name\":\"Oropeza Ingenieros\",\"description\":\"\",\"publisher\":{\"@id\":\"https:\\\/\\\/oropeza-siteground.techdesk.com.mx\\\/#organization\"},\"potentialAction\":[{\"@type\":\"SearchAction\",\"target\":{\"@type\":\"EntryPoint\",\"urlTemplate\":\"https:\\\/\\\/oropeza-siteground.techdesk.com.mx\\\/?s={search_term_string}\"},\"query-input\":{\"@type\":\"PropertyValueSpecification\",\"valueRequired\":true,\"valueName\":\"search_term_string\"}}],\"inLanguage\":\"es\"},{\"@type\":\"Organization\",\"@id\":\"https:\\\/\\\/oropeza-siteground.techdesk.com.mx\\\/#organization\",\"name\":\"Oropeza Ingenieros\",\"url\":\"https:\\\/\\\/oropeza-siteground.techdesk.com.mx\\\/\",\"logo\":{\"@type\":\"ImageObject\",\"inLanguage\":\"es\",\"@id\":\"https:\\\/\\\/oropeza-siteground.techdesk.com.mx\\\/#\\\/schema\\\/logo\\\/image\\\/\",\"url\":\"https:\\\/\\\/oropeza-siteground.techdesk.com.mx\\\/wp-content\\\/uploads\\\/2020\\\/08\\\/cropped-LOGO-OISA-GRANDE.png\",\"contentUrl\":\"https:\\\/\\\/oropeza-siteground.techdesk.com.mx\\\/wp-content\\\/uploads\\\/2020\\\/08\\\/cropped-LOGO-OISA-GRANDE.png\",\"width\":6937,\"height\":1198,\"caption\":\"Oropeza Ingenieros\"},\"image\":{\"@id\":\"https:\\\/\\\/oropeza-siteground.techdesk.com.mx\\\/#\\\/schema\\\/logo\\\/image\\\/\"}}]}<\/script>\n<!-- \/ Yoast SEO plugin. -->","yoast_head_json":{"title":"PRUEBAS A CABLES DE POTENCIA - Oropeza Ingenieros","robots":{"index":"index","follow":"follow","max-snippet":"max-snippet:-1","max-image-preview":"max-image-preview:large","max-video-preview":"max-video-preview:-1"},"canonical":"https:\/\/oropeza-siteground.techdesk.com.mx\/index.php\/elementor-4241\/","og_locale":"es_MX","og_type":"article","og_title":"PRUEBAS A CABLES DE POTENCIA - Oropeza Ingenieros","og_description":"Pruebas a cables de potencia Los cables de potencia son utilizados para transmitir energ\u00eda el\u00e9ctrica de un lugar a otro, a una corriente y tensi\u00f3n determinadas. Su funci\u00f3n principal es, transportar eficientemente la energ\u00eda el\u00e9ctrica, de forma que las perdidas el\u00e9ctricas sean lo m\u00e1s bajas posibles. La corriente el\u00e9ctrica que puede conducir un cable en&#8230;Read More&#43;","og_url":"https:\/\/oropeza-siteground.techdesk.com.mx\/index.php\/elementor-4241\/","og_site_name":"Oropeza Ingenieros","article_modified_time":"2022-06-09T21:42:57+00:00","og_image":[{"url":"http:\/\/oropezaingenieros.com\/wp-content\/uploads\/2022\/06\/Copia-de-Copia-de-BANNER-MAYO-22-1-1024x390.png","type":"","width":"","height":""}],"twitter_card":"summary_large_image","twitter_misc":{"Tiempo de lectura":"1 minuto"},"schema":{"@context":"https:\/\/schema.org","@graph":[{"@type":"WebPage","@id":"https:\/\/oropeza-siteground.techdesk.com.mx\/index.php\/elementor-4241\/","url":"https:\/\/oropeza-siteground.techdesk.com.mx\/index.php\/elementor-4241\/","name":"PRUEBAS A CABLES DE POTENCIA - Oropeza Ingenieros","isPartOf":{"@id":"https:\/\/oropeza-siteground.techdesk.com.mx\/#website"},"primaryImageOfPage":{"@id":"https:\/\/oropeza-siteground.techdesk.com.mx\/index.php\/elementor-4241\/#primaryimage"},"image":{"@id":"https:\/\/oropeza-siteground.techdesk.com.mx\/index.php\/elementor-4241\/#primaryimage"},"thumbnailUrl":"http:\/\/oropezaingenieros.com\/wp-content\/uploads\/2022\/06\/Copia-de-Copia-de-BANNER-MAYO-22-1-1024x390.png","datePublished":"2022-06-09T16:52:23+00:00","dateModified":"2022-06-09T21:42:57+00:00","breadcrumb":{"@id":"https:\/\/oropeza-siteground.techdesk.com.mx\/index.php\/elementor-4241\/#breadcrumb"},"inLanguage":"es","potentialAction":[{"@type":"ReadAction","target":["https:\/\/oropeza-siteground.techdesk.com.mx\/index.php\/elementor-4241\/"]}]},{"@type":"ImageObject","inLanguage":"es","@id":"https:\/\/oropeza-siteground.techdesk.com.mx\/index.php\/elementor-4241\/#primaryimage","url":"http:\/\/oropezaingenieros.com\/wp-content\/uploads\/2022\/06\/Copia-de-Copia-de-BANNER-MAYO-22-1-1024x390.png","contentUrl":"http:\/\/oropezaingenieros.com\/wp-content\/uploads\/2022\/06\/Copia-de-Copia-de-BANNER-MAYO-22-1-1024x390.png"},{"@type":"BreadcrumbList","@id":"https:\/\/oropeza-siteground.techdesk.com.mx\/index.php\/elementor-4241\/#breadcrumb","itemListElement":[{"@type":"ListItem","position":1,"name":"Inicio","item":"https:\/\/oropeza-siteground.techdesk.com.mx\/"},{"@type":"ListItem","position":2,"name":"PRUEBAS A CABLES DE POTENCIA"}]},{"@type":"WebSite","@id":"https:\/\/oropeza-siteground.techdesk.com.mx\/#website","url":"https:\/\/oropeza-siteground.techdesk.com.mx\/","name":"Oropeza Ingenieros","description":"","publisher":{"@id":"https:\/\/oropeza-siteground.techdesk.com.mx\/#organization"},"potentialAction":[{"@type":"SearchAction","target":{"@type":"EntryPoint","urlTemplate":"https:\/\/oropeza-siteground.techdesk.com.mx\/?s={search_term_string}"},"query-input":{"@type":"PropertyValueSpecification","valueRequired":true,"valueName":"search_term_string"}}],"inLanguage":"es"},{"@type":"Organization","@id":"https:\/\/oropeza-siteground.techdesk.com.mx\/#organization","name":"Oropeza Ingenieros","url":"https:\/\/oropeza-siteground.techdesk.com.mx\/","logo":{"@type":"ImageObject","inLanguage":"es","@id":"https:\/\/oropeza-siteground.techdesk.com.mx\/#\/schema\/logo\/image\/","url":"https:\/\/oropeza-siteground.techdesk.com.mx\/wp-content\/uploads\/2020\/08\/cropped-LOGO-OISA-GRANDE.png","contentUrl":"https:\/\/oropeza-siteground.techdesk.com.mx\/wp-content\/uploads\/2020\/08\/cropped-LOGO-OISA-GRANDE.png","width":6937,"height":1198,"caption":"Oropeza Ingenieros"},"image":{"@id":"https:\/\/oropeza-siteground.techdesk.com.mx\/#\/schema\/logo\/image\/"}}]}},"_links":{"self":[{"href":"https:\/\/oropeza-siteground.techdesk.com.mx\/index.php\/wp-json\/wp\/v2\/pages\/4241","targetHints":{"allow":["GET"]}}],"collection":[{"href":"https:\/\/oropeza-siteground.techdesk.com.mx\/index.php\/wp-json\/wp\/v2\/pages"}],"about":[{"href":"https:\/\/oropeza-siteground.techdesk.com.mx\/index.php\/wp-json\/wp\/v2\/types\/page"}],"author":[{"embeddable":true,"href":"https:\/\/oropeza-siteground.techdesk.com.mx\/index.php\/wp-json\/wp\/v2\/users\/1"}],"replies":[{"embeddable":true,"href":"https:\/\/oropeza-siteground.techdesk.com.mx\/index.php\/wp-json\/wp\/v2\/comments?post=4241"}],"version-history":[{"count":5,"href":"https:\/\/oropeza-siteground.techdesk.com.mx\/index.php\/wp-json\/wp\/v2\/pages\/4241\/revisions"}],"predecessor-version":[{"id":4251,"href":"https:\/\/oropeza-siteground.techdesk.com.mx\/index.php\/wp-json\/wp\/v2\/pages\/4241\/revisions\/4251"}],"wp:attachment":[{"href":"https:\/\/oropeza-siteground.techdesk.com.mx\/index.php\/wp-json\/wp\/v2\/media?parent=4241"}],"curies":[{"name":"wp","href":"https:\/\/api.w.org\/{rel}","templated":true}]}}