{"id":3789,"date":"2021-09-06T09:35:50","date_gmt":"2021-09-06T14:35:50","guid":{"rendered":"https:\/\/oropezaingenieros.com\/?page_id=3789"},"modified":"2023-11-29T13:59:41","modified_gmt":"2023-11-29T19:59:41","slug":"reconocimientos-miesa","status":"publish","type":"page","link":"https:\/\/oropeza-siteground.techdesk.com.mx\/index.php\/reconocimientos-miesa\/","title":{"rendered":"RECONOCIMIENTOS  MIESA"},"content":{"rendered":"\t\t<div data-elementor-type=\"wp-page\" data-elementor-id=\"3789\" class=\"elementor elementor-3789\" data-elementor-post-type=\"page\">\n\t\t\t\t\t\t<section class=\"elementor-section elementor-top-section elementor-element elementor-element-65e68f9 elementor-section-boxed elementor-section-height-default elementor-section-height-default\" data-id=\"65e68f9\" data-element_type=\"section\" data-e-type=\"section\">\n\t\t\t\t\t\t<div class=\"elementor-container elementor-column-gap-default\">\n\t\t\t\t\t<div class=\"elementor-column elementor-col-100 elementor-top-column elementor-element elementor-element-d98c3ed\" data-id=\"d98c3ed\" data-element_type=\"column\" data-e-type=\"column\">\n\t\t\t<div class=\"elementor-widget-wrap elementor-element-populated\">\n\t\t\t\t\t\t<div class=\"elementor-element elementor-element-b81b260 gallery-spacing-custom elementor-widget elementor-widget-image-gallery\" data-id=\"b81b260\" data-element_type=\"widget\" data-e-type=\"widget\" data-widget_type=\"image-gallery.default\">\n\t\t\t\t<div class=\"elementor-widget-container\">\n\t\t\t\t\t\t\t<div class=\"elementor-image-gallery\">\n\t\t\t\n\t\t<style type=\"text\/css\">\n\t\t\t#gallery-1 {\n\t\t\t\tmargin: auto;\n\t\t\t}\n\t\t\t#gallery-1 .gallery-item {\n\t\t\t\tfloat: left;\n\t\t\t\tmargin-top: 10px;\n\t\t\t\ttext-align: center;\n\t\t\t\twidth: 33%;\n\t\t\t}\n\t\t\t#gallery-1 img {\n\t\t\t\tborder: 2px solid #cfcfcf;\n\t\t\t}\n\t\t\t#gallery-1 .gallery-caption {\n\t\t\t\tmargin-left: 0;\n\t\t\t}\n\t\t\t\/* see gallery_shortcode() in wp-includes\/media.php *\/\n\t\t<\/style>\n\t\t<div id='gallery-1' class='gallery galleryid-3789 gallery-columns-3 gallery-size-medium_large'><dl class='gallery-item'>\n\t\t\t<dt class='gallery-icon portrait'>\n\t\t\t\t<a data-elementor-open-lightbox=\"no\" href='https:\/\/oropeza-siteground.techdesk.com.mx\/wp-content\/uploads\/2023\/11\/ISO-9001-2015-Espanol-3-scaled.jpg'><img fetchpriority=\"high\" decoding=\"async\" width=\"768\" height=\"994\" src=\"https:\/\/oropeza-siteground.techdesk.com.mx\/wp-content\/uploads\/2023\/11\/ISO-9001-2015-Espanol-3-768x994.jpg\" class=\"attachment-medium_large size-medium_large\" alt=\"Certificaci\u00f3n ISO 9001 2015\" srcset=\"https:\/\/oropeza-siteground.techdesk.com.mx\/wp-content\/uploads\/2023\/11\/ISO-9001-2015-Espanol-3-768x994.jpg 768w, https:\/\/oropeza-siteground.techdesk.com.mx\/wp-content\/uploads\/2023\/11\/ISO-9001-2015-Espanol-3-232x300.jpg 232w, https:\/\/oropeza-siteground.techdesk.com.mx\/wp-content\/uploads\/2023\/11\/ISO-9001-2015-Espanol-3-791x1024.jpg 791w, https:\/\/oropeza-siteground.techdesk.com.mx\/wp-content\/uploads\/2023\/11\/ISO-9001-2015-Espanol-3-1187x1536.jpg 1187w, https:\/\/oropeza-siteground.techdesk.com.mx\/wp-content\/uploads\/2023\/11\/ISO-9001-2015-Espanol-3-1583x2048.jpg 1583w, https:\/\/oropeza-siteground.techdesk.com.mx\/wp-content\/uploads\/2023\/11\/ISO-9001-2015-Espanol-3-464x600.jpg 464w, https:\/\/oropeza-siteground.techdesk.com.mx\/wp-content\/uploads\/2023\/11\/ISO-9001-2015-Espanol-3-124x160.jpg 124w, https:\/\/oropeza-siteground.techdesk.com.mx\/wp-content\/uploads\/2023\/11\/ISO-9001-2015-Espanol-3-600x776.jpg 600w, https:\/\/oropeza-siteground.techdesk.com.mx\/wp-content\/uploads\/2023\/11\/ISO-9001-2015-Espanol-3-scaled.jpg 1978w\" sizes=\"(max-width: 768px) 100vw, 768px\" \/><\/a>\n\t\t\t<\/dt><\/dl><dl class='gallery-item'>\n\t\t\t<dt class='gallery-icon portrait'>\n\t\t\t\t<a data-elementor-open-lightbox=\"no\" href='https:\/\/oropeza-siteground.techdesk.com.mx\/wp-content\/uploads\/2023\/10\/3.-Luis-Alfonso-Alvarez-Ramirez.jpg'><img decoding=\"async\" width=\"768\" height=\"994\" src=\"https:\/\/oropeza-siteground.techdesk.com.mx\/wp-content\/uploads\/2023\/10\/3.-Luis-Alfonso-Alvarez-Ramirez-768x994.jpg\" class=\"attachment-medium_large size-medium_large\" alt=\"\" aria-describedby=\"gallery-1-6264\" srcset=\"https:\/\/oropeza-siteground.techdesk.com.mx\/wp-content\/uploads\/2023\/10\/3.-Luis-Alfonso-Alvarez-Ramirez-768x994.jpg 768w, https:\/\/oropeza-siteground.techdesk.com.mx\/wp-content\/uploads\/2023\/10\/3.-Luis-Alfonso-Alvarez-Ramirez-232x300.jpg 232w, https:\/\/oropeza-siteground.techdesk.com.mx\/wp-content\/uploads\/2023\/10\/3.-Luis-Alfonso-Alvarez-Ramirez-791x1024.jpg 791w, https:\/\/oropeza-siteground.techdesk.com.mx\/wp-content\/uploads\/2023\/10\/3.-Luis-Alfonso-Alvarez-Ramirez-1187x1536.jpg 1187w, https:\/\/oropeza-siteground.techdesk.com.mx\/wp-content\/uploads\/2023\/10\/3.-Luis-Alfonso-Alvarez-Ramirez-1583x2048.jpg 1583w, https:\/\/oropeza-siteground.techdesk.com.mx\/wp-content\/uploads\/2023\/10\/3.-Luis-Alfonso-Alvarez-Ramirez-464x600.jpg 464w, https:\/\/oropeza-siteground.techdesk.com.mx\/wp-content\/uploads\/2023\/10\/3.-Luis-Alfonso-Alvarez-Ramirez-124x160.jpg 124w, https:\/\/oropeza-siteground.techdesk.com.mx\/wp-content\/uploads\/2023\/10\/3.-Luis-Alfonso-Alvarez-Ramirez-600x776.jpg 600w, https:\/\/oropeza-siteground.techdesk.com.mx\/wp-content\/uploads\/2023\/10\/3.-Luis-Alfonso-Alvarez-Ramirez.jpg 1700w\" sizes=\"(max-width: 768px) 100vw, 768px\" \/><\/a>\n\t\t\t<\/dt>\n\t\t\t\t<dd class='wp-caption-text gallery-caption' id='gallery-1-6264'>\n\t\t\t\tCurso, Calidad en la Energ\u00eda.\n\t\t\t\t<\/dd><\/dl><dl class='gallery-item'>\n\t\t\t<dt class='gallery-icon portrait'>\n\t\t\t\t<a data-elementor-open-lightbox=\"no\" href='https:\/\/oropeza-siteground.techdesk.com.mx\/wp-content\/uploads\/2021\/09\/escanear0002-scaled.jpg'><img decoding=\"async\" width=\"768\" height=\"1007\" src=\"https:\/\/oropeza-siteground.techdesk.com.mx\/wp-content\/uploads\/2021\/09\/escanear0002-768x1007.jpg\" class=\"attachment-medium_large size-medium_large\" alt=\"\" srcset=\"https:\/\/oropeza-siteground.techdesk.com.mx\/wp-content\/uploads\/2021\/09\/escanear0002-768x1007.jpg 768w, https:\/\/oropeza-siteground.techdesk.com.mx\/wp-content\/uploads\/2021\/09\/escanear0002-229x300.jpg 229w, https:\/\/oropeza-siteground.techdesk.com.mx\/wp-content\/uploads\/2021\/09\/escanear0002-781x1024.jpg 781w, https:\/\/oropeza-siteground.techdesk.com.mx\/wp-content\/uploads\/2021\/09\/escanear0002-1171x1536.jpg 1171w, https:\/\/oropeza-siteground.techdesk.com.mx\/wp-content\/uploads\/2021\/09\/escanear0002-1561x2048.jpg 1561w, https:\/\/oropeza-siteground.techdesk.com.mx\/wp-content\/uploads\/2021\/09\/escanear0002-457x600.jpg 457w, https:\/\/oropeza-siteground.techdesk.com.mx\/wp-content\/uploads\/2021\/09\/escanear0002-122x160.jpg 122w, https:\/\/oropeza-siteground.techdesk.com.mx\/wp-content\/uploads\/2021\/09\/escanear0002-scaled.jpg 1952w\" sizes=\"(max-width: 768px) 100vw, 768px\" \/><\/a>\n\t\t\t<\/dt><\/dl><br style=\"clear: both\" \/><dl class='gallery-item'>\n\t\t\t<dt class='gallery-icon portrait'>\n\t\t\t\t<a data-elementor-open-lightbox=\"no\" href='https:\/\/oropeza-siteground.techdesk.com.mx\/wp-content\/uploads\/2023\/10\/EDUARDO-INIGUEZ-TRUJILLO-scaled.jpg'><img loading=\"lazy\" decoding=\"async\" width=\"768\" height=\"1003\" src=\"https:\/\/oropeza-siteground.techdesk.com.mx\/wp-content\/uploads\/2023\/10\/EDUARDO-INIGUEZ-TRUJILLO-768x1003.jpg\" class=\"attachment-medium_large size-medium_large\" alt=\"\" aria-describedby=\"gallery-1-6265\" srcset=\"https:\/\/oropeza-siteground.techdesk.com.mx\/wp-content\/uploads\/2023\/10\/EDUARDO-INIGUEZ-TRUJILLO-768x1003.jpg 768w, https:\/\/oropeza-siteground.techdesk.com.mx\/wp-content\/uploads\/2023\/10\/EDUARDO-INIGUEZ-TRUJILLO-230x300.jpg 230w, https:\/\/oropeza-siteground.techdesk.com.mx\/wp-content\/uploads\/2023\/10\/EDUARDO-INIGUEZ-TRUJILLO-784x1024.jpg 784w, https:\/\/oropeza-siteground.techdesk.com.mx\/wp-content\/uploads\/2023\/10\/EDUARDO-INIGUEZ-TRUJILLO-1176x1536.jpg 1176w, https:\/\/oropeza-siteground.techdesk.com.mx\/wp-content\/uploads\/2023\/10\/EDUARDO-INIGUEZ-TRUJILLO-1568x2048.jpg 1568w, https:\/\/oropeza-siteground.techdesk.com.mx\/wp-content\/uploads\/2023\/10\/EDUARDO-INIGUEZ-TRUJILLO-459x600.jpg 459w, https:\/\/oropeza-siteground.techdesk.com.mx\/wp-content\/uploads\/2023\/10\/EDUARDO-INIGUEZ-TRUJILLO-123x160.jpg 123w, https:\/\/oropeza-siteground.techdesk.com.mx\/wp-content\/uploads\/2023\/10\/EDUARDO-INIGUEZ-TRUJILLO-600x784.jpg 600w, https:\/\/oropeza-siteground.techdesk.com.mx\/wp-content\/uploads\/2023\/10\/EDUARDO-INIGUEZ-TRUJILLO-scaled.jpg 1960w\" sizes=\"(max-width: 768px) 100vw, 768px\" \/><\/a>\n\t\t\t<\/dt>\n\t\t\t\t<dd class='wp-caption-text gallery-caption' id='gallery-1-6265'>\n\t\t\t\tPruebas Est\u00e1ticas de Motores El\u00e9ctricos Nivel 1 \n\t\t\t\t<\/dd><\/dl><dl class='gallery-item'>\n\t\t\t<dt class='gallery-icon portrait'>\n\t\t\t\t<a data-elementor-open-lightbox=\"no\" href='https:\/\/oropeza-siteground.techdesk.com.mx\/wp-content\/uploads\/2021\/09\/escanear0004-scaled.jpg'><img loading=\"lazy\" decoding=\"async\" width=\"768\" height=\"1015\" src=\"https:\/\/oropeza-siteground.techdesk.com.mx\/wp-content\/uploads\/2021\/09\/escanear0004-768x1015.jpg\" class=\"attachment-medium_large size-medium_large\" alt=\"\" aria-describedby=\"gallery-1-3795\" srcset=\"https:\/\/oropeza-siteground.techdesk.com.mx\/wp-content\/uploads\/2021\/09\/escanear0004-768x1015.jpg 768w, https:\/\/oropeza-siteground.techdesk.com.mx\/wp-content\/uploads\/2021\/09\/escanear0004-227x300.jpg 227w, https:\/\/oropeza-siteground.techdesk.com.mx\/wp-content\/uploads\/2021\/09\/escanear0004-775x1024.jpg 775w, https:\/\/oropeza-siteground.techdesk.com.mx\/wp-content\/uploads\/2021\/09\/escanear0004-1162x1536.jpg 1162w, https:\/\/oropeza-siteground.techdesk.com.mx\/wp-content\/uploads\/2021\/09\/escanear0004-1549x2048.jpg 1549w, https:\/\/oropeza-siteground.techdesk.com.mx\/wp-content\/uploads\/2021\/09\/escanear0004-454x600.jpg 454w, https:\/\/oropeza-siteground.techdesk.com.mx\/wp-content\/uploads\/2021\/09\/escanear0004-121x160.jpg 121w, https:\/\/oropeza-siteground.techdesk.com.mx\/wp-content\/uploads\/2021\/09\/escanear0004-scaled.jpg 1937w\" sizes=\"(max-width: 768px) 100vw, 768px\" \/><\/a>\n\t\t\t<\/dt>\n\t\t\t\t<dd class='wp-caption-text gallery-caption' id='gallery-1-3795'>\n\t\t\t\tPruebas Est\u00e1ticas de Motores El\u00e9ctricos Nivel 1 \n\t\t\t\t<\/dd><\/dl><dl class='gallery-item'>\n\t\t\t<dt class='gallery-icon portrait'>\n\t\t\t\t<a data-elementor-open-lightbox=\"no\" href='https:\/\/oropeza-siteground.techdesk.com.mx\/wp-content\/uploads\/2023\/10\/HUGO-PABLO-VASQUEZ-scaled.jpg'><img loading=\"lazy\" decoding=\"async\" width=\"768\" height=\"1003\" src=\"https:\/\/oropeza-siteground.techdesk.com.mx\/wp-content\/uploads\/2023\/10\/HUGO-PABLO-VASQUEZ-768x1003.jpg\" class=\"attachment-medium_large size-medium_large\" alt=\"\" aria-describedby=\"gallery-1-6263\" srcset=\"https:\/\/oropeza-siteground.techdesk.com.mx\/wp-content\/uploads\/2023\/10\/HUGO-PABLO-VASQUEZ-768x1003.jpg 768w, https:\/\/oropeza-siteground.techdesk.com.mx\/wp-content\/uploads\/2023\/10\/HUGO-PABLO-VASQUEZ-230x300.jpg 230w, https:\/\/oropeza-siteground.techdesk.com.mx\/wp-content\/uploads\/2023\/10\/HUGO-PABLO-VASQUEZ-784x1024.jpg 784w, https:\/\/oropeza-siteground.techdesk.com.mx\/wp-content\/uploads\/2023\/10\/HUGO-PABLO-VASQUEZ-1176x1536.jpg 1176w, https:\/\/oropeza-siteground.techdesk.com.mx\/wp-content\/uploads\/2023\/10\/HUGO-PABLO-VASQUEZ-1568x2048.jpg 1568w, https:\/\/oropeza-siteground.techdesk.com.mx\/wp-content\/uploads\/2023\/10\/HUGO-PABLO-VASQUEZ-459x600.jpg 459w, https:\/\/oropeza-siteground.techdesk.com.mx\/wp-content\/uploads\/2023\/10\/HUGO-PABLO-VASQUEZ-123x160.jpg 123w, https:\/\/oropeza-siteground.techdesk.com.mx\/wp-content\/uploads\/2023\/10\/HUGO-PABLO-VASQUEZ-600x784.jpg 600w, https:\/\/oropeza-siteground.techdesk.com.mx\/wp-content\/uploads\/2023\/10\/HUGO-PABLO-VASQUEZ-scaled.jpg 1960w\" sizes=\"(max-width: 768px) 100vw, 768px\" \/><\/a>\n\t\t\t<\/dt>\n\t\t\t\t<dd class='wp-caption-text gallery-caption' id='gallery-1-6263'>\n\t\t\t\tPruebas Est\u00e1ticas de Motores El\u00e9ctricos Nivel 1 \n\t\t\t\t<\/dd><\/dl><br style=\"clear: both\" \/><dl class='gallery-item'>\n\t\t\t<dt class='gallery-icon landscape'>\n\t\t\t\t<a data-elementor-open-lightbox=\"no\" href='https:\/\/oropeza-siteground.techdesk.com.mx\/wp-content\/uploads\/2021\/09\/escanear0008-scaled.jpg'><img loading=\"lazy\" decoding=\"async\" width=\"768\" height=\"587\" src=\"https:\/\/oropeza-siteground.techdesk.com.mx\/wp-content\/uploads\/2021\/09\/escanear0008-768x587.jpg\" class=\"attachment-medium_large size-medium_large\" alt=\"\" srcset=\"https:\/\/oropeza-siteground.techdesk.com.mx\/wp-content\/uploads\/2021\/09\/escanear0008-768x587.jpg 768w, https:\/\/oropeza-siteground.techdesk.com.mx\/wp-content\/uploads\/2021\/09\/escanear0008-300x229.jpg 300w, https:\/\/oropeza-siteground.techdesk.com.mx\/wp-content\/uploads\/2021\/09\/escanear0008-1024x783.jpg 1024w, https:\/\/oropeza-siteground.techdesk.com.mx\/wp-content\/uploads\/2021\/09\/escanear0008-1536x1174.jpg 1536w, https:\/\/oropeza-siteground.techdesk.com.mx\/wp-content\/uploads\/2021\/09\/escanear0008-2048x1565.jpg 2048w, https:\/\/oropeza-siteground.techdesk.com.mx\/wp-content\/uploads\/2021\/09\/escanear0008-600x459.jpg 600w, https:\/\/oropeza-siteground.techdesk.com.mx\/wp-content\/uploads\/2021\/09\/escanear0008-209x160.jpg 209w\" sizes=\"(max-width: 768px) 100vw, 768px\" \/><\/a>\n\t\t\t<\/dt><\/dl><dl class='gallery-item'>\n\t\t\t<dt class='gallery-icon landscape'>\n\t\t\t\t<a data-elementor-open-lightbox=\"no\" href='https:\/\/oropeza-siteground.techdesk.com.mx\/wp-content\/uploads\/2021\/09\/escanear0005-1-scaled.jpg'><img loading=\"lazy\" decoding=\"async\" width=\"768\" height=\"572\" src=\"https:\/\/oropeza-siteground.techdesk.com.mx\/wp-content\/uploads\/2021\/09\/escanear0005-1-768x572.jpg\" class=\"attachment-medium_large size-medium_large\" alt=\"\" aria-describedby=\"gallery-1-3796\" srcset=\"https:\/\/oropeza-siteground.techdesk.com.mx\/wp-content\/uploads\/2021\/09\/escanear0005-1-768x572.jpg 768w, https:\/\/oropeza-siteground.techdesk.com.mx\/wp-content\/uploads\/2021\/09\/escanear0005-1-300x223.jpg 300w, https:\/\/oropeza-siteground.techdesk.com.mx\/wp-content\/uploads\/2021\/09\/escanear0005-1-1024x762.jpg 1024w, https:\/\/oropeza-siteground.techdesk.com.mx\/wp-content\/uploads\/2021\/09\/escanear0005-1-1536x1144.jpg 1536w, https:\/\/oropeza-siteground.techdesk.com.mx\/wp-content\/uploads\/2021\/09\/escanear0005-1-2048x1525.jpg 2048w, https:\/\/oropeza-siteground.techdesk.com.mx\/wp-content\/uploads\/2021\/09\/escanear0005-1-600x447.jpg 600w, https:\/\/oropeza-siteground.techdesk.com.mx\/wp-content\/uploads\/2021\/09\/escanear0005-1-215x160.jpg 215w\" sizes=\"(max-width: 768px) 100vw, 768px\" \/><\/a>\n\t\t\t<\/dt>\n\t\t\t\t<dd class='wp-caption-text gallery-caption' id='gallery-1-3796'>\n\t\t\t\tTermograf\u00eda T\u00e9rmica Infrarroja \n\t\t\t\t<\/dd><\/dl><dl class='gallery-item'>\n\t\t\t<dt class='gallery-icon landscape'>\n\t\t\t\t<a data-elementor-open-lightbox=\"no\" href='https:\/\/oropeza-siteground.techdesk.com.mx\/wp-content\/uploads\/2021\/09\/escanear0009-scaled.jpg'><img loading=\"lazy\" decoding=\"async\" width=\"768\" height=\"582\" src=\"https:\/\/oropeza-siteground.techdesk.com.mx\/wp-content\/uploads\/2021\/09\/escanear0009-768x582.jpg\" class=\"attachment-medium_large size-medium_large\" alt=\"\" aria-describedby=\"gallery-1-3800\" srcset=\"https:\/\/oropeza-siteground.techdesk.com.mx\/wp-content\/uploads\/2021\/09\/escanear0009-768x582.jpg 768w, https:\/\/oropeza-siteground.techdesk.com.mx\/wp-content\/uploads\/2021\/09\/escanear0009-300x227.jpg 300w, https:\/\/oropeza-siteground.techdesk.com.mx\/wp-content\/uploads\/2021\/09\/escanear0009-1024x776.jpg 1024w, https:\/\/oropeza-siteground.techdesk.com.mx\/wp-content\/uploads\/2021\/09\/escanear0009-1536x1163.jpg 1536w, https:\/\/oropeza-siteground.techdesk.com.mx\/wp-content\/uploads\/2021\/09\/escanear0009-2048x1551.jpg 2048w, https:\/\/oropeza-siteground.techdesk.com.mx\/wp-content\/uploads\/2021\/09\/escanear0009-600x454.jpg 600w, https:\/\/oropeza-siteground.techdesk.com.mx\/wp-content\/uploads\/2021\/09\/escanear0009-211x160.jpg 211w\" sizes=\"(max-width: 768px) 100vw, 768px\" \/><\/a>\n\t\t\t<\/dt>\n\t\t\t\t<dd class='wp-caption-text gallery-caption' id='gallery-1-3800'>\n\t\t\t\tTermograf\u00eda T\u00e9rmica Infrarroja \n\t\t\t\t<\/dd><\/dl><br style=\"clear: both\" \/>\n\t\t<\/div>\n\t\t<\/div>\n\t\t\t\t\t\t<\/div>\n\t\t\t\t<\/div>\n\t\t\t\t\t<\/div>\n\t\t<\/div>\n\t\t\t\t\t<\/div>\n\t\t<\/section>\n\t\t\t\t<\/div>\n\t\t","protected":false},"excerpt":{"rendered":"<p>Curso, Calidad en la Energ\u00eda. Pruebas Est\u00e1ticas de Motores El\u00e9ctricos Nivel 1 Pruebas Est\u00e1ticas de Motores El\u00e9ctricos Nivel 1 Pruebas Est\u00e1ticas de Motores El\u00e9ctricos Nivel 1 Termograf\u00eda T\u00e9rmica Infrarroja Termograf\u00eda T\u00e9rmica Infrarroja<\/p>\n","protected":false},"author":1,"featured_media":0,"parent":0,"menu_order":0,"comment_status":"closed","ping_status":"closed","template":"","meta":{"footnotes":""},"class_list":["post-3789","page","type-page","status-publish","hentry"],"yoast_head":"<!-- This site is optimized with the Yoast SEO plugin v27.6 - https:\/\/yoast.com\/product\/yoast-seo-wordpress\/ -->\n<title>RECONOCIMIENTOS MIESA - Oropeza Ingenieros<\/title>\n<meta name=\"robots\" content=\"index, follow, max-snippet:-1, max-image-preview:large, max-video-preview:-1\" \/>\n<link rel=\"canonical\" href=\"https:\/\/oropeza-siteground.techdesk.com.mx\/index.php\/reconocimientos-miesa\/\" \/>\n<meta property=\"og:locale\" content=\"es_MX\" \/>\n<meta property=\"og:type\" content=\"article\" \/>\n<meta property=\"og:title\" content=\"RECONOCIMIENTOS MIESA - Oropeza Ingenieros\" \/>\n<meta property=\"og:description\" content=\"Curso, Calidad en la Energ\u00eda. Pruebas Est\u00e1ticas de Motores El\u00e9ctricos Nivel 1 Pruebas Est\u00e1ticas de Motores El\u00e9ctricos Nivel 1 Pruebas Est\u00e1ticas de Motores El\u00e9ctricos Nivel 1 Termograf\u00eda T\u00e9rmica Infrarroja Termograf\u00eda T\u00e9rmica Infrarroja\" \/>\n<meta property=\"og:url\" content=\"https:\/\/oropeza-siteground.techdesk.com.mx\/index.php\/reconocimientos-miesa\/\" \/>\n<meta property=\"og:site_name\" content=\"Oropeza Ingenieros\" \/>\n<meta property=\"article:modified_time\" content=\"2023-11-29T19:59:41+00:00\" \/>\n<meta property=\"og:image\" content=\"http:\/\/oropezaingenieros.com\/wp-content\/uploads\/2023\/11\/ISO-9001-2015-Espanol-3-768x994.jpg\" \/>\n<meta name=\"twitter:card\" content=\"summary_large_image\" \/>\n<meta name=\"twitter:label1\" content=\"Tiempo de lectura\" \/>\n\t<meta name=\"twitter:data1\" content=\"2 minutos\" \/>\n<script type=\"application\/ld+json\" class=\"yoast-schema-graph\">{\"@context\":\"https:\\\/\\\/schema.org\",\"@graph\":[{\"@type\":\"WebPage\",\"@id\":\"https:\\\/\\\/oropeza-siteground.techdesk.com.mx\\\/index.php\\\/reconocimientos-miesa\\\/\",\"url\":\"https:\\\/\\\/oropeza-siteground.techdesk.com.mx\\\/index.php\\\/reconocimientos-miesa\\\/\",\"name\":\"RECONOCIMIENTOS MIESA - Oropeza Ingenieros\",\"isPartOf\":{\"@id\":\"https:\\\/\\\/oropeza-siteground.techdesk.com.mx\\\/#website\"},\"primaryImageOfPage\":{\"@id\":\"https:\\\/\\\/oropeza-siteground.techdesk.com.mx\\\/index.php\\\/reconocimientos-miesa\\\/#primaryimage\"},\"image\":{\"@id\":\"https:\\\/\\\/oropeza-siteground.techdesk.com.mx\\\/index.php\\\/reconocimientos-miesa\\\/#primaryimage\"},\"thumbnailUrl\":\"http:\\\/\\\/oropezaingenieros.com\\\/wp-content\\\/uploads\\\/2023\\\/11\\\/ISO-9001-2015-Espanol-3-768x994.jpg\",\"datePublished\":\"2021-09-06T14:35:50+00:00\",\"dateModified\":\"2023-11-29T19:59:41+00:00\",\"breadcrumb\":{\"@id\":\"https:\\\/\\\/oropeza-siteground.techdesk.com.mx\\\/index.php\\\/reconocimientos-miesa\\\/#breadcrumb\"},\"inLanguage\":\"es\",\"potentialAction\":[{\"@type\":\"ReadAction\",\"target\":[\"https:\\\/\\\/oropeza-siteground.techdesk.com.mx\\\/index.php\\\/reconocimientos-miesa\\\/\"]}]},{\"@type\":\"ImageObject\",\"inLanguage\":\"es\",\"@id\":\"https:\\\/\\\/oropeza-siteground.techdesk.com.mx\\\/index.php\\\/reconocimientos-miesa\\\/#primaryimage\",\"url\":\"http:\\\/\\\/oropezaingenieros.com\\\/wp-content\\\/uploads\\\/2023\\\/11\\\/ISO-9001-2015-Espanol-3-768x994.jpg\",\"contentUrl\":\"http:\\\/\\\/oropezaingenieros.com\\\/wp-content\\\/uploads\\\/2023\\\/11\\\/ISO-9001-2015-Espanol-3-768x994.jpg\"},{\"@type\":\"BreadcrumbList\",\"@id\":\"https:\\\/\\\/oropeza-siteground.techdesk.com.mx\\\/index.php\\\/reconocimientos-miesa\\\/#breadcrumb\",\"itemListElement\":[{\"@type\":\"ListItem\",\"position\":1,\"name\":\"Inicio\",\"item\":\"https:\\\/\\\/oropeza-siteground.techdesk.com.mx\\\/\"},{\"@type\":\"ListItem\",\"position\":2,\"name\":\"RECONOCIMIENTOS MIESA\"}]},{\"@type\":\"WebSite\",\"@id\":\"https:\\\/\\\/oropeza-siteground.techdesk.com.mx\\\/#website\",\"url\":\"https:\\\/\\\/oropeza-siteground.techdesk.com.mx\\\/\",\"name\":\"Oropeza Ingenieros\",\"description\":\"\",\"publisher\":{\"@id\":\"https:\\\/\\\/oropeza-siteground.techdesk.com.mx\\\/#organization\"},\"potentialAction\":[{\"@type\":\"SearchAction\",\"target\":{\"@type\":\"EntryPoint\",\"urlTemplate\":\"https:\\\/\\\/oropeza-siteground.techdesk.com.mx\\\/?s={search_term_string}\"},\"query-input\":{\"@type\":\"PropertyValueSpecification\",\"valueRequired\":true,\"valueName\":\"search_term_string\"}}],\"inLanguage\":\"es\"},{\"@type\":\"Organization\",\"@id\":\"https:\\\/\\\/oropeza-siteground.techdesk.com.mx\\\/#organization\",\"name\":\"Oropeza Ingenieros\",\"url\":\"https:\\\/\\\/oropeza-siteground.techdesk.com.mx\\\/\",\"logo\":{\"@type\":\"ImageObject\",\"inLanguage\":\"es\",\"@id\":\"https:\\\/\\\/oropeza-siteground.techdesk.com.mx\\\/#\\\/schema\\\/logo\\\/image\\\/\",\"url\":\"https:\\\/\\\/oropeza-siteground.techdesk.com.mx\\\/wp-content\\\/uploads\\\/2020\\\/08\\\/cropped-LOGO-OISA-GRANDE.png\",\"contentUrl\":\"https:\\\/\\\/oropeza-siteground.techdesk.com.mx\\\/wp-content\\\/uploads\\\/2020\\\/08\\\/cropped-LOGO-OISA-GRANDE.png\",\"width\":6937,\"height\":1198,\"caption\":\"Oropeza Ingenieros\"},\"image\":{\"@id\":\"https:\\\/\\\/oropeza-siteground.techdesk.com.mx\\\/#\\\/schema\\\/logo\\\/image\\\/\"}}]}<\/script>\n<!-- \/ Yoast SEO plugin. -->","yoast_head_json":{"title":"RECONOCIMIENTOS MIESA - Oropeza Ingenieros","robots":{"index":"index","follow":"follow","max-snippet":"max-snippet:-1","max-image-preview":"max-image-preview:large","max-video-preview":"max-video-preview:-1"},"canonical":"https:\/\/oropeza-siteground.techdesk.com.mx\/index.php\/reconocimientos-miesa\/","og_locale":"es_MX","og_type":"article","og_title":"RECONOCIMIENTOS MIESA - Oropeza Ingenieros","og_description":"Curso, Calidad en la Energ\u00eda. Pruebas Est\u00e1ticas de Motores El\u00e9ctricos Nivel 1 Pruebas Est\u00e1ticas de Motores El\u00e9ctricos Nivel 1 Pruebas Est\u00e1ticas de Motores El\u00e9ctricos Nivel 1 Termograf\u00eda T\u00e9rmica Infrarroja Termograf\u00eda T\u00e9rmica Infrarroja","og_url":"https:\/\/oropeza-siteground.techdesk.com.mx\/index.php\/reconocimientos-miesa\/","og_site_name":"Oropeza Ingenieros","article_modified_time":"2023-11-29T19:59:41+00:00","og_image":[{"url":"http:\/\/oropezaingenieros.com\/wp-content\/uploads\/2023\/11\/ISO-9001-2015-Espanol-3-768x994.jpg","type":"","width":"","height":""}],"twitter_card":"summary_large_image","twitter_misc":{"Tiempo de lectura":"2 minutos"},"schema":{"@context":"https:\/\/schema.org","@graph":[{"@type":"WebPage","@id":"https:\/\/oropeza-siteground.techdesk.com.mx\/index.php\/reconocimientos-miesa\/","url":"https:\/\/oropeza-siteground.techdesk.com.mx\/index.php\/reconocimientos-miesa\/","name":"RECONOCIMIENTOS MIESA - Oropeza Ingenieros","isPartOf":{"@id":"https:\/\/oropeza-siteground.techdesk.com.mx\/#website"},"primaryImageOfPage":{"@id":"https:\/\/oropeza-siteground.techdesk.com.mx\/index.php\/reconocimientos-miesa\/#primaryimage"},"image":{"@id":"https:\/\/oropeza-siteground.techdesk.com.mx\/index.php\/reconocimientos-miesa\/#primaryimage"},"thumbnailUrl":"http:\/\/oropezaingenieros.com\/wp-content\/uploads\/2023\/11\/ISO-9001-2015-Espanol-3-768x994.jpg","datePublished":"2021-09-06T14:35:50+00:00","dateModified":"2023-11-29T19:59:41+00:00","breadcrumb":{"@id":"https:\/\/oropeza-siteground.techdesk.com.mx\/index.php\/reconocimientos-miesa\/#breadcrumb"},"inLanguage":"es","potentialAction":[{"@type":"ReadAction","target":["https:\/\/oropeza-siteground.techdesk.com.mx\/index.php\/reconocimientos-miesa\/"]}]},{"@type":"ImageObject","inLanguage":"es","@id":"https:\/\/oropeza-siteground.techdesk.com.mx\/index.php\/reconocimientos-miesa\/#primaryimage","url":"http:\/\/oropezaingenieros.com\/wp-content\/uploads\/2023\/11\/ISO-9001-2015-Espanol-3-768x994.jpg","contentUrl":"http:\/\/oropezaingenieros.com\/wp-content\/uploads\/2023\/11\/ISO-9001-2015-Espanol-3-768x994.jpg"},{"@type":"BreadcrumbList","@id":"https:\/\/oropeza-siteground.techdesk.com.mx\/index.php\/reconocimientos-miesa\/#breadcrumb","itemListElement":[{"@type":"ListItem","position":1,"name":"Inicio","item":"https:\/\/oropeza-siteground.techdesk.com.mx\/"},{"@type":"ListItem","position":2,"name":"RECONOCIMIENTOS MIESA"}]},{"@type":"WebSite","@id":"https:\/\/oropeza-siteground.techdesk.com.mx\/#website","url":"https:\/\/oropeza-siteground.techdesk.com.mx\/","name":"Oropeza Ingenieros","description":"","publisher":{"@id":"https:\/\/oropeza-siteground.techdesk.com.mx\/#organization"},"potentialAction":[{"@type":"SearchAction","target":{"@type":"EntryPoint","urlTemplate":"https:\/\/oropeza-siteground.techdesk.com.mx\/?s={search_term_string}"},"query-input":{"@type":"PropertyValueSpecification","valueRequired":true,"valueName":"search_term_string"}}],"inLanguage":"es"},{"@type":"Organization","@id":"https:\/\/oropeza-siteground.techdesk.com.mx\/#organization","name":"Oropeza Ingenieros","url":"https:\/\/oropeza-siteground.techdesk.com.mx\/","logo":{"@type":"ImageObject","inLanguage":"es","@id":"https:\/\/oropeza-siteground.techdesk.com.mx\/#\/schema\/logo\/image\/","url":"https:\/\/oropeza-siteground.techdesk.com.mx\/wp-content\/uploads\/2020\/08\/cropped-LOGO-OISA-GRANDE.png","contentUrl":"https:\/\/oropeza-siteground.techdesk.com.mx\/wp-content\/uploads\/2020\/08\/cropped-LOGO-OISA-GRANDE.png","width":6937,"height":1198,"caption":"Oropeza Ingenieros"},"image":{"@id":"https:\/\/oropeza-siteground.techdesk.com.mx\/#\/schema\/logo\/image\/"}}]}},"_links":{"self":[{"href":"https:\/\/oropeza-siteground.techdesk.com.mx\/index.php\/wp-json\/wp\/v2\/pages\/3789","targetHints":{"allow":["GET"]}}],"collection":[{"href":"https:\/\/oropeza-siteground.techdesk.com.mx\/index.php\/wp-json\/wp\/v2\/pages"}],"about":[{"href":"https:\/\/oropeza-siteground.techdesk.com.mx\/index.php\/wp-json\/wp\/v2\/types\/page"}],"author":[{"embeddable":true,"href":"https:\/\/oropeza-siteground.techdesk.com.mx\/index.php\/wp-json\/wp\/v2\/users\/1"}],"replies":[{"embeddable":true,"href":"https:\/\/oropeza-siteground.techdesk.com.mx\/index.php\/wp-json\/wp\/v2\/comments?post=3789"}],"version-history":[{"count":19,"href":"https:\/\/oropeza-siteground.techdesk.com.mx\/index.php\/wp-json\/wp\/v2\/pages\/3789\/revisions"}],"predecessor-version":[{"id":6499,"href":"https:\/\/oropeza-siteground.techdesk.com.mx\/index.php\/wp-json\/wp\/v2\/pages\/3789\/revisions\/6499"}],"wp:attachment":[{"href":"https:\/\/oropeza-siteground.techdesk.com.mx\/index.php\/wp-json\/wp\/v2\/media?parent=3789"}],"curies":[{"name":"wp","href":"https:\/\/api.w.org\/{rel}","templated":true}]}}