{"id":3,"date":"2020-02-19T16:03:03","date_gmt":"2020-02-19T16:03:03","guid":{"rendered":"https:\/\/oropezaingenieros.com\/?page_id=3"},"modified":"2022-07-04T13:55:34","modified_gmt":"2022-07-04T18:55:34","slug":"aviso-de-privacidad","status":"publish","type":"page","link":"https:\/\/oropeza-siteground.techdesk.com.mx\/index.php\/aviso-de-privacidad\/","title":{"rendered":"Aviso de Privacidad"},"content":{"rendered":"\n<p>De conformidad con lo establecido en los art\u00edculos 15, 16 y dem\u00e1s relativos a la Ley Federal de Protecci\u00f3n de Datos Personales en Posesi\u00f3n de Particulares,&nbsp;<strong>OROPEZA INGENIEROS S.A. DE C.V.&nbsp;<\/strong>pone a su disposici\u00f3n el aviso de privacidad de conformidad con los siguientes puntos:&nbsp;<\/p>\n\n\n\n<p><strong>I. La identidad y domicilio del responsable que los recaba:&nbsp;<\/strong><\/p>\n\n\n\n<p><strong>OROPEZA INGENIEROS S.A. DE C.V.<\/strong>&nbsp;es una persona jur\u00eddica constituida de conformidad con la legislaci\u00f3n mexicana quien es la responsable de dar tratamiento, recaba, protege y preserva los datos personales, incluyendo aquellos denominados sensibles, patrimoniales y financieros. Cuya empresa tiene como objeto principal la compra-venta de equipo de medici\u00f3n el\u00e9ctrica.<br><br>Dando a conocer que tiene su domicilio en la calle Bandera Nacional # 805, Colonia Residencial Conjunto Patria, C.P. 45160, Zapopan Jalisco. Tel\u00e9fonos: <a href=\"tel:3338363150\">33 38363150<\/a> y <a href=\"tel:3336334121\">33 36334121<\/a>.<\/p>\n\n\n\n<p><strong>II. Forma de obtenci\u00f3n de datos personales:&nbsp;<\/strong><\/p>\n\n\n\n<p>Podemos obtener informaci\u00f3n a trav\u00e9s de los siguientes medios:<\/p>\n\n\n\n<ul class=\"wp-block-list\"><li><strong>a)<\/strong>&nbsp;Cuando nos la proporciona directamente por escrito;<\/li><li><strong>b)<\/strong>&nbsp;En forma verbal;<\/li><li><strong>c<\/strong>) Presente su solicitud de empleo o documento curricular;<\/li><li><strong>d)<\/strong>&nbsp;Por medio de entrevista;<\/li><li><strong>e)<\/strong>&nbsp;Formularios en internet o electr\u00f3nicos;<\/li><li><strong>f)<\/strong>&nbsp;Redes Sociales;<\/li><li><strong>g)<\/strong>&nbsp;Servicios telef\u00f3nicos;<\/li><li><strong>h)<\/strong>&nbsp;Cualquier otra forma permitida por la ley.<\/li><li><strong>III.- Los datos que recabamos:<\/strong><\/li><\/ul>\n\n\n\n<p>Los datos que obtenemos por estos medios pueden ser, entre otros:<\/p>\n\n\n\n<p><strong>A.<\/strong>&nbsp;Datos personales:<\/p>\n\n\n\n<p>a)Nombre Completo;<br>b) Nacionalidad;<br>c) Denominaci\u00f3n social;<br>d) Raz\u00f3n Social;<br>e) CURP;<br>f) N\u00famero de seguridad social;<br>g) N\u00famero de Afore;<br>h) Edad;<br>i) Sexo;<br>j) Estado civil;<br>k) Fecha de nacimiento;<br>l) Lugar de nacimiento;<br>m) Domicilio particular;<br>n) Escolaridad;<br>o) N\u00famero de tel\u00e9fono particular;<br>p) N\u00famero de celular;<br>q) N\u00famero de fax;<br>r) Correo electr\u00f3nico;<br>s) Registro Federal de Contribuyentes (RFC);<br>t) Empleos presentes y anteriores;<br>u) Firma aut\u00f3grafa;<br>v) Fotograf\u00eda;<br>w) Tipo de sangre;<br>x) Huella dactilar;<br>y) Cuenta de Facebook;<br>z) Nombres de Familiares;<\/p>\n\n\n\n<p>De conformidad con la legislaci\u00f3n en la materia consideraremos que nos ha otorgado su consentimiento t\u00e1cito respecto a sus datos personales. Le hacemos de su conocimiento que podr\u00e1 oponerse en cualquier momento mediante el procedimiento establecido en el punto n\u00famero VI de este aviso de privacidad.&nbsp;<\/p>\n\n\n\n<p><strong>A.<\/strong>Datos Personales Sensibles, Patrimoniales o Financieros:<\/p>\n\n\n\n<p>a) Estado de salud;<br>b) N\u00famero de tarjeta de cr\u00e9dito;<br>c) Bienes Patrimoniales;<br>d) Estado Financiero;<br>e) Cuentas Bancarias<\/p>\n\n\n\n<p>En el caso de los Datos Sensibles, Financieros o Patrimoniales es obligatorio que nos otorgue su consentimiento expreso para darles tratamiento. Por lo que le solicitamos firmar los formatos que a su disposici\u00f3n le otorgaremos.<\/p>\n\n\n\n<p><strong>IV. Las finalidades del tratamiento de datos;<\/strong><\/p>\n\n\n\n<p>Los datos personales del titular ser\u00e1n utilizados por OROPEZA INGENIEROS S.A. DE C.V. para las siguientes finalidades, en su car\u00e1cter de entidad responsable de la protecci\u00f3n de sus datos personales:&nbsp;<\/p>\n\n\n\n<ul class=\"wp-block-list\"><li><strong>a)<\/strong>&nbsp;Proveer los servicios o productos contratados;<\/li><li><strong>b<\/strong>) Medio para dar cumplimiento a obligaciones contra\u00eddas;<\/li><li><strong>c)<\/strong>&nbsp;Para el proceso de evaluaci\u00f3n, reclutamiento y selecci\u00f3n de personal;<\/li><li><strong>d)<\/strong>&nbsp;Cualquier otra finalidad compatible o an\u00e1loga a los fines previamente establecidos.<\/li><\/ul>\n\n\n\n<p><br>De manera adicional, utilizaremos su informaci\u00f3n personal para las siguientes finalidades secundarias que no son necesarias para el servicio solicitado, pero que nos permiten y facilitan brindarle una mejor atenci\u00f3n:&nbsp;<\/p>\n\n\n\n<ul class=\"wp-block-list\"><li><strong>a)<\/strong>&nbsp;Evaluaciones de calidad de los servicios o productos que contrat\u00f3;<\/li><li><strong>b)<\/strong>&nbsp;Para enviarle informaci\u00f3n comercial, servicios o promociones;<\/li><li><strong>c)<\/strong>&nbsp;Para invitarlo a eventos a realizar;<\/li><li><strong>V. Las opciones y medios que ofrecemos a los titulares para limitar el uso o divulgaci\u00f3n de los datos:<\/strong><\/li><\/ul>\n\n\n\n<p><strong>OROPEZA INGENIEROS S.A. DE C.V.<\/strong>&nbsp;con la finalidad de resguardar de la mejor manera posible su informaci\u00f3n se compromete a tratar sus datos personales bajo estrictas medidas de seguridad para garantizar su confidencialidad. Se han establecido est\u00e1ndares de seguridad en las materias administrativa, legal y se han aplicado medidas tecnol\u00f3gicas para evitar que terceros no autorizados se apoderen de sus datos personales.<br>Cabe mencionar que el titular de los datos personales puede iniciar un procedimiento de Acceso, Rectificaci\u00f3n, Cancelaci\u00f3n u Oposici\u00f3n (Por sus siglas ARCO) para limitar el uso o divulgar sus datos de conformidad con el cap\u00edtulo VI.<\/p>\n\n\n\n<p>Adem\u00e1s, existen procedimientos administrativos mediante los cuales puede limitar la publicidad por llamadas de tel\u00e9fono denominado Registro P\u00fablico para Evitar Publicidad que proporciona la Procuradur\u00eda Federal del Consumidor, que puede consultar en la p\u00e1gina de internet: <a href=\"http:\/\/rpc.profeco.gob.mx\/Solicitudnumero.jsp\">http:\/\/rpc.profeco.gob.mx\/Solicitudnumero.jsp<\/a><\/p>\n\n\n\n<p><strong>VI. Los medios para ejercer los derechos de Acceso, Rectificaci\u00f3n, Cancelaci\u00f3n u Oposici\u00f3n de los datos personales.<\/strong><\/p>\n\n\n\n<p>Usted puede revocar el consentimiento que, en su caso, nos haya otorgado para el tratamiento de sus datos personales. Sin embargo, es importante que tenga en cuenta que no en todos los casos podremos atender su solicitud o concluir el uso de forma inmediata, ya que es posible que por alguna obligaci\u00f3n legal requiramos seguir tratando sus datos personales. Asimismo, usted deber\u00e1 considerar que para ciertos fines, la revocaci\u00f3n de su consentimiento implicar\u00e1 que no le podamos seguir prestando el servicio que nos solicit\u00f3, o la conclusi\u00f3n de su relaci\u00f3n con nosotros.<\/p>\n\n\n\n<p>El titular podr\u00e1 ejercer sus derechos de rectificaci\u00f3n, acceso, cancelaci\u00f3n u oposici\u00f3n al tratamiento de sus datos, por sus siglas ARCO, presentando una solicitud de conformidad con el siguiente procedimiento:<\/p>\n\n\n\n<p>Realizar su solicitud enviando un correo electr\u00f3nico a la siguiente direcci\u00f3n: <a href=\"mailto:rec_humanos@oropezaingenieros.com\">rec_humanos@oropezaingenieros.com<\/a> dirigido a<strong>&nbsp;Lic. Karen Fregoso Jimenez<\/strong>, en su calidad de responsable de atender sus solicitudes. Los datos y documentaci\u00f3n que debe anexar a su solicitud, son:<\/p>\n\n\n\n<ul class=\"wp-block-list\"><li><strong>a)<\/strong>&nbsp;El nombre del titular de los datos personales, su domicilio y un medio alterno para comunicarle la respuesta a su solicitud;<\/li><li><strong>b)<\/strong>&nbsp;Los documentos que acrediten la identidad del titular de los datos pers\u00f3nale o, en su caso, si lo hace un tercero acreditar la representaci\u00f3n legal;<\/li><li><strong>c)<\/strong>&nbsp;La descripci\u00f3n clara y precisa de los datos personales respecto de los que se busca ejercer alguno de los derechos de ARCO; y<\/li><li><strong>d<\/strong>) Cualquier otro elemento o documento que facilite la localizaci\u00f3n de sus Datos Personales; y<\/li><li><strong>f)<\/strong>&nbsp;En caso de que exista duda de su identidad OROPEZA INGENIEROS S.A. DE C.V. se reserva el derecho a solicitar cualquier otro documento para comprobar su identidad.<\/li><\/ul>\n\n\n\n<p>En caso de faltar alguna informaci\u00f3n en su solicitud se le solicitar\u00e1 subsane la omisi\u00f3n a la brevedad.&nbsp;<\/p>\n\n\n\n<p>Si cumpliera con todas las formalidades requeridas para dicho tr\u00e1mite se dar\u00e1 respuesta en un plazo m\u00e1ximo de veinte d\u00edas, contados a partir de la fecha en que se recibi\u00f3 su petici\u00f3n o a partir de la fecha en que haya subsanado en su totalidad las prevenciones. El plazo antes referido podr\u00e1 ser ampliado una sola vez por un periodo igual, siempre y cuando as\u00ed lo justifiquen las circunstancias del caso. De conformidad con el art\u00edculo 32 de la ley de la materia.<\/p>\n\n\n\n<p><strong>VII. En su caso, las transferencias de datos que se efect\u00faen.<\/strong><\/p>\n\n\n\n<p>Le hacemos de su conocimiento que&nbsp;<strong>OROPEZA INGENIEROS S.A. DE C.V.<\/strong>no realiza transferencias de informaci\u00f3n a terceros sin su previa autorizaci\u00f3n expresa. Solo se podr\u00e1n hacer transferencias sin su consentimiento de acuerdo a lo previsto en el art\u00edculo 37 de la Ley Federal de Protecci\u00f3n de datos Personales en Posesi\u00f3n de los Particulares, as\u00ed como a realizar esta transferencia en los t\u00e9rminos que fija esa ley, a lo que establecemos lo supuesto:&nbsp;<\/p>\n\n\n\n<ul class=\"wp-block-list\"><li><strong>a)<\/strong>&nbsp;Cuando la transferencia est\u00e9 prevista en una Ley o Tratado en los que M\u00e9xico sea parte;<\/li><li><strong>b)<\/strong>&nbsp;Cuando la transferencia sea necesaria para la prevenci\u00f3n o el diagn\u00f3stico m\u00e9dico, la prestaci\u00f3n de asistencia sanitaria, tratamiento m\u00e9dico o la gesti\u00f3n de servicios sanitarios;<\/li><li><strong>c)<\/strong>&nbsp;Cuando la transferencia sea efectuada a sociedades controladoras, subsidiarias o afiliadas bajo El control com\u00fan del responsable, o a una sociedad matriz o a cualquier sociedad del mismo Grupo del responsable que opere bajo los mismos procesos y pol\u00edticas internas;<\/li><li><strong>d)<\/strong>&nbsp;Cuando la transferencia sea necesaria por virtud de un contrato celebrado o por celebrar en inter\u00e9s del titular, por el responsable y un tercero;<\/li><li><strong>e)<\/strong>&nbsp;Cuando la transferencia sea necesaria o legalmente exigida para la salvaguarda de un inter\u00e9s p\u00fablico, o para la procuraci\u00f3n o administraci\u00f3n de justicia;<\/li><li><strong>f)<\/strong>&nbsp;Cuando la transferencia sea precisa para el reconocimiento, ejercicio o defensa de un derecho en un proceso judicial; y<\/li><li><strong>g)<\/strong>&nbsp;Cuando la transferencia sea precisa para el mantenimiento o cumplimiento de una relaci\u00f3n jur\u00eddica entre el responsable y el titular.<\/li><li><strong>VIII. El medio y procedimiento mediante el cual el responsable comunicar\u00e1 a los titulares de cambios al aviso de privacidad, de conformidad con lo previsto en la Ley de la materia.<\/strong><\/li><\/ul>\n\n\n\n<p><strong>OROPEZA INGENIEROS S.A. DE C.V.<\/strong> se reserva el derecho de efectuar en cualquier momento modificaciones y adici\u00f3n en todo o en parte del presente aviso de privacidad.<\/p>\n\n\n\n<p>Toda modificaci\u00f3n se notificar\u00e1 mediante un aviso en el portal de internet denominado: <a href=\"http:\/\/oropezaingenieros.com\/\">http:\/\/oropezaingenieros.com\/<\/a>, propiedad de la empresa.<\/p>\n","protected":false},"excerpt":{"rendered":"<p>De conformidad con lo establecido en los art\u00edculos 15, 16 y dem\u00e1s relativos a la Ley Federal de Protecci\u00f3n de Datos Personales en Posesi\u00f3n de Particulares,&nbsp;OROPEZA INGENIEROS S.A. DE C.V.&nbsp;pone a su disposici\u00f3n el aviso de privacidad de conformidad con los siguientes puntos:&nbsp; I. La identidad y domicilio del responsable que los recaba:&nbsp; OROPEZA INGENIEROS&#8230;<\/p>\n<p class=\"more-link\"><a href=\"https:\/\/oropeza-siteground.techdesk.com.mx\/index.php\/aviso-de-privacidad\/\"><span>Read More<\/span><i>&#43;<\/i><\/a><\/p>\n","protected":false},"author":1,"featured_media":0,"parent":0,"menu_order":0,"comment_status":"closed","ping_status":"open","template":"","meta":{"footnotes":""},"class_list":["post-3","page","type-page","status-publish","hentry"],"yoast_head":"<!-- This site is optimized with the Yoast SEO plugin v27.6 - https:\/\/yoast.com\/product\/yoast-seo-wordpress\/ -->\n<title>Aviso de Privacidad - Oropeza Ingenieros<\/title>\n<meta name=\"robots\" content=\"index, follow, max-snippet:-1, max-image-preview:large, max-video-preview:-1\" \/>\n<link rel=\"canonical\" href=\"https:\/\/oropeza-siteground.techdesk.com.mx\/index.php\/aviso-de-privacidad\/\" \/>\n<meta property=\"og:locale\" content=\"es_MX\" \/>\n<meta property=\"og:type\" content=\"article\" \/>\n<meta property=\"og:title\" content=\"Aviso de Privacidad - Oropeza Ingenieros\" \/>\n<meta property=\"og:description\" content=\"De conformidad con lo establecido en los art\u00edculos 15, 16 y dem\u00e1s relativos a la Ley Federal de Protecci\u00f3n de Datos Personales en Posesi\u00f3n de Particulares,&nbsp;OROPEZA INGENIEROS S.A. DE C.V.&nbsp;pone a su disposici\u00f3n el aviso de privacidad de conformidad con los siguientes puntos:&nbsp; I. La identidad y domicilio del responsable que los recaba:&nbsp; OROPEZA INGENIEROS&#8230;Read More&#043;\" \/>\n<meta property=\"og:url\" content=\"https:\/\/oropeza-siteground.techdesk.com.mx\/index.php\/aviso-de-privacidad\/\" \/>\n<meta property=\"og:site_name\" content=\"Oropeza Ingenieros\" \/>\n<meta property=\"article:modified_time\" content=\"2022-07-04T18:55:34+00:00\" \/>\n<meta name=\"twitter:card\" content=\"summary_large_image\" \/>\n<meta name=\"twitter:label1\" content=\"Tiempo de lectura\" \/>\n\t<meta name=\"twitter:data1\" content=\"8 minutos\" \/>\n<script type=\"application\/ld+json\" class=\"yoast-schema-graph\">{\"@context\":\"https:\\\/\\\/schema.org\",\"@graph\":[{\"@type\":\"WebPage\",\"@id\":\"https:\\\/\\\/oropeza-siteground.techdesk.com.mx\\\/index.php\\\/aviso-de-privacidad\\\/\",\"url\":\"https:\\\/\\\/oropeza-siteground.techdesk.com.mx\\\/index.php\\\/aviso-de-privacidad\\\/\",\"name\":\"Aviso de Privacidad - Oropeza Ingenieros\",\"isPartOf\":{\"@id\":\"https:\\\/\\\/oropeza-siteground.techdesk.com.mx\\\/#website\"},\"datePublished\":\"2020-02-19T16:03:03+00:00\",\"dateModified\":\"2022-07-04T18:55:34+00:00\",\"breadcrumb\":{\"@id\":\"https:\\\/\\\/oropeza-siteground.techdesk.com.mx\\\/index.php\\\/aviso-de-privacidad\\\/#breadcrumb\"},\"inLanguage\":\"es\",\"potentialAction\":[{\"@type\":\"ReadAction\",\"target\":[\"https:\\\/\\\/oropeza-siteground.techdesk.com.mx\\\/index.php\\\/aviso-de-privacidad\\\/\"]}]},{\"@type\":\"BreadcrumbList\",\"@id\":\"https:\\\/\\\/oropeza-siteground.techdesk.com.mx\\\/index.php\\\/aviso-de-privacidad\\\/#breadcrumb\",\"itemListElement\":[{\"@type\":\"ListItem\",\"position\":1,\"name\":\"Inicio\",\"item\":\"https:\\\/\\\/oropeza-siteground.techdesk.com.mx\\\/\"},{\"@type\":\"ListItem\",\"position\":2,\"name\":\"Aviso de Privacidad\"}]},{\"@type\":\"WebSite\",\"@id\":\"https:\\\/\\\/oropeza-siteground.techdesk.com.mx\\\/#website\",\"url\":\"https:\\\/\\\/oropeza-siteground.techdesk.com.mx\\\/\",\"name\":\"Oropeza Ingenieros\",\"description\":\"\",\"publisher\":{\"@id\":\"https:\\\/\\\/oropeza-siteground.techdesk.com.mx\\\/#organization\"},\"potentialAction\":[{\"@type\":\"SearchAction\",\"target\":{\"@type\":\"EntryPoint\",\"urlTemplate\":\"https:\\\/\\\/oropeza-siteground.techdesk.com.mx\\\/?s={search_term_string}\"},\"query-input\":{\"@type\":\"PropertyValueSpecification\",\"valueRequired\":true,\"valueName\":\"search_term_string\"}}],\"inLanguage\":\"es\"},{\"@type\":\"Organization\",\"@id\":\"https:\\\/\\\/oropeza-siteground.techdesk.com.mx\\\/#organization\",\"name\":\"Oropeza Ingenieros\",\"url\":\"https:\\\/\\\/oropeza-siteground.techdesk.com.mx\\\/\",\"logo\":{\"@type\":\"ImageObject\",\"inLanguage\":\"es\",\"@id\":\"https:\\\/\\\/oropeza-siteground.techdesk.com.mx\\\/#\\\/schema\\\/logo\\\/image\\\/\",\"url\":\"https:\\\/\\\/oropeza-siteground.techdesk.com.mx\\\/wp-content\\\/uploads\\\/2020\\\/08\\\/cropped-LOGO-OISA-GRANDE.png\",\"contentUrl\":\"https:\\\/\\\/oropeza-siteground.techdesk.com.mx\\\/wp-content\\\/uploads\\\/2020\\\/08\\\/cropped-LOGO-OISA-GRANDE.png\",\"width\":6937,\"height\":1198,\"caption\":\"Oropeza Ingenieros\"},\"image\":{\"@id\":\"https:\\\/\\\/oropeza-siteground.techdesk.com.mx\\\/#\\\/schema\\\/logo\\\/image\\\/\"}}]}<\/script>\n<!-- \/ Yoast SEO plugin. -->","yoast_head_json":{"title":"Aviso de Privacidad - Oropeza Ingenieros","robots":{"index":"index","follow":"follow","max-snippet":"max-snippet:-1","max-image-preview":"max-image-preview:large","max-video-preview":"max-video-preview:-1"},"canonical":"https:\/\/oropeza-siteground.techdesk.com.mx\/index.php\/aviso-de-privacidad\/","og_locale":"es_MX","og_type":"article","og_title":"Aviso de Privacidad - Oropeza Ingenieros","og_description":"De conformidad con lo establecido en los art\u00edculos 15, 16 y dem\u00e1s relativos a la Ley Federal de Protecci\u00f3n de Datos Personales en Posesi\u00f3n de Particulares,&nbsp;OROPEZA INGENIEROS S.A. DE C.V.&nbsp;pone a su disposici\u00f3n el aviso de privacidad de conformidad con los siguientes puntos:&nbsp; I. La identidad y domicilio del responsable que los recaba:&nbsp; OROPEZA INGENIEROS&#8230;Read More&#43;","og_url":"https:\/\/oropeza-siteground.techdesk.com.mx\/index.php\/aviso-de-privacidad\/","og_site_name":"Oropeza Ingenieros","article_modified_time":"2022-07-04T18:55:34+00:00","twitter_card":"summary_large_image","twitter_misc":{"Tiempo de lectura":"8 minutos"},"schema":{"@context":"https:\/\/schema.org","@graph":[{"@type":"WebPage","@id":"https:\/\/oropeza-siteground.techdesk.com.mx\/index.php\/aviso-de-privacidad\/","url":"https:\/\/oropeza-siteground.techdesk.com.mx\/index.php\/aviso-de-privacidad\/","name":"Aviso de Privacidad - Oropeza Ingenieros","isPartOf":{"@id":"https:\/\/oropeza-siteground.techdesk.com.mx\/#website"},"datePublished":"2020-02-19T16:03:03+00:00","dateModified":"2022-07-04T18:55:34+00:00","breadcrumb":{"@id":"https:\/\/oropeza-siteground.techdesk.com.mx\/index.php\/aviso-de-privacidad\/#breadcrumb"},"inLanguage":"es","potentialAction":[{"@type":"ReadAction","target":["https:\/\/oropeza-siteground.techdesk.com.mx\/index.php\/aviso-de-privacidad\/"]}]},{"@type":"BreadcrumbList","@id":"https:\/\/oropeza-siteground.techdesk.com.mx\/index.php\/aviso-de-privacidad\/#breadcrumb","itemListElement":[{"@type":"ListItem","position":1,"name":"Inicio","item":"https:\/\/oropeza-siteground.techdesk.com.mx\/"},{"@type":"ListItem","position":2,"name":"Aviso de Privacidad"}]},{"@type":"WebSite","@id":"https:\/\/oropeza-siteground.techdesk.com.mx\/#website","url":"https:\/\/oropeza-siteground.techdesk.com.mx\/","name":"Oropeza Ingenieros","description":"","publisher":{"@id":"https:\/\/oropeza-siteground.techdesk.com.mx\/#organization"},"potentialAction":[{"@type":"SearchAction","target":{"@type":"EntryPoint","urlTemplate":"https:\/\/oropeza-siteground.techdesk.com.mx\/?s={search_term_string}"},"query-input":{"@type":"PropertyValueSpecification","valueRequired":true,"valueName":"search_term_string"}}],"inLanguage":"es"},{"@type":"Organization","@id":"https:\/\/oropeza-siteground.techdesk.com.mx\/#organization","name":"Oropeza Ingenieros","url":"https:\/\/oropeza-siteground.techdesk.com.mx\/","logo":{"@type":"ImageObject","inLanguage":"es","@id":"https:\/\/oropeza-siteground.techdesk.com.mx\/#\/schema\/logo\/image\/","url":"https:\/\/oropeza-siteground.techdesk.com.mx\/wp-content\/uploads\/2020\/08\/cropped-LOGO-OISA-GRANDE.png","contentUrl":"https:\/\/oropeza-siteground.techdesk.com.mx\/wp-content\/uploads\/2020\/08\/cropped-LOGO-OISA-GRANDE.png","width":6937,"height":1198,"caption":"Oropeza Ingenieros"},"image":{"@id":"https:\/\/oropeza-siteground.techdesk.com.mx\/#\/schema\/logo\/image\/"}}]}},"_links":{"self":[{"href":"https:\/\/oropeza-siteground.techdesk.com.mx\/index.php\/wp-json\/wp\/v2\/pages\/3","targetHints":{"allow":["GET"]}}],"collection":[{"href":"https:\/\/oropeza-siteground.techdesk.com.mx\/index.php\/wp-json\/wp\/v2\/pages"}],"about":[{"href":"https:\/\/oropeza-siteground.techdesk.com.mx\/index.php\/wp-json\/wp\/v2\/types\/page"}],"author":[{"embeddable":true,"href":"https:\/\/oropeza-siteground.techdesk.com.mx\/index.php\/wp-json\/wp\/v2\/users\/1"}],"replies":[{"embeddable":true,"href":"https:\/\/oropeza-siteground.techdesk.com.mx\/index.php\/wp-json\/wp\/v2\/comments?post=3"}],"version-history":[{"count":2,"href":"https:\/\/oropeza-siteground.techdesk.com.mx\/index.php\/wp-json\/wp\/v2\/pages\/3\/revisions"}],"predecessor-version":[{"id":4287,"href":"https:\/\/oropeza-siteground.techdesk.com.mx\/index.php\/wp-json\/wp\/v2\/pages\/3\/revisions\/4287"}],"wp:attachment":[{"href":"https:\/\/oropeza-siteground.techdesk.com.mx\/index.php\/wp-json\/wp\/v2\/media?parent=3"}],"curies":[{"name":"wp","href":"https:\/\/api.w.org\/{rel}","templated":true}]}}