{"id":2179,"date":"2020-07-21T12:41:03","date_gmt":"2020-07-21T17:41:03","guid":{"rendered":"https:\/\/oropezaingenieros.com\/?page_id=2179"},"modified":"2024-01-30T11:32:30","modified_gmt":"2024-01-30T17:32:30","slug":"alpha-moisture-systems","status":"publish","type":"page","link":"https:\/\/oropeza-siteground.techdesk.com.mx\/index.php\/alpha-moisture-systems\/","title":{"rendered":"Alpha Moisture Systems"},"content":{"rendered":"\t\t<div data-elementor-type=\"wp-page\" data-elementor-id=\"2179\" class=\"elementor elementor-2179\" data-elementor-post-type=\"page\">\n\t\t\t\t\t\t<section class=\"elementor-section elementor-top-section elementor-element elementor-element-7390766 elementor-section-boxed elementor-section-height-default elementor-section-height-default\" data-id=\"7390766\" data-element_type=\"section\" data-e-type=\"section\">\n\t\t\t\t\t\t<div class=\"elementor-container elementor-column-gap-default\">\n\t\t\t\t\t<div class=\"elementor-column elementor-col-100 elementor-top-column elementor-element elementor-element-810d8ba\" data-id=\"810d8ba\" data-element_type=\"column\" data-e-type=\"column\">\n\t\t\t<div class=\"elementor-widget-wrap elementor-element-populated\">\n\t\t\t\t\t\t<div class=\"elementor-element elementor-element-b11ece5 elementor-widget elementor-widget-text-editor\" data-id=\"b11ece5\" data-element_type=\"widget\" data-e-type=\"widget\" data-widget_type=\"text-editor.default\">\n\t\t\t\t<div class=\"elementor-widget-container\">\n\t\t\t\t\t\t\t\t\t<p>Alpha Moisture Systems es un fabricante l\u00edder de instrumentaci\u00f3n de punto de roc\u00edo para gases industriales, incluidos higr\u00f3metros y transmisores de punto de roc\u00edo; somos especialistas en medici\u00f3n de trazas de humedad. Durante m\u00e1s de 30 a\u00f1os, nuestros innovadores dise\u00f1adores e ingenieros han investigado, desarrollado y construido instrumentos, sistemas y soluciones de calibraci\u00f3n pioneros para la medici\u00f3n de trazas de humedad en gases y aire comprimido seco. Estamos orgullosos de ser un proveedor clave de petr\u00f3leo y gas, energ\u00eda, gas natural, semiconductores, m\u00e9dico, farmac\u00e9utico, aeroespacial, alimentario, nuclear, automotriz y muchas otras industrias.<\/p><p>Cualquiera que sea su aplicaci\u00f3n o industria, podemos guiarlo a trav\u00e9s de las opciones o dise\u00f1ar una soluci\u00f3n personalizada para su aplicaci\u00f3n y presupuesto.<\/p><p>En M\u00e9xico, Oropeza Ingenieros, somos distribuidores exclusivos.<\/p>\t\t\t\t\t\t\t\t<\/div>\n\t\t\t\t<\/div>\n\t\t\t\t\t<\/div>\n\t\t<\/div>\n\t\t\t\t\t<\/div>\n\t\t<\/section>\n\t\t\t\t<section class=\"elementor-section elementor-top-section elementor-element elementor-element-2a20de3 elementor-section-boxed elementor-section-height-default elementor-section-height-default\" data-id=\"2a20de3\" data-element_type=\"section\" data-e-type=\"section\">\n\t\t\t\t\t\t<div class=\"elementor-container elementor-column-gap-default\">\n\t\t\t\t\t<div class=\"elementor-column elementor-col-33 elementor-top-column elementor-element elementor-element-3eae315\" data-id=\"3eae315\" data-element_type=\"column\" data-e-type=\"column\">\n\t\t\t<div class=\"elementor-widget-wrap elementor-element-populated\">\n\t\t\t\t\t\t<div class=\"elementor-element elementor-element-a5ba054 elementor-widget elementor-widget-image\" data-id=\"a5ba054\" data-element_type=\"widget\" data-e-type=\"widget\" data-widget_type=\"image.default\">\n\t\t\t\t<div class=\"elementor-widget-container\">\n\t\t\t\t\t\t\t\t\t\t\t\t<figure class=\"wp-caption\">\n\t\t\t\t\t\t\t\t\t\t\t<a href=\"http:\/\/oropezaingenieros.com\/index.php\/productos\/amt\/\">\n\t\t\t\t\t\t\t<img fetchpriority=\"high\" decoding=\"async\" width=\"600\" height=\"499\" src=\"https:\/\/oropeza-siteground.techdesk.com.mx\/wp-content\/uploads\/2024\/01\/AMT-Dewpoint-Transmitter-carousel-600x499.webp\" class=\"attachment-product-category-page-image size-product-category-page-image wp-image-6599\" alt=\"Transmisor de punto de roc\u00edo AMT para aplicaciones generales\" srcset=\"https:\/\/oropeza-siteground.techdesk.com.mx\/wp-content\/uploads\/2024\/01\/AMT-Dewpoint-Transmitter-carousel-600x499.webp 600w, https:\/\/oropeza-siteground.techdesk.com.mx\/wp-content\/uploads\/2024\/01\/AMT-Dewpoint-Transmitter-carousel-300x250.webp 300w, https:\/\/oropeza-siteground.techdesk.com.mx\/wp-content\/uploads\/2024\/01\/AMT-Dewpoint-Transmitter-carousel-1024x852.webp 1024w, https:\/\/oropeza-siteground.techdesk.com.mx\/wp-content\/uploads\/2024\/01\/AMT-Dewpoint-Transmitter-carousel-768x639.webp 768w, https:\/\/oropeza-siteground.techdesk.com.mx\/wp-content\/uploads\/2024\/01\/AMT-Dewpoint-Transmitter-carousel-1536x1278.webp 1536w, https:\/\/oropeza-siteground.techdesk.com.mx\/wp-content\/uploads\/2024\/01\/AMT-Dewpoint-Transmitter-carousel-192x160.webp 192w, https:\/\/oropeza-siteground.techdesk.com.mx\/wp-content\/uploads\/2024\/01\/AMT-Dewpoint-Transmitter-carousel.webp 1890w\" sizes=\"(max-width: 600px) 100vw, 600px\" \/>\t\t\t\t\t\t\t\t<\/a>\n\t\t\t\t\t\t\t\t\t\t\t<figcaption class=\"widget-image-caption wp-caption-text\">AMT <\/figcaption>\n\t\t\t\t\t\t\t\t\t\t<\/figure>\n\t\t\t\t\t\t\t\t\t<\/div>\n\t\t\t\t<\/div>\n\t\t\t\t\t<\/div>\n\t\t<\/div>\n\t\t\t\t<div class=\"elementor-column elementor-col-33 elementor-top-column elementor-element elementor-element-16f36c0\" data-id=\"16f36c0\" data-element_type=\"column\" data-e-type=\"column\">\n\t\t\t<div class=\"elementor-widget-wrap elementor-element-populated\">\n\t\t\t\t\t\t<div class=\"elementor-element elementor-element-64f36c4 elementor-widget elementor-widget-image\" data-id=\"64f36c4\" data-element_type=\"widget\" data-e-type=\"widget\" data-widget_type=\"image.default\">\n\t\t\t\t<div class=\"elementor-widget-container\">\n\t\t\t\t\t\t\t\t\t\t\t\t<figure class=\"wp-caption\">\n\t\t\t\t\t\t\t\t\t\t\t<a href=\"http:\/\/oropezaingenieros.com\/index.php\/product\/sadpmini2\/\">\n\t\t\t\t\t\t\t<img decoding=\"async\" width=\"230\" height=\"230\" src=\"https:\/\/oropeza-siteground.techdesk.com.mx\/wp-content\/uploads\/2020\/08\/SADPmini2.jpg\" class=\"attachment-large size-large wp-image-2304\" alt=\"Medidor digital de punto de roc\u00edo en gases\" srcset=\"https:\/\/oropeza-siteground.techdesk.com.mx\/wp-content\/uploads\/2020\/08\/SADPmini2.jpg 230w, https:\/\/oropeza-siteground.techdesk.com.mx\/wp-content\/uploads\/2020\/08\/SADPmini2-150x150.jpg 150w, https:\/\/oropeza-siteground.techdesk.com.mx\/wp-content\/uploads\/2020\/08\/SADPmini2-160x160.jpg 160w\" sizes=\"(max-width: 230px) 100vw, 230px\" \/>\t\t\t\t\t\t\t\t<\/a>\n\t\t\t\t\t\t\t\t\t\t\t<figcaption class=\"widget-image-caption wp-caption-text\">SADPmini2<\/figcaption>\n\t\t\t\t\t\t\t\t\t\t<\/figure>\n\t\t\t\t\t\t\t\t\t<\/div>\n\t\t\t\t<\/div>\n\t\t\t\t\t<\/div>\n\t\t<\/div>\n\t\t\t\t<div class=\"elementor-column elementor-col-33 elementor-top-column elementor-element elementor-element-e3be5d9\" data-id=\"e3be5d9\" data-element_type=\"column\" data-e-type=\"column\">\n\t\t\t<div class=\"elementor-widget-wrap elementor-element-populated\">\n\t\t\t\t\t\t<div class=\"elementor-element elementor-element-938c306 elementor-widget elementor-widget-image\" data-id=\"938c306\" data-element_type=\"widget\" data-e-type=\"widget\" data-widget_type=\"image.default\">\n\t\t\t\t<div class=\"elementor-widget-container\">\n\t\t\t\t\t\t\t\t\t\t\t\t<figure class=\"wp-caption\">\n\t\t\t\t\t\t\t\t\t\t\t<a href=\"http:\/\/oropezaingenieros.com\/index.php\/productos\/ds4000\/\">\n\t\t\t\t\t\t\t<img decoding=\"async\" width=\"571\" height=\"319\" src=\"https:\/\/oropeza-siteground.techdesk.com.mx\/wp-content\/uploads\/2022\/11\/DS4000-Dewpoint-Hygrometer-Datasheet.jpg\" class=\"attachment-large size-large wp-image-5257\" alt=\"Indicador digital para montaje en panel\" srcset=\"https:\/\/oropeza-siteground.techdesk.com.mx\/wp-content\/uploads\/2022\/11\/DS4000-Dewpoint-Hygrometer-Datasheet.jpg 571w, https:\/\/oropeza-siteground.techdesk.com.mx\/wp-content\/uploads\/2022\/11\/DS4000-Dewpoint-Hygrometer-Datasheet-300x168.jpg 300w, https:\/\/oropeza-siteground.techdesk.com.mx\/wp-content\/uploads\/2022\/11\/DS4000-Dewpoint-Hygrometer-Datasheet-280x156.jpg 280w\" sizes=\"(max-width: 571px) 100vw, 571px\" \/>\t\t\t\t\t\t\t\t<\/a>\n\t\t\t\t\t\t\t\t\t\t\t<figcaption class=\"widget-image-caption wp-caption-text\">DS4000<\/figcaption>\n\t\t\t\t\t\t\t\t\t\t<\/figure>\n\t\t\t\t\t\t\t\t\t<\/div>\n\t\t\t\t<\/div>\n\t\t\t\t\t<\/div>\n\t\t<\/div>\n\t\t\t\t\t<\/div>\n\t\t<\/section>\n\t\t\t\t<\/div>\n\t\t","protected":false},"excerpt":{"rendered":"<p>Alpha Moisture Systems es un fabricante l\u00edder de instrumentaci\u00f3n de punto de roc\u00edo para gases industriales, incluidos higr\u00f3metros y transmisores de punto de roc\u00edo; somos especialistas en medici\u00f3n de trazas de humedad. Durante m\u00e1s de 30 a\u00f1os, nuestros innovadores dise\u00f1adores e ingenieros han investigado, desarrollado y construido instrumentos, sistemas y soluciones de calibraci\u00f3n pioneros para&#8230;<\/p>\n<p class=\"more-link\"><a href=\"https:\/\/oropeza-siteground.techdesk.com.mx\/index.php\/alpha-moisture-systems\/\"><span>Read More<\/span><i>&#43;<\/i><\/a><\/p>\n","protected":false},"author":1,"featured_media":0,"parent":0,"menu_order":0,"comment_status":"closed","ping_status":"closed","template":"","meta":{"footnotes":""},"class_list":["post-2179","page","type-page","status-publish","hentry"],"yoast_head":"<!-- This site is optimized with the Yoast SEO plugin v27.6 - https:\/\/yoast.com\/product\/yoast-seo-wordpress\/ -->\n<title>Alpha Moisture Systems - Oropeza Ingenieros - punto de roc\u00edo en gases<\/title>\n<meta name=\"description\" content=\"Alpha Moisture Systems ofrece equipos digitales para medici\u00f3n y monitoreo de punto de roc\u00edo en gases industriales.\" \/>\n<meta name=\"robots\" content=\"index, follow, max-snippet:-1, max-image-preview:large, max-video-preview:-1\" \/>\n<link rel=\"canonical\" href=\"https:\/\/oropeza-siteground.techdesk.com.mx\/index.php\/alpha-moisture-systems\/\" \/>\n<meta property=\"og:locale\" content=\"es_MX\" \/>\n<meta property=\"og:type\" content=\"article\" \/>\n<meta property=\"og:title\" content=\"Alpha Moisture Systems - Oropeza Ingenieros - punto de roc\u00edo en gases\" \/>\n<meta property=\"og:description\" content=\"Alpha Moisture Systems ofrece equipos digitales para medici\u00f3n y monitoreo de punto de roc\u00edo en gases industriales.\" \/>\n<meta property=\"og:url\" content=\"https:\/\/oropeza-siteground.techdesk.com.mx\/index.php\/alpha-moisture-systems\/\" \/>\n<meta property=\"og:site_name\" content=\"Oropeza Ingenieros\" \/>\n<meta property=\"article:modified_time\" content=\"2024-01-30T17:32:30+00:00\" \/>\n<meta property=\"og:image\" content=\"http:\/\/oropezaingenieros.com\/wp-content\/uploads\/2024\/01\/AMT-Dewpoint-Transmitter-carousel-600x499.webp\" \/>\n<meta name=\"twitter:card\" content=\"summary_large_image\" \/>\n<meta name=\"twitter:label1\" content=\"Tiempo de lectura\" \/>\n\t<meta name=\"twitter:data1\" content=\"2 minutos\" \/>\n<script type=\"application\/ld+json\" class=\"yoast-schema-graph\">{\"@context\":\"https:\\\/\\\/schema.org\",\"@graph\":[{\"@type\":\"WebPage\",\"@id\":\"https:\\\/\\\/oropeza-siteground.techdesk.com.mx\\\/index.php\\\/alpha-moisture-systems\\\/\",\"url\":\"https:\\\/\\\/oropeza-siteground.techdesk.com.mx\\\/index.php\\\/alpha-moisture-systems\\\/\",\"name\":\"Alpha Moisture Systems - Oropeza Ingenieros - punto de roc\u00edo en gases\",\"isPartOf\":{\"@id\":\"https:\\\/\\\/oropeza-siteground.techdesk.com.mx\\\/#website\"},\"primaryImageOfPage\":{\"@id\":\"https:\\\/\\\/oropeza-siteground.techdesk.com.mx\\\/index.php\\\/alpha-moisture-systems\\\/#primaryimage\"},\"image\":{\"@id\":\"https:\\\/\\\/oropeza-siteground.techdesk.com.mx\\\/index.php\\\/alpha-moisture-systems\\\/#primaryimage\"},\"thumbnailUrl\":\"http:\\\/\\\/oropezaingenieros.com\\\/wp-content\\\/uploads\\\/2024\\\/01\\\/AMT-Dewpoint-Transmitter-carousel-600x499.webp\",\"datePublished\":\"2020-07-21T17:41:03+00:00\",\"dateModified\":\"2024-01-30T17:32:30+00:00\",\"description\":\"Alpha Moisture Systems ofrece equipos digitales para medici\u00f3n y monitoreo de punto de roc\u00edo en gases industriales.\",\"breadcrumb\":{\"@id\":\"https:\\\/\\\/oropeza-siteground.techdesk.com.mx\\\/index.php\\\/alpha-moisture-systems\\\/#breadcrumb\"},\"inLanguage\":\"es\",\"potentialAction\":[{\"@type\":\"ReadAction\",\"target\":[\"https:\\\/\\\/oropeza-siteground.techdesk.com.mx\\\/index.php\\\/alpha-moisture-systems\\\/\"]}]},{\"@type\":\"ImageObject\",\"inLanguage\":\"es\",\"@id\":\"https:\\\/\\\/oropeza-siteground.techdesk.com.mx\\\/index.php\\\/alpha-moisture-systems\\\/#primaryimage\",\"url\":\"http:\\\/\\\/oropezaingenieros.com\\\/wp-content\\\/uploads\\\/2024\\\/01\\\/AMT-Dewpoint-Transmitter-carousel-600x499.webp\",\"contentUrl\":\"http:\\\/\\\/oropezaingenieros.com\\\/wp-content\\\/uploads\\\/2024\\\/01\\\/AMT-Dewpoint-Transmitter-carousel-600x499.webp\"},{\"@type\":\"BreadcrumbList\",\"@id\":\"https:\\\/\\\/oropeza-siteground.techdesk.com.mx\\\/index.php\\\/alpha-moisture-systems\\\/#breadcrumb\",\"itemListElement\":[{\"@type\":\"ListItem\",\"position\":1,\"name\":\"Inicio\",\"item\":\"https:\\\/\\\/oropeza-siteground.techdesk.com.mx\\\/\"},{\"@type\":\"ListItem\",\"position\":2,\"name\":\"Alpha Moisture Systems\"}]},{\"@type\":\"WebSite\",\"@id\":\"https:\\\/\\\/oropeza-siteground.techdesk.com.mx\\\/#website\",\"url\":\"https:\\\/\\\/oropeza-siteground.techdesk.com.mx\\\/\",\"name\":\"Oropeza Ingenieros\",\"description\":\"\",\"publisher\":{\"@id\":\"https:\\\/\\\/oropeza-siteground.techdesk.com.mx\\\/#organization\"},\"potentialAction\":[{\"@type\":\"SearchAction\",\"target\":{\"@type\":\"EntryPoint\",\"urlTemplate\":\"https:\\\/\\\/oropeza-siteground.techdesk.com.mx\\\/?s={search_term_string}\"},\"query-input\":{\"@type\":\"PropertyValueSpecification\",\"valueRequired\":true,\"valueName\":\"search_term_string\"}}],\"inLanguage\":\"es\"},{\"@type\":\"Organization\",\"@id\":\"https:\\\/\\\/oropeza-siteground.techdesk.com.mx\\\/#organization\",\"name\":\"Oropeza Ingenieros\",\"url\":\"https:\\\/\\\/oropeza-siteground.techdesk.com.mx\\\/\",\"logo\":{\"@type\":\"ImageObject\",\"inLanguage\":\"es\",\"@id\":\"https:\\\/\\\/oropeza-siteground.techdesk.com.mx\\\/#\\\/schema\\\/logo\\\/image\\\/\",\"url\":\"https:\\\/\\\/oropeza-siteground.techdesk.com.mx\\\/wp-content\\\/uploads\\\/2020\\\/08\\\/cropped-LOGO-OISA-GRANDE.png\",\"contentUrl\":\"https:\\\/\\\/oropeza-siteground.techdesk.com.mx\\\/wp-content\\\/uploads\\\/2020\\\/08\\\/cropped-LOGO-OISA-GRANDE.png\",\"width\":6937,\"height\":1198,\"caption\":\"Oropeza Ingenieros\"},\"image\":{\"@id\":\"https:\\\/\\\/oropeza-siteground.techdesk.com.mx\\\/#\\\/schema\\\/logo\\\/image\\\/\"}}]}<\/script>\n<!-- \/ Yoast SEO plugin. -->","yoast_head_json":{"title":"Alpha Moisture Systems - Oropeza Ingenieros - punto de roc\u00edo en gases","description":"Alpha Moisture Systems ofrece equipos digitales para medici\u00f3n y monitoreo de punto de roc\u00edo en gases industriales.","robots":{"index":"index","follow":"follow","max-snippet":"max-snippet:-1","max-image-preview":"max-image-preview:large","max-video-preview":"max-video-preview:-1"},"canonical":"https:\/\/oropeza-siteground.techdesk.com.mx\/index.php\/alpha-moisture-systems\/","og_locale":"es_MX","og_type":"article","og_title":"Alpha Moisture Systems - Oropeza Ingenieros - punto de roc\u00edo en gases","og_description":"Alpha Moisture Systems ofrece equipos digitales para medici\u00f3n y monitoreo de punto de roc\u00edo en gases industriales.","og_url":"https:\/\/oropeza-siteground.techdesk.com.mx\/index.php\/alpha-moisture-systems\/","og_site_name":"Oropeza Ingenieros","article_modified_time":"2024-01-30T17:32:30+00:00","og_image":[{"url":"http:\/\/oropezaingenieros.com\/wp-content\/uploads\/2024\/01\/AMT-Dewpoint-Transmitter-carousel-600x499.webp","type":"","width":"","height":""}],"twitter_card":"summary_large_image","twitter_misc":{"Tiempo de lectura":"2 minutos"},"schema":{"@context":"https:\/\/schema.org","@graph":[{"@type":"WebPage","@id":"https:\/\/oropeza-siteground.techdesk.com.mx\/index.php\/alpha-moisture-systems\/","url":"https:\/\/oropeza-siteground.techdesk.com.mx\/index.php\/alpha-moisture-systems\/","name":"Alpha Moisture Systems - Oropeza Ingenieros - punto de roc\u00edo en gases","isPartOf":{"@id":"https:\/\/oropeza-siteground.techdesk.com.mx\/#website"},"primaryImageOfPage":{"@id":"https:\/\/oropeza-siteground.techdesk.com.mx\/index.php\/alpha-moisture-systems\/#primaryimage"},"image":{"@id":"https:\/\/oropeza-siteground.techdesk.com.mx\/index.php\/alpha-moisture-systems\/#primaryimage"},"thumbnailUrl":"http:\/\/oropezaingenieros.com\/wp-content\/uploads\/2024\/01\/AMT-Dewpoint-Transmitter-carousel-600x499.webp","datePublished":"2020-07-21T17:41:03+00:00","dateModified":"2024-01-30T17:32:30+00:00","description":"Alpha Moisture Systems ofrece equipos digitales para medici\u00f3n y monitoreo de punto de roc\u00edo en gases industriales.","breadcrumb":{"@id":"https:\/\/oropeza-siteground.techdesk.com.mx\/index.php\/alpha-moisture-systems\/#breadcrumb"},"inLanguage":"es","potentialAction":[{"@type":"ReadAction","target":["https:\/\/oropeza-siteground.techdesk.com.mx\/index.php\/alpha-moisture-systems\/"]}]},{"@type":"ImageObject","inLanguage":"es","@id":"https:\/\/oropeza-siteground.techdesk.com.mx\/index.php\/alpha-moisture-systems\/#primaryimage","url":"http:\/\/oropezaingenieros.com\/wp-content\/uploads\/2024\/01\/AMT-Dewpoint-Transmitter-carousel-600x499.webp","contentUrl":"http:\/\/oropezaingenieros.com\/wp-content\/uploads\/2024\/01\/AMT-Dewpoint-Transmitter-carousel-600x499.webp"},{"@type":"BreadcrumbList","@id":"https:\/\/oropeza-siteground.techdesk.com.mx\/index.php\/alpha-moisture-systems\/#breadcrumb","itemListElement":[{"@type":"ListItem","position":1,"name":"Inicio","item":"https:\/\/oropeza-siteground.techdesk.com.mx\/"},{"@type":"ListItem","position":2,"name":"Alpha Moisture Systems"}]},{"@type":"WebSite","@id":"https:\/\/oropeza-siteground.techdesk.com.mx\/#website","url":"https:\/\/oropeza-siteground.techdesk.com.mx\/","name":"Oropeza Ingenieros","description":"","publisher":{"@id":"https:\/\/oropeza-siteground.techdesk.com.mx\/#organization"},"potentialAction":[{"@type":"SearchAction","target":{"@type":"EntryPoint","urlTemplate":"https:\/\/oropeza-siteground.techdesk.com.mx\/?s={search_term_string}"},"query-input":{"@type":"PropertyValueSpecification","valueRequired":true,"valueName":"search_term_string"}}],"inLanguage":"es"},{"@type":"Organization","@id":"https:\/\/oropeza-siteground.techdesk.com.mx\/#organization","name":"Oropeza Ingenieros","url":"https:\/\/oropeza-siteground.techdesk.com.mx\/","logo":{"@type":"ImageObject","inLanguage":"es","@id":"https:\/\/oropeza-siteground.techdesk.com.mx\/#\/schema\/logo\/image\/","url":"https:\/\/oropeza-siteground.techdesk.com.mx\/wp-content\/uploads\/2020\/08\/cropped-LOGO-OISA-GRANDE.png","contentUrl":"https:\/\/oropeza-siteground.techdesk.com.mx\/wp-content\/uploads\/2020\/08\/cropped-LOGO-OISA-GRANDE.png","width":6937,"height":1198,"caption":"Oropeza Ingenieros"},"image":{"@id":"https:\/\/oropeza-siteground.techdesk.com.mx\/#\/schema\/logo\/image\/"}}]}},"_links":{"self":[{"href":"https:\/\/oropeza-siteground.techdesk.com.mx\/index.php\/wp-json\/wp\/v2\/pages\/2179","targetHints":{"allow":["GET"]}}],"collection":[{"href":"https:\/\/oropeza-siteground.techdesk.com.mx\/index.php\/wp-json\/wp\/v2\/pages"}],"about":[{"href":"https:\/\/oropeza-siteground.techdesk.com.mx\/index.php\/wp-json\/wp\/v2\/types\/page"}],"author":[{"embeddable":true,"href":"https:\/\/oropeza-siteground.techdesk.com.mx\/index.php\/wp-json\/wp\/v2\/users\/1"}],"replies":[{"embeddable":true,"href":"https:\/\/oropeza-siteground.techdesk.com.mx\/index.php\/wp-json\/wp\/v2\/comments?post=2179"}],"version-history":[{"count":45,"href":"https:\/\/oropeza-siteground.techdesk.com.mx\/index.php\/wp-json\/wp\/v2\/pages\/2179\/revisions"}],"predecessor-version":[{"id":6605,"href":"https:\/\/oropeza-siteground.techdesk.com.mx\/index.php\/wp-json\/wp\/v2\/pages\/2179\/revisions\/6605"}],"wp:attachment":[{"href":"https:\/\/oropeza-siteground.techdesk.com.mx\/index.php\/wp-json\/wp\/v2\/media?parent=2179"}],"curies":[{"name":"wp","href":"https:\/\/api.w.org\/{rel}","templated":true}]}}