{"id":208,"date":"2020-03-24T23:25:20","date_gmt":"2020-03-25T05:25:20","guid":{"rendered":"https:\/\/oropezaingenieros.com\/?page_id=208"},"modified":"2025-10-29T13:39:20","modified_gmt":"2025-10-29T19:39:20","slug":"eventos","status":"publish","type":"page","link":"https:\/\/oropeza-siteground.techdesk.com.mx\/index.php\/eventos\/","title":{"rendered":"Eventos"},"content":{"rendered":"\t\t<div data-elementor-type=\"wp-post\" data-elementor-id=\"208\" class=\"elementor elementor-208\" data-elementor-post-type=\"page\">\n\t\t\t\t\t\t<section class=\"elementor-section elementor-top-section elementor-element elementor-element-3ae1c4a elementor-section-boxed elementor-section-height-default elementor-section-height-default\" data-id=\"3ae1c4a\" data-element_type=\"section\" data-e-type=\"section\">\n\t\t\t\t\t\t<div class=\"elementor-container elementor-column-gap-default\">\n\t\t\t\t\t<div class=\"elementor-column elementor-col-100 elementor-top-column elementor-element elementor-element-ddfc20b\" data-id=\"ddfc20b\" data-element_type=\"column\" data-e-type=\"column\">\n\t\t\t<div class=\"elementor-widget-wrap elementor-element-populated\">\n\t\t\t\t\t\t<div class=\"elementor-element elementor-element-570aad6 elementor-invisible elementor-widget elementor-widget-image\" data-id=\"570aad6\" data-element_type=\"widget\" data-e-type=\"widget\" data-settings=\"{&quot;_animation&quot;:&quot;fadeIn&quot;}\" data-widget_type=\"image.default\">\n\t\t\t\t<div class=\"elementor-widget-container\">\n\t\t\t\t\t\t\t\t\t\t\t\t\t\t\t<img fetchpriority=\"high\" decoding=\"async\" width=\"1887\" height=\"721\" src=\"https:\/\/oropeza-siteground.techdesk.com.mx\/wp-content\/uploads\/2020\/10\/banner-EVENTOS.png\" class=\"attachment-full size-full wp-image-3032\" alt=\"\" srcset=\"https:\/\/oropeza-siteground.techdesk.com.mx\/wp-content\/uploads\/2020\/10\/banner-EVENTOS.png 1887w, https:\/\/oropeza-siteground.techdesk.com.mx\/wp-content\/uploads\/2020\/10\/banner-EVENTOS-300x115.png 300w, https:\/\/oropeza-siteground.techdesk.com.mx\/wp-content\/uploads\/2020\/10\/banner-EVENTOS-1024x391.png 1024w, https:\/\/oropeza-siteground.techdesk.com.mx\/wp-content\/uploads\/2020\/10\/banner-EVENTOS-768x293.png 768w, https:\/\/oropeza-siteground.techdesk.com.mx\/wp-content\/uploads\/2020\/10\/banner-EVENTOS-1536x587.png 1536w, https:\/\/oropeza-siteground.techdesk.com.mx\/wp-content\/uploads\/2020\/10\/banner-EVENTOS-600x229.png 600w, https:\/\/oropeza-siteground.techdesk.com.mx\/wp-content\/uploads\/2020\/10\/banner-EVENTOS-280x107.png 280w\" sizes=\"(max-width: 1887px) 100vw, 1887px\" \/>\t\t\t\t\t\t\t\t\t\t\t\t\t\t\t<\/div>\n\t\t\t\t<\/div>\n\t\t\t\t\t<\/div>\n\t\t<\/div>\n\t\t\t\t\t<\/div>\n\t\t<\/section>\n\t\t\t\t<section class=\"elementor-section elementor-top-section elementor-element elementor-element-8bee3d8 elementor-section-boxed elementor-section-height-default elementor-section-height-default\" data-id=\"8bee3d8\" data-element_type=\"section\" data-e-type=\"section\">\n\t\t\t\t\t\t<div class=\"elementor-container elementor-column-gap-default\">\n\t\t\t\t\t<div class=\"elementor-column elementor-col-50 elementor-top-column elementor-element elementor-element-5faf751\" data-id=\"5faf751\" data-element_type=\"column\" data-e-type=\"column\">\n\t\t\t<div class=\"elementor-widget-wrap elementor-element-populated\">\n\t\t\t\t\t\t<div class=\"elementor-element elementor-element-6abfbd7 elementor-widget elementor-widget-image\" data-id=\"6abfbd7\" data-element_type=\"widget\" data-e-type=\"widget\" data-widget_type=\"image.default\">\n\t\t\t\t<div class=\"elementor-widget-container\">\n\t\t\t\t\t\t\t\t\t\t\t\t\t\t\t<img decoding=\"async\" width=\"768\" height=\"768\" src=\"https:\/\/oropeza-siteground.techdesk.com.mx\/wp-content\/uploads\/2025\/10\/EESN25-RS@2x-768x768.png\" class=\"attachment-medium_large size-medium_large wp-image-7203\" alt=\"Vis\u00edtanos en nuestros Stand 213 de la Expo El\u00e9ctrica y Solar del Norte. Oropeza Ingenieros y Megger te invitan a registrarte gratis.\" srcset=\"https:\/\/oropeza-siteground.techdesk.com.mx\/wp-content\/uploads\/2025\/10\/EESN25-RS@2x-768x768.png 768w, https:\/\/oropeza-siteground.techdesk.com.mx\/wp-content\/uploads\/2025\/10\/EESN25-RS@2x-300x300.png 300w, https:\/\/oropeza-siteground.techdesk.com.mx\/wp-content\/uploads\/2025\/10\/EESN25-RS@2x-1024x1024.png 1024w, https:\/\/oropeza-siteground.techdesk.com.mx\/wp-content\/uploads\/2025\/10\/EESN25-RS@2x-150x150.png 150w, https:\/\/oropeza-siteground.techdesk.com.mx\/wp-content\/uploads\/2025\/10\/EESN25-RS@2x-1536x1536.png 1536w, https:\/\/oropeza-siteground.techdesk.com.mx\/wp-content\/uploads\/2025\/10\/EESN25-RS@2x-2048x2048.png 2048w, https:\/\/oropeza-siteground.techdesk.com.mx\/wp-content\/uploads\/2025\/10\/EESN25-RS@2x-600x600.png 600w, https:\/\/oropeza-siteground.techdesk.com.mx\/wp-content\/uploads\/2025\/10\/EESN25-RS@2x-160x160.png 160w, https:\/\/oropeza-siteground.techdesk.com.mx\/wp-content\/uploads\/2025\/10\/EESN25-RS@2x-e1759944074162.png 800w\" sizes=\"(max-width: 768px) 100vw, 768px\" \/>\t\t\t\t\t\t\t\t\t\t\t\t\t\t\t<\/div>\n\t\t\t\t<\/div>\n\t\t\t\t\t<\/div>\n\t\t<\/div>\n\t\t\t\t<div class=\"elementor-column elementor-col-50 elementor-top-column elementor-element elementor-element-aadde33\" data-id=\"aadde33\" data-element_type=\"column\" data-e-type=\"column\">\n\t\t\t<div class=\"elementor-widget-wrap elementor-element-populated\">\n\t\t\t\t\t\t<div class=\"elementor-element elementor-element-ed1dfa5 elementor-widget elementor-widget-text-editor\" data-id=\"ed1dfa5\" data-element_type=\"widget\" data-e-type=\"widget\" data-widget_type=\"text-editor.default\">\n\t\t\t\t<div class=\"elementor-widget-container\">\n\t\t\t\t\t\t\t\t\t<p style=\"font-style: normal;\"><strong style=\"font-family: 'PT Sans', Helvetica, Arial; font-style: normal; letter-spacing: 0px; font-size: 16px;\">12 &#8211; 14 de Noviembre de 2025<\/strong><\/p><p style=\"font-style: normal;\"><span style=\"color: #050505; font-family: 'Segoe UI Historic', 'Segoe UI', Helvetica, Arial, sans-serif; font-size: 15px; white-space-collapse: preserve;\">\u00a1Nos vemos en Monterrey! <\/span><span class=\"html-span xexx8yu xyri2b x18d9i69 x1c1uobl x1hl2dhg x16tdsg8 x1vvkbs x3nfvp2 x1j61x8r x1fcty0u xdj266r xat24cr xm2jcoa x1mpyi22 xxymvpz xlup9mm x1kky2od\" style=\"color: #050505; font-family: 'Segoe UI Historic', 'Segoe UI', Helvetica, Arial, sans-serif; font-size: 15px; white-space-collapse: preserve;\"><img decoding=\"async\" class=\"xz74otr x15mokao x1ga7v0g x16uus16 xbiv7yw\" src=\"https:\/\/static.xx.fbcdn.net\/images\/emoji.php\/v9\/t5d\/1\/16\/26a1.png\" alt=\"\u26a1\" width=\"16\" height=\"16\" \/><\/span><\/p><div style=\"margin-top: 0.5em; overflow-wrap: break-word; animation-name: none !important; transition-property: none !important;\"><div dir=\"auto\" style=\"animation-name: none !important; transition-property: none !important;\"><div style=\"overflow-wrap: break-word; white-space-collapse: preserve; font-family: 'Segoe UI Historic', 'Segoe UI', Helvetica, Arial, sans-serif; color: #050505; font-size: 15px; font-style: normal; font-weight: 400; animation-name: none !important; transition-property: none !important;\"><div dir=\"auto\" style=\"animation-name: none !important; transition-property: none !important;\"><div class=\"x14z9mp xat24cr x1lziwak x1vvkbs xtlvy1s x126k92a\"><div dir=\"auto\">Del 12 al 14 de noviembre, Oropeza Ingenieros estar\u00e1 presente en la Expo El\u00e9ctricas y Solar del Norte 2025 en CINTERMEX, Stand 213.<\/div><div dir=\"auto\">\u00a0<\/div><\/div><div class=\"x14z9mp xat24cr x1lziwak x1vvkbs xtlvy1s x126k92a\"><div dir=\"auto\">Ven y conoce lo m\u00e1s innovador en tecnolog\u00eda de medici\u00f3n el\u00e9ctrica y soluciones para energ\u00edas renovables de las mejores marcas a nivel mundial.<\/div><div dir=\"auto\">\u00a0<\/div><\/div><div class=\"x14z9mp xat24cr x1lziwak x1vvkbs xtlvy1s x126k92a\"><div dir=\"auto\"><span class=\"html-span xexx8yu xyri2b x18d9i69 x1c1uobl x1hl2dhg x16tdsg8 x1vvkbs x3nfvp2 x1j61x8r x1fcty0u xdj266r xat24cr xm2jcoa x1mpyi22 xxymvpz xlup9mm x1kky2od\"><img loading=\"lazy\" decoding=\"async\" class=\"xz74otr x15mokao x1ga7v0g x16uus16 xbiv7yw\" src=\"https:\/\/static.xx.fbcdn.net\/images\/emoji.php\/v9\/t40\/1\/16\/1f50c.png\" alt=\"\ud83d\udd0c\" width=\"16\" height=\"16\" \/><\/span> \u00a1Te esperamos para compartir conocimiento, experiencia y tecnolog\u00eda que impulsa la energ\u00eda del futuro!<\/div><\/div><\/div><p class=\"vc_custom_heading vc_do_custom_heading\">\u00a0<\/p><\/div><p><a href=\"https:\/\/expoelectricanorte.ahmreg.com\/\"><b>REG\u00cdSTRATE GRATIS AQU\u00cd<\/b><\/a><\/p><\/div><\/div><p>\u00a0<\/p>\t\t\t\t\t\t\t\t<\/div>\n\t\t\t\t<\/div>\n\t\t\t\t\t<\/div>\n\t\t<\/div>\n\t\t\t\t\t<\/div>\n\t\t<\/section>\n\t\t\t\t<\/div>\n\t\t","protected":false},"excerpt":{"rendered":"<p>12 &#8211; 14 de Noviembre de 2025 \u00a1Nos vemos en Monterrey! Del 12 al 14 de noviembre, Oropeza Ingenieros estar\u00e1 presente en la Expo El\u00e9ctricas y Solar del Norte 2025 en CINTERMEX, Stand 213.\u00a0Ven y conoce lo m\u00e1s innovador en tecnolog\u00eda de medici\u00f3n el\u00e9ctrica y soluciones para energ\u00edas renovables de las mejores marcas a nivel&#8230;<\/p>\n<p class=\"more-link\"><a href=\"https:\/\/oropeza-siteground.techdesk.com.mx\/index.php\/eventos\/\"><span>Read More<\/span><i>&#43;<\/i><\/a><\/p>\n","protected":false},"author":1,"featured_media":0,"parent":0,"menu_order":0,"comment_status":"closed","ping_status":"closed","template":"","meta":{"footnotes":""},"class_list":["post-208","page","type-page","status-publish","hentry"],"yoast_head":"<!-- This site is optimized with the Yoast SEO plugin v27.6 - https:\/\/yoast.com\/product\/yoast-seo-wordpress\/ -->\n<title>Eventos - Oropeza Ingenieros<\/title>\n<meta name=\"description\" content=\"Ent\u00e9rate de los eventos a los que asistiremos y de nuestros pr\u00f3ximos cursos y certificaciones en Ingenier\u00eda El\u00e9ctrica.\" \/>\n<meta name=\"robots\" content=\"index, follow, max-snippet:-1, max-image-preview:large, max-video-preview:-1\" \/>\n<link rel=\"canonical\" href=\"https:\/\/oropeza-siteground.techdesk.com.mx\/index.php\/eventos\/\" \/>\n<meta property=\"og:locale\" content=\"es_MX\" \/>\n<meta property=\"og:type\" content=\"article\" \/>\n<meta property=\"og:title\" content=\"Eventos - Oropeza Ingenieros\" \/>\n<meta property=\"og:description\" content=\"Ent\u00e9rate de los eventos a los que asistiremos y de nuestros pr\u00f3ximos cursos y certificaciones en Ingenier\u00eda El\u00e9ctrica.\" \/>\n<meta property=\"og:url\" content=\"https:\/\/oropeza-siteground.techdesk.com.mx\/index.php\/eventos\/\" \/>\n<meta property=\"og:site_name\" content=\"Oropeza Ingenieros\" \/>\n<meta property=\"article:modified_time\" content=\"2025-10-29T19:39:20+00:00\" \/>\n<meta property=\"og:image\" content=\"http:\/\/oropezaingenieros.com\/wp-content\/uploads\/2020\/10\/banner-EVENTOS.png\" \/>\n<meta name=\"twitter:card\" content=\"summary_large_image\" \/>\n<meta name=\"twitter:label1\" content=\"Tiempo de lectura\" \/>\n\t<meta name=\"twitter:data1\" content=\"2 minutos\" \/>\n<script type=\"application\/ld+json\" class=\"yoast-schema-graph\">{\"@context\":\"https:\\\/\\\/schema.org\",\"@graph\":[{\"@type\":\"WebPage\",\"@id\":\"https:\\\/\\\/oropeza-siteground.techdesk.com.mx\\\/index.php\\\/eventos\\\/\",\"url\":\"https:\\\/\\\/oropeza-siteground.techdesk.com.mx\\\/index.php\\\/eventos\\\/\",\"name\":\"Eventos - Oropeza Ingenieros\",\"isPartOf\":{\"@id\":\"https:\\\/\\\/oropeza-siteground.techdesk.com.mx\\\/#website\"},\"primaryImageOfPage\":{\"@id\":\"https:\\\/\\\/oropeza-siteground.techdesk.com.mx\\\/index.php\\\/eventos\\\/#primaryimage\"},\"image\":{\"@id\":\"https:\\\/\\\/oropeza-siteground.techdesk.com.mx\\\/index.php\\\/eventos\\\/#primaryimage\"},\"thumbnailUrl\":\"http:\\\/\\\/oropezaingenieros.com\\\/wp-content\\\/uploads\\\/2020\\\/10\\\/banner-EVENTOS.png\",\"datePublished\":\"2020-03-25T05:25:20+00:00\",\"dateModified\":\"2025-10-29T19:39:20+00:00\",\"description\":\"Ent\u00e9rate de los eventos a los que asistiremos y de nuestros pr\u00f3ximos cursos y certificaciones en Ingenier\u00eda El\u00e9ctrica.\",\"breadcrumb\":{\"@id\":\"https:\\\/\\\/oropeza-siteground.techdesk.com.mx\\\/index.php\\\/eventos\\\/#breadcrumb\"},\"inLanguage\":\"es\",\"potentialAction\":[{\"@type\":\"ReadAction\",\"target\":[\"https:\\\/\\\/oropeza-siteground.techdesk.com.mx\\\/index.php\\\/eventos\\\/\"]}]},{\"@type\":\"ImageObject\",\"inLanguage\":\"es\",\"@id\":\"https:\\\/\\\/oropeza-siteground.techdesk.com.mx\\\/index.php\\\/eventos\\\/#primaryimage\",\"url\":\"http:\\\/\\\/oropezaingenieros.com\\\/wp-content\\\/uploads\\\/2020\\\/10\\\/banner-EVENTOS.png\",\"contentUrl\":\"http:\\\/\\\/oropezaingenieros.com\\\/wp-content\\\/uploads\\\/2020\\\/10\\\/banner-EVENTOS.png\"},{\"@type\":\"BreadcrumbList\",\"@id\":\"https:\\\/\\\/oropeza-siteground.techdesk.com.mx\\\/index.php\\\/eventos\\\/#breadcrumb\",\"itemListElement\":[{\"@type\":\"ListItem\",\"position\":1,\"name\":\"Inicio\",\"item\":\"https:\\\/\\\/oropeza-siteground.techdesk.com.mx\\\/\"},{\"@type\":\"ListItem\",\"position\":2,\"name\":\"Eventos\"}]},{\"@type\":\"WebSite\",\"@id\":\"https:\\\/\\\/oropeza-siteground.techdesk.com.mx\\\/#website\",\"url\":\"https:\\\/\\\/oropeza-siteground.techdesk.com.mx\\\/\",\"name\":\"Oropeza Ingenieros\",\"description\":\"\",\"publisher\":{\"@id\":\"https:\\\/\\\/oropeza-siteground.techdesk.com.mx\\\/#organization\"},\"potentialAction\":[{\"@type\":\"SearchAction\",\"target\":{\"@type\":\"EntryPoint\",\"urlTemplate\":\"https:\\\/\\\/oropeza-siteground.techdesk.com.mx\\\/?s={search_term_string}\"},\"query-input\":{\"@type\":\"PropertyValueSpecification\",\"valueRequired\":true,\"valueName\":\"search_term_string\"}}],\"inLanguage\":\"es\"},{\"@type\":\"Organization\",\"@id\":\"https:\\\/\\\/oropeza-siteground.techdesk.com.mx\\\/#organization\",\"name\":\"Oropeza Ingenieros\",\"url\":\"https:\\\/\\\/oropeza-siteground.techdesk.com.mx\\\/\",\"logo\":{\"@type\":\"ImageObject\",\"inLanguage\":\"es\",\"@id\":\"https:\\\/\\\/oropeza-siteground.techdesk.com.mx\\\/#\\\/schema\\\/logo\\\/image\\\/\",\"url\":\"https:\\\/\\\/oropeza-siteground.techdesk.com.mx\\\/wp-content\\\/uploads\\\/2020\\\/08\\\/cropped-LOGO-OISA-GRANDE.png\",\"contentUrl\":\"https:\\\/\\\/oropeza-siteground.techdesk.com.mx\\\/wp-content\\\/uploads\\\/2020\\\/08\\\/cropped-LOGO-OISA-GRANDE.png\",\"width\":6937,\"height\":1198,\"caption\":\"Oropeza Ingenieros\"},\"image\":{\"@id\":\"https:\\\/\\\/oropeza-siteground.techdesk.com.mx\\\/#\\\/schema\\\/logo\\\/image\\\/\"}}]}<\/script>\n<!-- \/ Yoast SEO plugin. -->","yoast_head_json":{"title":"Eventos - Oropeza Ingenieros","description":"Ent\u00e9rate de los eventos a los que asistiremos y de nuestros pr\u00f3ximos cursos y certificaciones en Ingenier\u00eda El\u00e9ctrica.","robots":{"index":"index","follow":"follow","max-snippet":"max-snippet:-1","max-image-preview":"max-image-preview:large","max-video-preview":"max-video-preview:-1"},"canonical":"https:\/\/oropeza-siteground.techdesk.com.mx\/index.php\/eventos\/","og_locale":"es_MX","og_type":"article","og_title":"Eventos - Oropeza Ingenieros","og_description":"Ent\u00e9rate de los eventos a los que asistiremos y de nuestros pr\u00f3ximos cursos y certificaciones en Ingenier\u00eda El\u00e9ctrica.","og_url":"https:\/\/oropeza-siteground.techdesk.com.mx\/index.php\/eventos\/","og_site_name":"Oropeza Ingenieros","article_modified_time":"2025-10-29T19:39:20+00:00","og_image":[{"url":"http:\/\/oropezaingenieros.com\/wp-content\/uploads\/2020\/10\/banner-EVENTOS.png","type":"","width":"","height":""}],"twitter_card":"summary_large_image","twitter_misc":{"Tiempo de lectura":"2 minutos"},"schema":{"@context":"https:\/\/schema.org","@graph":[{"@type":"WebPage","@id":"https:\/\/oropeza-siteground.techdesk.com.mx\/index.php\/eventos\/","url":"https:\/\/oropeza-siteground.techdesk.com.mx\/index.php\/eventos\/","name":"Eventos - Oropeza Ingenieros","isPartOf":{"@id":"https:\/\/oropeza-siteground.techdesk.com.mx\/#website"},"primaryImageOfPage":{"@id":"https:\/\/oropeza-siteground.techdesk.com.mx\/index.php\/eventos\/#primaryimage"},"image":{"@id":"https:\/\/oropeza-siteground.techdesk.com.mx\/index.php\/eventos\/#primaryimage"},"thumbnailUrl":"http:\/\/oropezaingenieros.com\/wp-content\/uploads\/2020\/10\/banner-EVENTOS.png","datePublished":"2020-03-25T05:25:20+00:00","dateModified":"2025-10-29T19:39:20+00:00","description":"Ent\u00e9rate de los eventos a los que asistiremos y de nuestros pr\u00f3ximos cursos y certificaciones en Ingenier\u00eda El\u00e9ctrica.","breadcrumb":{"@id":"https:\/\/oropeza-siteground.techdesk.com.mx\/index.php\/eventos\/#breadcrumb"},"inLanguage":"es","potentialAction":[{"@type":"ReadAction","target":["https:\/\/oropeza-siteground.techdesk.com.mx\/index.php\/eventos\/"]}]},{"@type":"ImageObject","inLanguage":"es","@id":"https:\/\/oropeza-siteground.techdesk.com.mx\/index.php\/eventos\/#primaryimage","url":"http:\/\/oropezaingenieros.com\/wp-content\/uploads\/2020\/10\/banner-EVENTOS.png","contentUrl":"http:\/\/oropezaingenieros.com\/wp-content\/uploads\/2020\/10\/banner-EVENTOS.png"},{"@type":"BreadcrumbList","@id":"https:\/\/oropeza-siteground.techdesk.com.mx\/index.php\/eventos\/#breadcrumb","itemListElement":[{"@type":"ListItem","position":1,"name":"Inicio","item":"https:\/\/oropeza-siteground.techdesk.com.mx\/"},{"@type":"ListItem","position":2,"name":"Eventos"}]},{"@type":"WebSite","@id":"https:\/\/oropeza-siteground.techdesk.com.mx\/#website","url":"https:\/\/oropeza-siteground.techdesk.com.mx\/","name":"Oropeza Ingenieros","description":"","publisher":{"@id":"https:\/\/oropeza-siteground.techdesk.com.mx\/#organization"},"potentialAction":[{"@type":"SearchAction","target":{"@type":"EntryPoint","urlTemplate":"https:\/\/oropeza-siteground.techdesk.com.mx\/?s={search_term_string}"},"query-input":{"@type":"PropertyValueSpecification","valueRequired":true,"valueName":"search_term_string"}}],"inLanguage":"es"},{"@type":"Organization","@id":"https:\/\/oropeza-siteground.techdesk.com.mx\/#organization","name":"Oropeza Ingenieros","url":"https:\/\/oropeza-siteground.techdesk.com.mx\/","logo":{"@type":"ImageObject","inLanguage":"es","@id":"https:\/\/oropeza-siteground.techdesk.com.mx\/#\/schema\/logo\/image\/","url":"https:\/\/oropeza-siteground.techdesk.com.mx\/wp-content\/uploads\/2020\/08\/cropped-LOGO-OISA-GRANDE.png","contentUrl":"https:\/\/oropeza-siteground.techdesk.com.mx\/wp-content\/uploads\/2020\/08\/cropped-LOGO-OISA-GRANDE.png","width":6937,"height":1198,"caption":"Oropeza Ingenieros"},"image":{"@id":"https:\/\/oropeza-siteground.techdesk.com.mx\/#\/schema\/logo\/image\/"}}]}},"_links":{"self":[{"href":"https:\/\/oropeza-siteground.techdesk.com.mx\/index.php\/wp-json\/wp\/v2\/pages\/208","targetHints":{"allow":["GET"]}}],"collection":[{"href":"https:\/\/oropeza-siteground.techdesk.com.mx\/index.php\/wp-json\/wp\/v2\/pages"}],"about":[{"href":"https:\/\/oropeza-siteground.techdesk.com.mx\/index.php\/wp-json\/wp\/v2\/types\/page"}],"author":[{"embeddable":true,"href":"https:\/\/oropeza-siteground.techdesk.com.mx\/index.php\/wp-json\/wp\/v2\/users\/1"}],"replies":[{"embeddable":true,"href":"https:\/\/oropeza-siteground.techdesk.com.mx\/index.php\/wp-json\/wp\/v2\/comments?post=208"}],"version-history":[{"count":347,"href":"https:\/\/oropeza-siteground.techdesk.com.mx\/index.php\/wp-json\/wp\/v2\/pages\/208\/revisions"}],"predecessor-version":[{"id":7260,"href":"https:\/\/oropeza-siteground.techdesk.com.mx\/index.php\/wp-json\/wp\/v2\/pages\/208\/revisions\/7260"}],"wp:attachment":[{"href":"https:\/\/oropeza-siteground.techdesk.com.mx\/index.php\/wp-json\/wp\/v2\/media?parent=208"}],"curies":[{"name":"wp","href":"https:\/\/api.w.org\/{rel}","templated":true}]}}