{"id":1829,"date":"2020-06-26T09:17:23","date_gmt":"2020-06-26T14:17:23","guid":{"rendered":"https:\/\/oropezaingenieros.com\/?page_id=1829"},"modified":"2024-01-30T17:19:23","modified_gmt":"2024-01-30T23:19:23","slug":"subestaciones","status":"publish","type":"page","link":"https:\/\/oropeza-siteground.techdesk.com.mx\/index.php\/subestaciones\/","title":{"rendered":"SUBESTACIONES"},"content":{"rendered":"\t\t<div data-elementor-type=\"wp-page\" data-elementor-id=\"1829\" class=\"elementor elementor-1829\" data-elementor-post-type=\"page\">\n\t\t\t\t\t\t<section class=\"elementor-section elementor-top-section elementor-element elementor-element-bdad799 elementor-section-boxed elementor-section-height-default elementor-section-height-default\" data-id=\"bdad799\" data-element_type=\"section\" data-e-type=\"section\">\n\t\t\t\t\t\t<div class=\"elementor-container elementor-column-gap-default\">\n\t\t\t\t\t<div class=\"elementor-column elementor-col-33 elementor-top-column elementor-element elementor-element-f14664a\" data-id=\"f14664a\" data-element_type=\"column\" data-e-type=\"column\">\n\t\t\t<div class=\"elementor-widget-wrap elementor-element-populated\">\n\t\t\t\t\t\t<div class=\"elementor-element elementor-element-92639ce elementor-widget__width-initial elementor-widget elementor-widget-image\" data-id=\"92639ce\" data-element_type=\"widget\" data-e-type=\"widget\" data-widget_type=\"image.default\">\n\t\t\t\t<div class=\"elementor-widget-container\">\n\t\t\t\t\t\t\t\t\t\t\t\t<figure class=\"wp-caption\">\n\t\t\t\t\t\t\t\t\t\t\t<a href=\"http:\/\/oropezaingenieros.com\/index.php\/productos\/h-series\/\">\n\t\t\t\t\t\t\t<img fetchpriority=\"high\" decoding=\"async\" width=\"620\" height=\"620\" src=\"https:\/\/oropeza-siteground.techdesk.com.mx\/wp-content\/uploads\/2023\/06\/Camara_termografica_hammer_series_guide_perfil.png\" class=\"attachment-large size-large wp-image-5846\" alt=\"C\u00e1mara de termograf\u00eda modelo H series marca Guide Sensmart tipo martillo con lentes intercambiables y resoluci\u00f3n de hasta 13 mega pixeles para uso industrial\" srcset=\"https:\/\/oropeza-siteground.techdesk.com.mx\/wp-content\/uploads\/2023\/06\/Camara_termografica_hammer_series_guide_perfil.png 620w, https:\/\/oropeza-siteground.techdesk.com.mx\/wp-content\/uploads\/2023\/06\/Camara_termografica_hammer_series_guide_perfil-300x300.png 300w, https:\/\/oropeza-siteground.techdesk.com.mx\/wp-content\/uploads\/2023\/06\/Camara_termografica_hammer_series_guide_perfil-150x150.png 150w, https:\/\/oropeza-siteground.techdesk.com.mx\/wp-content\/uploads\/2023\/06\/Camara_termografica_hammer_series_guide_perfil-600x600.png 600w, https:\/\/oropeza-siteground.techdesk.com.mx\/wp-content\/uploads\/2023\/06\/Camara_termografica_hammer_series_guide_perfil-160x160.png 160w, https:\/\/oropeza-siteground.techdesk.com.mx\/wp-content\/uploads\/2023\/06\/Camara_termografica_hammer_series_guide_perfil-100x100.png 100w\" sizes=\"(max-width: 620px) 100vw, 620px\" \/>\t\t\t\t\t\t\t\t<\/a>\n\t\t\t\t\t\t\t\t\t\t\t<figcaption class=\"widget-image-caption wp-caption-text\">H Series<\/figcaption>\n\t\t\t\t\t\t\t\t\t\t<\/figure>\n\t\t\t\t\t\t\t\t\t<\/div>\n\t\t\t\t<\/div>\n\t\t\t\t\t<\/div>\n\t\t<\/div>\n\t\t\t\t<div class=\"elementor-column elementor-col-33 elementor-top-column elementor-element elementor-element-77226df\" data-id=\"77226df\" data-element_type=\"column\" data-e-type=\"column\">\n\t\t\t<div class=\"elementor-widget-wrap elementor-element-populated\">\n\t\t\t\t\t\t<div class=\"elementor-element elementor-element-a34956d elementor-widget__width-initial elementor-widget elementor-widget-image\" data-id=\"a34956d\" data-element_type=\"widget\" data-e-type=\"widget\" data-widget_type=\"image.default\">\n\t\t\t\t<div class=\"elementor-widget-container\">\n\t\t\t\t\t\t\t\t\t\t\t\t<figure class=\"wp-caption\">\n\t\t\t\t\t\t\t\t\t\t\t<a href=\"http:\/\/oropezaingenieros.com\/index.php\/productos\/ps-series\/\">\n\t\t\t\t\t\t\t<img decoding=\"async\" width=\"300\" height=\"300\" src=\"https:\/\/oropeza-siteground.techdesk.com.mx\/wp-content\/uploads\/2022\/11\/PS-SERIES-FOTO-300x300.png\" class=\"attachment-medium size-medium wp-image-5204\" alt=\"\" srcset=\"https:\/\/oropeza-siteground.techdesk.com.mx\/wp-content\/uploads\/2022\/11\/PS-SERIES-FOTO-300x300.png 300w, https:\/\/oropeza-siteground.techdesk.com.mx\/wp-content\/uploads\/2022\/11\/PS-SERIES-FOTO-150x150.png 150w, https:\/\/oropeza-siteground.techdesk.com.mx\/wp-content\/uploads\/2022\/11\/PS-SERIES-FOTO-768x768.png 768w, https:\/\/oropeza-siteground.techdesk.com.mx\/wp-content\/uploads\/2022\/11\/PS-SERIES-FOTO-600x600.png 600w, https:\/\/oropeza-siteground.techdesk.com.mx\/wp-content\/uploads\/2022\/11\/PS-SERIES-FOTO-160x160.png 160w, https:\/\/oropeza-siteground.techdesk.com.mx\/wp-content\/uploads\/2022\/11\/PS-SERIES-FOTO-100x100.png 100w, https:\/\/oropeza-siteground.techdesk.com.mx\/wp-content\/uploads\/2022\/11\/PS-SERIES-FOTO.png 856w\" sizes=\"(max-width: 300px) 100vw, 300px\" \/>\t\t\t\t\t\t\t\t<\/a>\n\t\t\t\t\t\t\t\t\t\t\t<figcaption class=\"widget-image-caption wp-caption-text\">PS Series<\/figcaption>\n\t\t\t\t\t\t\t\t\t\t<\/figure>\n\t\t\t\t\t\t\t\t\t<\/div>\n\t\t\t\t<\/div>\n\t\t\t\t\t<\/div>\n\t\t<\/div>\n\t\t\t\t<div class=\"elementor-column elementor-col-33 elementor-top-column elementor-element elementor-element-131966a\" data-id=\"131966a\" data-element_type=\"column\" data-e-type=\"column\">\n\t\t\t<div class=\"elementor-widget-wrap elementor-element-populated\">\n\t\t\t\t\t\t<div class=\"elementor-element elementor-element-fc6fc9d elementor-widget__width-initial elementor-widget elementor-widget-image\" data-id=\"fc6fc9d\" data-element_type=\"widget\" data-e-type=\"widget\" data-widget_type=\"image.default\">\n\t\t\t\t<div class=\"elementor-widget-container\">\n\t\t\t\t\t\t\t\t\t\t\t\t<figure class=\"wp-caption\">\n\t\t\t\t\t\t\t\t\t\t\t<a href=\"http:\/\/oropezaingenieros.com\/index.php\/productos\/pt-series\/\">\n\t\t\t\t\t\t\t<img decoding=\"async\" width=\"1024\" height=\"1024\" src=\"https:\/\/oropeza-siteground.techdesk.com.mx\/wp-content\/uploads\/2022\/11\/Diseno-sin-titulo-51-1024x1024.png\" class=\"attachment-large size-large wp-image-5203\" alt=\"\" srcset=\"https:\/\/oropeza-siteground.techdesk.com.mx\/wp-content\/uploads\/2022\/11\/Diseno-sin-titulo-51-1024x1024.png 1024w, https:\/\/oropeza-siteground.techdesk.com.mx\/wp-content\/uploads\/2022\/11\/Diseno-sin-titulo-51-300x300.png 300w, https:\/\/oropeza-siteground.techdesk.com.mx\/wp-content\/uploads\/2022\/11\/Diseno-sin-titulo-51-150x150.png 150w, https:\/\/oropeza-siteground.techdesk.com.mx\/wp-content\/uploads\/2022\/11\/Diseno-sin-titulo-51-768x768.png 768w, https:\/\/oropeza-siteground.techdesk.com.mx\/wp-content\/uploads\/2022\/11\/Diseno-sin-titulo-51-600x600.png 600w, https:\/\/oropeza-siteground.techdesk.com.mx\/wp-content\/uploads\/2022\/11\/Diseno-sin-titulo-51-160x160.png 160w, https:\/\/oropeza-siteground.techdesk.com.mx\/wp-content\/uploads\/2022\/11\/Diseno-sin-titulo-51-100x100.png 100w, https:\/\/oropeza-siteground.techdesk.com.mx\/wp-content\/uploads\/2022\/11\/Diseno-sin-titulo-51.png 1080w\" sizes=\"(max-width: 1024px) 100vw, 1024px\" \/>\t\t\t\t\t\t\t\t<\/a>\n\t\t\t\t\t\t\t\t\t\t\t<figcaption class=\"widget-image-caption wp-caption-text\">PT Series<\/figcaption>\n\t\t\t\t\t\t\t\t\t\t<\/figure>\n\t\t\t\t\t\t\t\t\t<\/div>\n\t\t\t\t<\/div>\n\t\t\t\t\t<\/div>\n\t\t<\/div>\n\t\t\t\t\t<\/div>\n\t\t<\/section>\n\t\t\t\t<\/div>\n\t\t","protected":false},"excerpt":{"rendered":"<p>H Series PS Series PT Series<\/p>\n","protected":false},"author":1,"featured_media":0,"parent":0,"menu_order":0,"comment_status":"closed","ping_status":"closed","template":"","meta":{"footnotes":""},"class_list":["post-1829","page","type-page","status-publish","hentry"],"yoast_head":"<!-- This site is optimized with the Yoast SEO plugin v27.6 - https:\/\/yoast.com\/product\/yoast-seo-wordpress\/ -->\n<title>SUBESTACIONES - Oropeza Ingenieros<\/title>\n<meta name=\"robots\" content=\"index, follow, max-snippet:-1, max-image-preview:large, max-video-preview:-1\" \/>\n<link rel=\"canonical\" href=\"https:\/\/oropeza-siteground.techdesk.com.mx\/index.php\/subestaciones\/\" \/>\n<meta property=\"og:locale\" content=\"es_MX\" \/>\n<meta property=\"og:type\" content=\"article\" \/>\n<meta property=\"og:title\" content=\"SUBESTACIONES - Oropeza Ingenieros\" \/>\n<meta property=\"og:description\" content=\"H Series PS Series PT Series\" \/>\n<meta property=\"og:url\" content=\"https:\/\/oropeza-siteground.techdesk.com.mx\/index.php\/subestaciones\/\" \/>\n<meta property=\"og:site_name\" content=\"Oropeza Ingenieros\" \/>\n<meta property=\"article:modified_time\" content=\"2024-01-30T23:19:23+00:00\" \/>\n<meta property=\"og:image\" content=\"http:\/\/oropezaingenieros.com\/wp-content\/uploads\/2023\/06\/Camara_termografica_hammer_series_guide_perfil.png\" \/>\n<meta name=\"twitter:card\" content=\"summary_large_image\" \/>\n<meta name=\"twitter:label1\" content=\"Tiempo de lectura\" \/>\n\t<meta name=\"twitter:data1\" content=\"1 minuto\" \/>\n<script type=\"application\/ld+json\" class=\"yoast-schema-graph\">{\"@context\":\"https:\\\/\\\/schema.org\",\"@graph\":[{\"@type\":\"WebPage\",\"@id\":\"https:\\\/\\\/oropeza-siteground.techdesk.com.mx\\\/index.php\\\/subestaciones\\\/\",\"url\":\"https:\\\/\\\/oropeza-siteground.techdesk.com.mx\\\/index.php\\\/subestaciones\\\/\",\"name\":\"SUBESTACIONES - Oropeza Ingenieros\",\"isPartOf\":{\"@id\":\"https:\\\/\\\/oropeza-siteground.techdesk.com.mx\\\/#website\"},\"primaryImageOfPage\":{\"@id\":\"https:\\\/\\\/oropeza-siteground.techdesk.com.mx\\\/index.php\\\/subestaciones\\\/#primaryimage\"},\"image\":{\"@id\":\"https:\\\/\\\/oropeza-siteground.techdesk.com.mx\\\/index.php\\\/subestaciones\\\/#primaryimage\"},\"thumbnailUrl\":\"http:\\\/\\\/oropezaingenieros.com\\\/wp-content\\\/uploads\\\/2023\\\/06\\\/Camara_termografica_hammer_series_guide_perfil.png\",\"datePublished\":\"2020-06-26T14:17:23+00:00\",\"dateModified\":\"2024-01-30T23:19:23+00:00\",\"breadcrumb\":{\"@id\":\"https:\\\/\\\/oropeza-siteground.techdesk.com.mx\\\/index.php\\\/subestaciones\\\/#breadcrumb\"},\"inLanguage\":\"es\",\"potentialAction\":[{\"@type\":\"ReadAction\",\"target\":[\"https:\\\/\\\/oropeza-siteground.techdesk.com.mx\\\/index.php\\\/subestaciones\\\/\"]}]},{\"@type\":\"ImageObject\",\"inLanguage\":\"es\",\"@id\":\"https:\\\/\\\/oropeza-siteground.techdesk.com.mx\\\/index.php\\\/subestaciones\\\/#primaryimage\",\"url\":\"http:\\\/\\\/oropezaingenieros.com\\\/wp-content\\\/uploads\\\/2023\\\/06\\\/Camara_termografica_hammer_series_guide_perfil.png\",\"contentUrl\":\"http:\\\/\\\/oropezaingenieros.com\\\/wp-content\\\/uploads\\\/2023\\\/06\\\/Camara_termografica_hammer_series_guide_perfil.png\"},{\"@type\":\"BreadcrumbList\",\"@id\":\"https:\\\/\\\/oropeza-siteground.techdesk.com.mx\\\/index.php\\\/subestaciones\\\/#breadcrumb\",\"itemListElement\":[{\"@type\":\"ListItem\",\"position\":1,\"name\":\"Inicio\",\"item\":\"https:\\\/\\\/oropeza-siteground.techdesk.com.mx\\\/\"},{\"@type\":\"ListItem\",\"position\":2,\"name\":\"SUBESTACIONES\"}]},{\"@type\":\"WebSite\",\"@id\":\"https:\\\/\\\/oropeza-siteground.techdesk.com.mx\\\/#website\",\"url\":\"https:\\\/\\\/oropeza-siteground.techdesk.com.mx\\\/\",\"name\":\"Oropeza Ingenieros\",\"description\":\"\",\"publisher\":{\"@id\":\"https:\\\/\\\/oropeza-siteground.techdesk.com.mx\\\/#organization\"},\"potentialAction\":[{\"@type\":\"SearchAction\",\"target\":{\"@type\":\"EntryPoint\",\"urlTemplate\":\"https:\\\/\\\/oropeza-siteground.techdesk.com.mx\\\/?s={search_term_string}\"},\"query-input\":{\"@type\":\"PropertyValueSpecification\",\"valueRequired\":true,\"valueName\":\"search_term_string\"}}],\"inLanguage\":\"es\"},{\"@type\":\"Organization\",\"@id\":\"https:\\\/\\\/oropeza-siteground.techdesk.com.mx\\\/#organization\",\"name\":\"Oropeza Ingenieros\",\"url\":\"https:\\\/\\\/oropeza-siteground.techdesk.com.mx\\\/\",\"logo\":{\"@type\":\"ImageObject\",\"inLanguage\":\"es\",\"@id\":\"https:\\\/\\\/oropeza-siteground.techdesk.com.mx\\\/#\\\/schema\\\/logo\\\/image\\\/\",\"url\":\"https:\\\/\\\/oropeza-siteground.techdesk.com.mx\\\/wp-content\\\/uploads\\\/2020\\\/08\\\/cropped-LOGO-OISA-GRANDE.png\",\"contentUrl\":\"https:\\\/\\\/oropeza-siteground.techdesk.com.mx\\\/wp-content\\\/uploads\\\/2020\\\/08\\\/cropped-LOGO-OISA-GRANDE.png\",\"width\":6937,\"height\":1198,\"caption\":\"Oropeza Ingenieros\"},\"image\":{\"@id\":\"https:\\\/\\\/oropeza-siteground.techdesk.com.mx\\\/#\\\/schema\\\/logo\\\/image\\\/\"}}]}<\/script>\n<!-- \/ Yoast SEO plugin. -->","yoast_head_json":{"title":"SUBESTACIONES - Oropeza Ingenieros","robots":{"index":"index","follow":"follow","max-snippet":"max-snippet:-1","max-image-preview":"max-image-preview:large","max-video-preview":"max-video-preview:-1"},"canonical":"https:\/\/oropeza-siteground.techdesk.com.mx\/index.php\/subestaciones\/","og_locale":"es_MX","og_type":"article","og_title":"SUBESTACIONES - Oropeza Ingenieros","og_description":"H Series PS Series PT Series","og_url":"https:\/\/oropeza-siteground.techdesk.com.mx\/index.php\/subestaciones\/","og_site_name":"Oropeza Ingenieros","article_modified_time":"2024-01-30T23:19:23+00:00","og_image":[{"url":"http:\/\/oropezaingenieros.com\/wp-content\/uploads\/2023\/06\/Camara_termografica_hammer_series_guide_perfil.png","type":"","width":"","height":""}],"twitter_card":"summary_large_image","twitter_misc":{"Tiempo de lectura":"1 minuto"},"schema":{"@context":"https:\/\/schema.org","@graph":[{"@type":"WebPage","@id":"https:\/\/oropeza-siteground.techdesk.com.mx\/index.php\/subestaciones\/","url":"https:\/\/oropeza-siteground.techdesk.com.mx\/index.php\/subestaciones\/","name":"SUBESTACIONES - Oropeza Ingenieros","isPartOf":{"@id":"https:\/\/oropeza-siteground.techdesk.com.mx\/#website"},"primaryImageOfPage":{"@id":"https:\/\/oropeza-siteground.techdesk.com.mx\/index.php\/subestaciones\/#primaryimage"},"image":{"@id":"https:\/\/oropeza-siteground.techdesk.com.mx\/index.php\/subestaciones\/#primaryimage"},"thumbnailUrl":"http:\/\/oropezaingenieros.com\/wp-content\/uploads\/2023\/06\/Camara_termografica_hammer_series_guide_perfil.png","datePublished":"2020-06-26T14:17:23+00:00","dateModified":"2024-01-30T23:19:23+00:00","breadcrumb":{"@id":"https:\/\/oropeza-siteground.techdesk.com.mx\/index.php\/subestaciones\/#breadcrumb"},"inLanguage":"es","potentialAction":[{"@type":"ReadAction","target":["https:\/\/oropeza-siteground.techdesk.com.mx\/index.php\/subestaciones\/"]}]},{"@type":"ImageObject","inLanguage":"es","@id":"https:\/\/oropeza-siteground.techdesk.com.mx\/index.php\/subestaciones\/#primaryimage","url":"http:\/\/oropezaingenieros.com\/wp-content\/uploads\/2023\/06\/Camara_termografica_hammer_series_guide_perfil.png","contentUrl":"http:\/\/oropezaingenieros.com\/wp-content\/uploads\/2023\/06\/Camara_termografica_hammer_series_guide_perfil.png"},{"@type":"BreadcrumbList","@id":"https:\/\/oropeza-siteground.techdesk.com.mx\/index.php\/subestaciones\/#breadcrumb","itemListElement":[{"@type":"ListItem","position":1,"name":"Inicio","item":"https:\/\/oropeza-siteground.techdesk.com.mx\/"},{"@type":"ListItem","position":2,"name":"SUBESTACIONES"}]},{"@type":"WebSite","@id":"https:\/\/oropeza-siteground.techdesk.com.mx\/#website","url":"https:\/\/oropeza-siteground.techdesk.com.mx\/","name":"Oropeza Ingenieros","description":"","publisher":{"@id":"https:\/\/oropeza-siteground.techdesk.com.mx\/#organization"},"potentialAction":[{"@type":"SearchAction","target":{"@type":"EntryPoint","urlTemplate":"https:\/\/oropeza-siteground.techdesk.com.mx\/?s={search_term_string}"},"query-input":{"@type":"PropertyValueSpecification","valueRequired":true,"valueName":"search_term_string"}}],"inLanguage":"es"},{"@type":"Organization","@id":"https:\/\/oropeza-siteground.techdesk.com.mx\/#organization","name":"Oropeza Ingenieros","url":"https:\/\/oropeza-siteground.techdesk.com.mx\/","logo":{"@type":"ImageObject","inLanguage":"es","@id":"https:\/\/oropeza-siteground.techdesk.com.mx\/#\/schema\/logo\/image\/","url":"https:\/\/oropeza-siteground.techdesk.com.mx\/wp-content\/uploads\/2020\/08\/cropped-LOGO-OISA-GRANDE.png","contentUrl":"https:\/\/oropeza-siteground.techdesk.com.mx\/wp-content\/uploads\/2020\/08\/cropped-LOGO-OISA-GRANDE.png","width":6937,"height":1198,"caption":"Oropeza Ingenieros"},"image":{"@id":"https:\/\/oropeza-siteground.techdesk.com.mx\/#\/schema\/logo\/image\/"}}]}},"_links":{"self":[{"href":"https:\/\/oropeza-siteground.techdesk.com.mx\/index.php\/wp-json\/wp\/v2\/pages\/1829","targetHints":{"allow":["GET"]}}],"collection":[{"href":"https:\/\/oropeza-siteground.techdesk.com.mx\/index.php\/wp-json\/wp\/v2\/pages"}],"about":[{"href":"https:\/\/oropeza-siteground.techdesk.com.mx\/index.php\/wp-json\/wp\/v2\/types\/page"}],"author":[{"embeddable":true,"href":"https:\/\/oropeza-siteground.techdesk.com.mx\/index.php\/wp-json\/wp\/v2\/users\/1"}],"replies":[{"embeddable":true,"href":"https:\/\/oropeza-siteground.techdesk.com.mx\/index.php\/wp-json\/wp\/v2\/comments?post=1829"}],"version-history":[{"count":31,"href":"https:\/\/oropeza-siteground.techdesk.com.mx\/index.php\/wp-json\/wp\/v2\/pages\/1829\/revisions"}],"predecessor-version":[{"id":6642,"href":"https:\/\/oropeza-siteground.techdesk.com.mx\/index.php\/wp-json\/wp\/v2\/pages\/1829\/revisions\/6642"}],"wp:attachment":[{"href":"https:\/\/oropeza-siteground.techdesk.com.mx\/index.php\/wp-json\/wp\/v2\/media?parent=1829"}],"curies":[{"name":"wp","href":"https:\/\/api.w.org\/{rel}","templated":true}]}}