{"id":1468,"date":"2020-05-26T11:56:46","date_gmt":"2020-05-26T16:56:46","guid":{"rendered":"https:\/\/oropezaingenieros.com\/?page_id=1468"},"modified":"2025-04-25T12:11:41","modified_gmt":"2025-04-25T18:11:41","slug":"termografia","status":"publish","type":"page","link":"https:\/\/oropeza-siteground.techdesk.com.mx\/index.php\/termografia\/","title":{"rendered":"TERMOGRAF\u00cdA"},"content":{"rendered":"\t\t<div data-elementor-type=\"wp-page\" data-elementor-id=\"1468\" class=\"elementor elementor-1468\" data-elementor-post-type=\"page\">\n\t\t\t\t\t\t<section class=\"elementor-section elementor-top-section elementor-element elementor-element-301cd66 elementor-section-boxed elementor-section-height-default elementor-section-height-default\" data-id=\"301cd66\" data-element_type=\"section\" data-e-type=\"section\">\n\t\t\t\t\t\t<div class=\"elementor-container elementor-column-gap-default\">\n\t\t\t\t\t<div class=\"elementor-column elementor-col-25 elementor-top-column elementor-element elementor-element-d21de5b\" data-id=\"d21de5b\" data-element_type=\"column\" data-e-type=\"column\">\n\t\t\t<div class=\"elementor-widget-wrap elementor-element-populated\">\n\t\t\t\t\t\t<div class=\"elementor-element elementor-element-c336139 elementor-widget elementor-widget-image\" data-id=\"c336139\" data-element_type=\"widget\" data-e-type=\"widget\" data-widget_type=\"image.default\">\n\t\t\t\t<div class=\"elementor-widget-container\">\n\t\t\t\t\t\t\t\t\t\t\t\t<figure class=\"wp-caption\">\n\t\t\t\t\t\t\t\t\t\t\t<a href=\"http:\/\/oropezaingenieros.com\/index.php\/uso-personal\/\">\n\t\t\t\t\t\t\t<img fetchpriority=\"high\" decoding=\"async\" width=\"1024\" height=\"1024\" src=\"https:\/\/oropeza-siteground.techdesk.com.mx\/wp-content\/uploads\/2022\/11\/Diseno-sin-titulo-49-1024x1024.png\" class=\"attachment-large size-large wp-image-5191\" alt=\"\" srcset=\"https:\/\/oropeza-siteground.techdesk.com.mx\/wp-content\/uploads\/2022\/11\/Diseno-sin-titulo-49-1024x1024.png 1024w, https:\/\/oropeza-siteground.techdesk.com.mx\/wp-content\/uploads\/2022\/11\/Diseno-sin-titulo-49-300x300.png 300w, https:\/\/oropeza-siteground.techdesk.com.mx\/wp-content\/uploads\/2022\/11\/Diseno-sin-titulo-49-150x150.png 150w, https:\/\/oropeza-siteground.techdesk.com.mx\/wp-content\/uploads\/2022\/11\/Diseno-sin-titulo-49-768x768.png 768w, https:\/\/oropeza-siteground.techdesk.com.mx\/wp-content\/uploads\/2022\/11\/Diseno-sin-titulo-49-600x600.png 600w, https:\/\/oropeza-siteground.techdesk.com.mx\/wp-content\/uploads\/2022\/11\/Diseno-sin-titulo-49-160x160.png 160w, https:\/\/oropeza-siteground.techdesk.com.mx\/wp-content\/uploads\/2022\/11\/Diseno-sin-titulo-49-100x100.png 100w, https:\/\/oropeza-siteground.techdesk.com.mx\/wp-content\/uploads\/2022\/11\/Diseno-sin-titulo-49.png 1080w\" sizes=\"(max-width: 1024px) 100vw, 1024px\" \/>\t\t\t\t\t\t\t\t<\/a>\n\t\t\t\t\t\t\t\t\t\t\t<figcaption class=\"widget-image-caption wp-caption-text\">Uso Personal <\/figcaption>\n\t\t\t\t\t\t\t\t\t\t<\/figure>\n\t\t\t\t\t\t\t\t\t<\/div>\n\t\t\t\t<\/div>\n\t\t\t\t\t<\/div>\n\t\t<\/div>\n\t\t\t\t<div class=\"elementor-column elementor-col-25 elementor-top-column elementor-element elementor-element-c96209c\" data-id=\"c96209c\" data-element_type=\"column\" data-e-type=\"column\">\n\t\t\t<div class=\"elementor-widget-wrap elementor-element-populated\">\n\t\t\t\t\t\t<div class=\"elementor-element elementor-element-20b902e elementor-widget elementor-widget-image\" data-id=\"20b902e\" data-element_type=\"widget\" data-e-type=\"widget\" data-widget_type=\"image.default\">\n\t\t\t\t<div class=\"elementor-widget-container\">\n\t\t\t\t\t\t\t\t\t\t\t\t<figure class=\"wp-caption\">\n\t\t\t\t\t\t\t\t\t\t\t<a href=\"http:\/\/oropezaingenieros.com\/index.php\/inspeccion-electrica\/\">\n\t\t\t\t\t\t\t<img decoding=\"async\" width=\"768\" height=\"745\" src=\"https:\/\/oropeza-siteground.techdesk.com.mx\/wp-content\/uploads\/2022\/11\/8-768x745.png\" class=\"attachment-medium_large size-medium_large wp-image-5195\" alt=\"C\u00e1mara termogr\u00e1fica de mano modelo PC marca Guide Sensmart\" srcset=\"https:\/\/oropeza-siteground.techdesk.com.mx\/wp-content\/uploads\/2022\/11\/8-768x745.png 768w, https:\/\/oropeza-siteground.techdesk.com.mx\/wp-content\/uploads\/2022\/11\/8-300x291.png 300w, https:\/\/oropeza-siteground.techdesk.com.mx\/wp-content\/uploads\/2022\/11\/8-1024x993.png 1024w, https:\/\/oropeza-siteground.techdesk.com.mx\/wp-content\/uploads\/2022\/11\/8-1536x1490.png 1536w, https:\/\/oropeza-siteground.techdesk.com.mx\/wp-content\/uploads\/2022\/11\/8-600x582.png 600w, https:\/\/oropeza-siteground.techdesk.com.mx\/wp-content\/uploads\/2022\/11\/8-165x160.png 165w, https:\/\/oropeza-siteground.techdesk.com.mx\/wp-content\/uploads\/2022\/11\/8.png 1678w\" sizes=\"(max-width: 768px) 100vw, 768px\" \/>\t\t\t\t\t\t\t\t<\/a>\n\t\t\t\t\t\t\t\t\t\t\t<figcaption class=\"widget-image-caption wp-caption-text\">Inspecci\u00f3n El\u00e9ctrica<\/figcaption>\n\t\t\t\t\t\t\t\t\t\t<\/figure>\n\t\t\t\t\t\t\t\t\t<\/div>\n\t\t\t\t<\/div>\n\t\t\t\t\t<\/div>\n\t\t<\/div>\n\t\t\t\t<div class=\"elementor-column elementor-col-25 elementor-top-column elementor-element elementor-element-6f75055\" data-id=\"6f75055\" data-element_type=\"column\" data-e-type=\"column\">\n\t\t\t<div class=\"elementor-widget-wrap elementor-element-populated\">\n\t\t\t\t\t\t<div class=\"elementor-element elementor-element-2d38d2e elementor-widget elementor-widget-image\" data-id=\"2d38d2e\" data-element_type=\"widget\" data-e-type=\"widget\" data-widget_type=\"image.default\">\n\t\t\t\t<div class=\"elementor-widget-container\">\n\t\t\t\t\t\t\t\t\t\t\t\t<figure class=\"wp-caption\">\n\t\t\t\t\t\t\t\t\t\t\t<a href=\"http:\/\/oropezaingenieros.com\/index.php\/subestaciones\/\">\n\t\t\t\t\t\t\t<img decoding=\"async\" width=\"620\" height=\"620\" src=\"https:\/\/oropeza-siteground.techdesk.com.mx\/wp-content\/uploads\/2023\/06\/Camara_termografica_hammer_series_guide_perfil.png\" class=\"attachment-medium_large size-medium_large wp-image-5846\" alt=\"C\u00e1mara de termograf\u00eda modelo H series marca Guide Sensmart tipo martillo con lentes intercambiables y resoluci\u00f3n de hasta 13 mega pixeles para uso industrial\" srcset=\"https:\/\/oropeza-siteground.techdesk.com.mx\/wp-content\/uploads\/2023\/06\/Camara_termografica_hammer_series_guide_perfil.png 620w, https:\/\/oropeza-siteground.techdesk.com.mx\/wp-content\/uploads\/2023\/06\/Camara_termografica_hammer_series_guide_perfil-300x300.png 300w, https:\/\/oropeza-siteground.techdesk.com.mx\/wp-content\/uploads\/2023\/06\/Camara_termografica_hammer_series_guide_perfil-150x150.png 150w, https:\/\/oropeza-siteground.techdesk.com.mx\/wp-content\/uploads\/2023\/06\/Camara_termografica_hammer_series_guide_perfil-600x600.png 600w, https:\/\/oropeza-siteground.techdesk.com.mx\/wp-content\/uploads\/2023\/06\/Camara_termografica_hammer_series_guide_perfil-160x160.png 160w, https:\/\/oropeza-siteground.techdesk.com.mx\/wp-content\/uploads\/2023\/06\/Camara_termografica_hammer_series_guide_perfil-100x100.png 100w\" sizes=\"(max-width: 620px) 100vw, 620px\" \/>\t\t\t\t\t\t\t\t<\/a>\n\t\t\t\t\t\t\t\t\t\t\t<figcaption class=\"widget-image-caption wp-caption-text\">Subestaciones<\/figcaption>\n\t\t\t\t\t\t\t\t\t\t<\/figure>\n\t\t\t\t\t\t\t\t\t<\/div>\n\t\t\t\t<\/div>\n\t\t\t\t\t<\/div>\n\t\t<\/div>\n\t\t\t\t<div class=\"elementor-column elementor-col-25 elementor-top-column elementor-element elementor-element-1da5967\" data-id=\"1da5967\" data-element_type=\"column\" data-e-type=\"column\">\n\t\t\t<div class=\"elementor-widget-wrap elementor-element-populated\">\n\t\t\t\t\t\t<div class=\"elementor-element elementor-element-92514e5 elementor-widget elementor-widget-image\" data-id=\"92514e5\" data-element_type=\"widget\" data-e-type=\"widget\" data-widget_type=\"image.default\">\n\t\t\t\t<div class=\"elementor-widget-container\">\n\t\t\t\t\t\t\t\t\t\t\t\t<figure class=\"wp-caption\">\n\t\t\t\t\t\t\t\t\t\t\t<a href=\"http:\/\/oropezaingenieros.com\/index.php\/lineas-de-transmision\/\">\n\t\t\t\t\t\t\t<img loading=\"lazy\" decoding=\"async\" width=\"620\" height=\"402\" src=\"https:\/\/oropeza-siteground.techdesk.com.mx\/wp-content\/uploads\/2022\/11\/PTSeries_camara_termografoca_guide_top.png\" class=\"attachment-large size-large wp-image-5831\" alt=\"C\u00e1mara termogr\u00e1fica PT Series marca Guide Sensmart, c\u00e1mara t\u00e9rmica de alto rendimiento.\" srcset=\"https:\/\/oropeza-siteground.techdesk.com.mx\/wp-content\/uploads\/2022\/11\/PTSeries_camara_termografoca_guide_top.png 620w, https:\/\/oropeza-siteground.techdesk.com.mx\/wp-content\/uploads\/2022\/11\/PTSeries_camara_termografoca_guide_top-300x195.png 300w, https:\/\/oropeza-siteground.techdesk.com.mx\/wp-content\/uploads\/2022\/11\/PTSeries_camara_termografoca_guide_top-600x389.png 600w, https:\/\/oropeza-siteground.techdesk.com.mx\/wp-content\/uploads\/2022\/11\/PTSeries_camara_termografoca_guide_top-247x160.png 247w\" sizes=\"(max-width: 620px) 100vw, 620px\" \/>\t\t\t\t\t\t\t\t<\/a>\n\t\t\t\t\t\t\t\t\t\t\t<figcaption class=\"widget-image-caption wp-caption-text\">L\u00edneas de Transmisi\u00f3n<\/figcaption>\n\t\t\t\t\t\t\t\t\t\t<\/figure>\n\t\t\t\t\t\t\t\t\t<\/div>\n\t\t\t\t<\/div>\n\t\t\t\t\t<\/div>\n\t\t<\/div>\n\t\t\t\t\t<\/div>\n\t\t<\/section>\n\t\t\t\t<\/div>\n\t\t","protected":false},"excerpt":{"rendered":"<p>Uso Personal Inspecci\u00f3n El\u00e9ctrica Subestaciones L\u00edneas de Transmisi\u00f3n<\/p>\n","protected":false},"author":1,"featured_media":0,"parent":0,"menu_order":0,"comment_status":"closed","ping_status":"closed","template":"","meta":{"footnotes":""},"class_list":["post-1468","page","type-page","status-publish","hentry"],"yoast_head":"<!-- This site is optimized with the Yoast SEO plugin v27.6 - https:\/\/yoast.com\/product\/yoast-seo-wordpress\/ -->\n<title>TERMOGRAF\u00cdA - Oropeza Ingenieros<\/title>\n<meta name=\"robots\" content=\"index, follow, max-snippet:-1, max-image-preview:large, max-video-preview:-1\" \/>\n<link rel=\"canonical\" href=\"https:\/\/oropeza-siteground.techdesk.com.mx\/index.php\/termografia\/\" \/>\n<meta property=\"og:locale\" content=\"es_MX\" \/>\n<meta property=\"og:type\" content=\"article\" \/>\n<meta property=\"og:title\" content=\"TERMOGRAF\u00cdA - Oropeza Ingenieros\" \/>\n<meta property=\"og:description\" content=\"Uso Personal Inspecci\u00f3n El\u00e9ctrica Subestaciones L\u00edneas de Transmisi\u00f3n\" \/>\n<meta property=\"og:url\" content=\"https:\/\/oropeza-siteground.techdesk.com.mx\/index.php\/termografia\/\" \/>\n<meta property=\"og:site_name\" content=\"Oropeza Ingenieros\" \/>\n<meta property=\"article:modified_time\" content=\"2025-04-25T18:11:41+00:00\" \/>\n<meta property=\"og:image\" content=\"http:\/\/oropezaingenieros.com\/wp-content\/uploads\/2022\/11\/Diseno-sin-titulo-49-1024x1024.png\" \/>\n<meta name=\"twitter:card\" content=\"summary_large_image\" \/>\n<meta name=\"twitter:label1\" content=\"Tiempo de lectura\" \/>\n\t<meta name=\"twitter:data1\" content=\"1 minuto\" \/>\n<script type=\"application\/ld+json\" class=\"yoast-schema-graph\">{\"@context\":\"https:\\\/\\\/schema.org\",\"@graph\":[{\"@type\":\"WebPage\",\"@id\":\"https:\\\/\\\/oropeza-siteground.techdesk.com.mx\\\/index.php\\\/termografia\\\/\",\"url\":\"https:\\\/\\\/oropeza-siteground.techdesk.com.mx\\\/index.php\\\/termografia\\\/\",\"name\":\"TERMOGRAF\u00cdA - Oropeza Ingenieros\",\"isPartOf\":{\"@id\":\"https:\\\/\\\/oropeza-siteground.techdesk.com.mx\\\/#website\"},\"primaryImageOfPage\":{\"@id\":\"https:\\\/\\\/oropeza-siteground.techdesk.com.mx\\\/index.php\\\/termografia\\\/#primaryimage\"},\"image\":{\"@id\":\"https:\\\/\\\/oropeza-siteground.techdesk.com.mx\\\/index.php\\\/termografia\\\/#primaryimage\"},\"thumbnailUrl\":\"http:\\\/\\\/oropezaingenieros.com\\\/wp-content\\\/uploads\\\/2022\\\/11\\\/Diseno-sin-titulo-49-1024x1024.png\",\"datePublished\":\"2020-05-26T16:56:46+00:00\",\"dateModified\":\"2025-04-25T18:11:41+00:00\",\"breadcrumb\":{\"@id\":\"https:\\\/\\\/oropeza-siteground.techdesk.com.mx\\\/index.php\\\/termografia\\\/#breadcrumb\"},\"inLanguage\":\"es\",\"potentialAction\":[{\"@type\":\"ReadAction\",\"target\":[\"https:\\\/\\\/oropeza-siteground.techdesk.com.mx\\\/index.php\\\/termografia\\\/\"]}]},{\"@type\":\"ImageObject\",\"inLanguage\":\"es\",\"@id\":\"https:\\\/\\\/oropeza-siteground.techdesk.com.mx\\\/index.php\\\/termografia\\\/#primaryimage\",\"url\":\"http:\\\/\\\/oropezaingenieros.com\\\/wp-content\\\/uploads\\\/2022\\\/11\\\/Diseno-sin-titulo-49-1024x1024.png\",\"contentUrl\":\"http:\\\/\\\/oropezaingenieros.com\\\/wp-content\\\/uploads\\\/2022\\\/11\\\/Diseno-sin-titulo-49-1024x1024.png\"},{\"@type\":\"BreadcrumbList\",\"@id\":\"https:\\\/\\\/oropeza-siteground.techdesk.com.mx\\\/index.php\\\/termografia\\\/#breadcrumb\",\"itemListElement\":[{\"@type\":\"ListItem\",\"position\":1,\"name\":\"Inicio\",\"item\":\"https:\\\/\\\/oropeza-siteground.techdesk.com.mx\\\/\"},{\"@type\":\"ListItem\",\"position\":2,\"name\":\"TERMOGRAF\u00cdA\"}]},{\"@type\":\"WebSite\",\"@id\":\"https:\\\/\\\/oropeza-siteground.techdesk.com.mx\\\/#website\",\"url\":\"https:\\\/\\\/oropeza-siteground.techdesk.com.mx\\\/\",\"name\":\"Oropeza Ingenieros\",\"description\":\"\",\"publisher\":{\"@id\":\"https:\\\/\\\/oropeza-siteground.techdesk.com.mx\\\/#organization\"},\"potentialAction\":[{\"@type\":\"SearchAction\",\"target\":{\"@type\":\"EntryPoint\",\"urlTemplate\":\"https:\\\/\\\/oropeza-siteground.techdesk.com.mx\\\/?s={search_term_string}\"},\"query-input\":{\"@type\":\"PropertyValueSpecification\",\"valueRequired\":true,\"valueName\":\"search_term_string\"}}],\"inLanguage\":\"es\"},{\"@type\":\"Organization\",\"@id\":\"https:\\\/\\\/oropeza-siteground.techdesk.com.mx\\\/#organization\",\"name\":\"Oropeza Ingenieros\",\"url\":\"https:\\\/\\\/oropeza-siteground.techdesk.com.mx\\\/\",\"logo\":{\"@type\":\"ImageObject\",\"inLanguage\":\"es\",\"@id\":\"https:\\\/\\\/oropeza-siteground.techdesk.com.mx\\\/#\\\/schema\\\/logo\\\/image\\\/\",\"url\":\"https:\\\/\\\/oropeza-siteground.techdesk.com.mx\\\/wp-content\\\/uploads\\\/2020\\\/08\\\/cropped-LOGO-OISA-GRANDE.png\",\"contentUrl\":\"https:\\\/\\\/oropeza-siteground.techdesk.com.mx\\\/wp-content\\\/uploads\\\/2020\\\/08\\\/cropped-LOGO-OISA-GRANDE.png\",\"width\":6937,\"height\":1198,\"caption\":\"Oropeza Ingenieros\"},\"image\":{\"@id\":\"https:\\\/\\\/oropeza-siteground.techdesk.com.mx\\\/#\\\/schema\\\/logo\\\/image\\\/\"}}]}<\/script>\n<!-- \/ Yoast SEO plugin. -->","yoast_head_json":{"title":"TERMOGRAF\u00cdA - Oropeza Ingenieros","robots":{"index":"index","follow":"follow","max-snippet":"max-snippet:-1","max-image-preview":"max-image-preview:large","max-video-preview":"max-video-preview:-1"},"canonical":"https:\/\/oropeza-siteground.techdesk.com.mx\/index.php\/termografia\/","og_locale":"es_MX","og_type":"article","og_title":"TERMOGRAF\u00cdA - Oropeza Ingenieros","og_description":"Uso Personal Inspecci\u00f3n El\u00e9ctrica Subestaciones L\u00edneas de Transmisi\u00f3n","og_url":"https:\/\/oropeza-siteground.techdesk.com.mx\/index.php\/termografia\/","og_site_name":"Oropeza Ingenieros","article_modified_time":"2025-04-25T18:11:41+00:00","og_image":[{"url":"http:\/\/oropezaingenieros.com\/wp-content\/uploads\/2022\/11\/Diseno-sin-titulo-49-1024x1024.png","type":"","width":"","height":""}],"twitter_card":"summary_large_image","twitter_misc":{"Tiempo de lectura":"1 minuto"},"schema":{"@context":"https:\/\/schema.org","@graph":[{"@type":"WebPage","@id":"https:\/\/oropeza-siteground.techdesk.com.mx\/index.php\/termografia\/","url":"https:\/\/oropeza-siteground.techdesk.com.mx\/index.php\/termografia\/","name":"TERMOGRAF\u00cdA - Oropeza Ingenieros","isPartOf":{"@id":"https:\/\/oropeza-siteground.techdesk.com.mx\/#website"},"primaryImageOfPage":{"@id":"https:\/\/oropeza-siteground.techdesk.com.mx\/index.php\/termografia\/#primaryimage"},"image":{"@id":"https:\/\/oropeza-siteground.techdesk.com.mx\/index.php\/termografia\/#primaryimage"},"thumbnailUrl":"http:\/\/oropezaingenieros.com\/wp-content\/uploads\/2022\/11\/Diseno-sin-titulo-49-1024x1024.png","datePublished":"2020-05-26T16:56:46+00:00","dateModified":"2025-04-25T18:11:41+00:00","breadcrumb":{"@id":"https:\/\/oropeza-siteground.techdesk.com.mx\/index.php\/termografia\/#breadcrumb"},"inLanguage":"es","potentialAction":[{"@type":"ReadAction","target":["https:\/\/oropeza-siteground.techdesk.com.mx\/index.php\/termografia\/"]}]},{"@type":"ImageObject","inLanguage":"es","@id":"https:\/\/oropeza-siteground.techdesk.com.mx\/index.php\/termografia\/#primaryimage","url":"http:\/\/oropezaingenieros.com\/wp-content\/uploads\/2022\/11\/Diseno-sin-titulo-49-1024x1024.png","contentUrl":"http:\/\/oropezaingenieros.com\/wp-content\/uploads\/2022\/11\/Diseno-sin-titulo-49-1024x1024.png"},{"@type":"BreadcrumbList","@id":"https:\/\/oropeza-siteground.techdesk.com.mx\/index.php\/termografia\/#breadcrumb","itemListElement":[{"@type":"ListItem","position":1,"name":"Inicio","item":"https:\/\/oropeza-siteground.techdesk.com.mx\/"},{"@type":"ListItem","position":2,"name":"TERMOGRAF\u00cdA"}]},{"@type":"WebSite","@id":"https:\/\/oropeza-siteground.techdesk.com.mx\/#website","url":"https:\/\/oropeza-siteground.techdesk.com.mx\/","name":"Oropeza Ingenieros","description":"","publisher":{"@id":"https:\/\/oropeza-siteground.techdesk.com.mx\/#organization"},"potentialAction":[{"@type":"SearchAction","target":{"@type":"EntryPoint","urlTemplate":"https:\/\/oropeza-siteground.techdesk.com.mx\/?s={search_term_string}"},"query-input":{"@type":"PropertyValueSpecification","valueRequired":true,"valueName":"search_term_string"}}],"inLanguage":"es"},{"@type":"Organization","@id":"https:\/\/oropeza-siteground.techdesk.com.mx\/#organization","name":"Oropeza Ingenieros","url":"https:\/\/oropeza-siteground.techdesk.com.mx\/","logo":{"@type":"ImageObject","inLanguage":"es","@id":"https:\/\/oropeza-siteground.techdesk.com.mx\/#\/schema\/logo\/image\/","url":"https:\/\/oropeza-siteground.techdesk.com.mx\/wp-content\/uploads\/2020\/08\/cropped-LOGO-OISA-GRANDE.png","contentUrl":"https:\/\/oropeza-siteground.techdesk.com.mx\/wp-content\/uploads\/2020\/08\/cropped-LOGO-OISA-GRANDE.png","width":6937,"height":1198,"caption":"Oropeza Ingenieros"},"image":{"@id":"https:\/\/oropeza-siteground.techdesk.com.mx\/#\/schema\/logo\/image\/"}}]}},"_links":{"self":[{"href":"https:\/\/oropeza-siteground.techdesk.com.mx\/index.php\/wp-json\/wp\/v2\/pages\/1468","targetHints":{"allow":["GET"]}}],"collection":[{"href":"https:\/\/oropeza-siteground.techdesk.com.mx\/index.php\/wp-json\/wp\/v2\/pages"}],"about":[{"href":"https:\/\/oropeza-siteground.techdesk.com.mx\/index.php\/wp-json\/wp\/v2\/types\/page"}],"author":[{"embeddable":true,"href":"https:\/\/oropeza-siteground.techdesk.com.mx\/index.php\/wp-json\/wp\/v2\/users\/1"}],"replies":[{"embeddable":true,"href":"https:\/\/oropeza-siteground.techdesk.com.mx\/index.php\/wp-json\/wp\/v2\/comments?post=1468"}],"version-history":[{"count":33,"href":"https:\/\/oropeza-siteground.techdesk.com.mx\/index.php\/wp-json\/wp\/v2\/pages\/1468\/revisions"}],"predecessor-version":[{"id":7016,"href":"https:\/\/oropeza-siteground.techdesk.com.mx\/index.php\/wp-json\/wp\/v2\/pages\/1468\/revisions\/7016"}],"wp:attachment":[{"href":"https:\/\/oropeza-siteground.techdesk.com.mx\/index.php\/wp-json\/wp\/v2\/media?parent=1468"}],"curies":[{"name":"wp","href":"https:\/\/api.w.org\/{rel}","templated":true}]}}