{"id":1350,"date":"2020-05-22T13:05:01","date_gmt":"2020-05-22T18:05:01","guid":{"rendered":"https:\/\/oropezaingenieros.com\/?page_id=1350"},"modified":"2022-08-18T13:16:01","modified_gmt":"2022-08-18T18:16:01","slug":"interruptores","status":"publish","type":"page","link":"https:\/\/oropeza-siteground.techdesk.com.mx\/index.php\/interruptores\/","title":{"rendered":"INTERRUPTORES"},"content":{"rendered":"\t\t<div data-elementor-type=\"wp-page\" data-elementor-id=\"1350\" class=\"elementor elementor-1350\" data-elementor-post-type=\"page\">\n\t\t\t\t\t\t<section class=\"elementor-section elementor-top-section elementor-element elementor-element-2e1373c elementor-section-boxed elementor-section-height-default elementor-section-height-default\" data-id=\"2e1373c\" data-element_type=\"section\" data-e-type=\"section\">\n\t\t\t\t\t\t<div class=\"elementor-container elementor-column-gap-default\">\n\t\t\t\t\t<div class=\"elementor-column elementor-col-25 elementor-top-column elementor-element elementor-element-9c21289\" data-id=\"9c21289\" data-element_type=\"column\" data-e-type=\"column\">\n\t\t\t<div class=\"elementor-widget-wrap elementor-element-populated\">\n\t\t\t\t\t\t<div class=\"elementor-element elementor-element-fe0b722 elementor-widget elementor-widget-image\" data-id=\"fe0b722\" data-element_type=\"widget\" data-e-type=\"widget\" data-widget_type=\"image.default\">\n\t\t\t\t<div class=\"elementor-widget-container\">\n\t\t\t\t\t\t\t\t\t\t\t\t<figure class=\"wp-caption\">\n\t\t\t\t\t\t\t\t\t\t\t<a href=\"http:\/\/oropezaingenieros.com\/index.php\/resistencia-de-contactos\/\">\n\t\t\t\t\t\t\t<img fetchpriority=\"high\" decoding=\"async\" width=\"368\" height=\"368\" src=\"https:\/\/oropeza-siteground.techdesk.com.mx\/wp-content\/uploads\/2020\/03\/DLRO10HD.png\" class=\"attachment-large size-large wp-image-1369\" alt=\"\" srcset=\"https:\/\/oropeza-siteground.techdesk.com.mx\/wp-content\/uploads\/2020\/03\/DLRO10HD.png 368w, https:\/\/oropeza-siteground.techdesk.com.mx\/wp-content\/uploads\/2020\/03\/DLRO10HD-300x300.png 300w, https:\/\/oropeza-siteground.techdesk.com.mx\/wp-content\/uploads\/2020\/03\/DLRO10HD-150x150.png 150w, https:\/\/oropeza-siteground.techdesk.com.mx\/wp-content\/uploads\/2020\/03\/DLRO10HD-160x160.png 160w\" sizes=\"(max-width: 368px) 100vw, 368px\" \/>\t\t\t\t\t\t\t\t<\/a>\n\t\t\t\t\t\t\t\t\t\t\t<figcaption class=\"widget-image-caption wp-caption-text\">Resistencia de Contacto<\/figcaption>\n\t\t\t\t\t\t\t\t\t\t<\/figure>\n\t\t\t\t\t\t\t\t\t<\/div>\n\t\t\t\t<\/div>\n\t\t\t\t\t<\/div>\n\t\t<\/div>\n\t\t\t\t<div class=\"elementor-column elementor-col-25 elementor-top-column elementor-element elementor-element-fca06a9\" data-id=\"fca06a9\" data-element_type=\"column\" data-e-type=\"column\">\n\t\t\t<div class=\"elementor-widget-wrap elementor-element-populated\">\n\t\t\t\t\t\t<div class=\"elementor-element elementor-element-b4b953f elementor-widget elementor-widget-image\" data-id=\"b4b953f\" data-element_type=\"widget\" data-e-type=\"widget\" data-widget_type=\"image.default\">\n\t\t\t\t<div class=\"elementor-widget-container\">\n\t\t\t\t\t\t\t\t\t\t\t\t<figure class=\"wp-caption\">\n\t\t\t\t\t\t\t\t\t\t\t<a href=\"http:\/\/oropezaingenieros.com\/index.php\/tiempos-de-operacion-y-sincronismo\/\">\n\t\t\t\t\t\t\t<img decoding=\"async\" src=\"https:\/\/oropeza-siteground.techdesk.com.mx\/wp-content\/uploads\/elementor\/thumbs\/EGIL200__P01_DAN_001-r8ki9202vodbxkfz21i7yal0o8y37bmcdif3blboc0.png\" title=\"EGIL200__P01_DAN_001\" alt=\"EGIL200__P01_DAN_001\" loading=\"lazy\" \/>\t\t\t\t\t\t\t\t<\/a>\n\t\t\t\t\t\t\t\t\t\t\t<figcaption class=\"widget-image-caption wp-caption-text\">Tiempos de Operaci\u00f3n y Sincronismo<\/figcaption>\n\t\t\t\t\t\t\t\t\t\t<\/figure>\n\t\t\t\t\t\t\t\t\t<\/div>\n\t\t\t\t<\/div>\n\t\t\t\t\t<\/div>\n\t\t<\/div>\n\t\t\t\t<div class=\"elementor-column elementor-col-25 elementor-top-column elementor-element elementor-element-947a51e\" data-id=\"947a51e\" data-element_type=\"column\" data-e-type=\"column\">\n\t\t\t<div class=\"elementor-widget-wrap elementor-element-populated\">\n\t\t\t\t\t\t<div class=\"elementor-element elementor-element-ca29010 elementor-widget elementor-widget-image\" data-id=\"ca29010\" data-element_type=\"widget\" data-e-type=\"widget\" data-widget_type=\"image.default\">\n\t\t\t\t<div class=\"elementor-widget-container\">\n\t\t\t\t\t\t\t\t\t\t\t\t<figure class=\"wp-caption\">\n\t\t\t\t\t\t\t\t\t\t\t<a href=\"http:\/\/oropezaingenieros.com\/index.php\/resistencia-de-aislamiento-3\/\">\n\t\t\t\t\t\t\t<img decoding=\"async\" width=\"368\" height=\"368\" src=\"https:\/\/oropeza-siteground.techdesk.com.mx\/wp-content\/uploads\/2020\/04\/MIT-525.jpg\" class=\"attachment-large size-large wp-image-974\" alt=\"\" srcset=\"https:\/\/oropeza-siteground.techdesk.com.mx\/wp-content\/uploads\/2020\/04\/MIT-525.jpg 368w, https:\/\/oropeza-siteground.techdesk.com.mx\/wp-content\/uploads\/2020\/04\/MIT-525-300x300.jpg 300w, https:\/\/oropeza-siteground.techdesk.com.mx\/wp-content\/uploads\/2020\/04\/MIT-525-150x150.jpg 150w, https:\/\/oropeza-siteground.techdesk.com.mx\/wp-content\/uploads\/2020\/04\/MIT-525-160x160.jpg 160w\" sizes=\"(max-width: 368px) 100vw, 368px\" \/>\t\t\t\t\t\t\t\t<\/a>\n\t\t\t\t\t\t\t\t\t\t\t<figcaption class=\"widget-image-caption wp-caption-text\">Resistencia de Aislamiento <\/figcaption>\n\t\t\t\t\t\t\t\t\t\t<\/figure>\n\t\t\t\t\t\t\t\t\t<\/div>\n\t\t\t\t<\/div>\n\t\t\t\t\t<\/div>\n\t\t<\/div>\n\t\t\t\t<div class=\"elementor-column elementor-col-25 elementor-top-column elementor-element elementor-element-c2d0815\" data-id=\"c2d0815\" data-element_type=\"column\" data-e-type=\"column\">\n\t\t\t<div class=\"elementor-widget-wrap elementor-element-populated\">\n\t\t\t\t\t\t<div class=\"elementor-element elementor-element-5b6de24 elementor-widget elementor-widget-image\" data-id=\"5b6de24\" data-element_type=\"widget\" data-e-type=\"widget\" data-widget_type=\"image.default\">\n\t\t\t\t<div class=\"elementor-widget-container\">\n\t\t\t\t\t\t\t\t\t\t\t\t<figure class=\"wp-caption\">\n\t\t\t\t\t\t\t\t\t\t\t<a href=\"http:\/\/oropezaingenieros.com\/index.php\/factor-de-potencia\/\">\n\t\t\t\t\t\t\t<img decoding=\"async\" width=\"532\" height=\"532\" src=\"https:\/\/oropeza-siteground.techdesk.com.mx\/wp-content\/uploads\/2020\/04\/DELTA-4310A.png\" class=\"attachment-large size-large wp-image-853\" alt=\"Delta 4000 de Megger, dise\u00f1ado para evaluar el estado del aislamiento el\u00e9ctrico en aparatos de alta tensi\u00f3n como transformadores, motores, etc.\" srcset=\"https:\/\/oropeza-siteground.techdesk.com.mx\/wp-content\/uploads\/2020\/04\/DELTA-4310A.png 532w, https:\/\/oropeza-siteground.techdesk.com.mx\/wp-content\/uploads\/2020\/04\/DELTA-4310A-300x300.png 300w, https:\/\/oropeza-siteground.techdesk.com.mx\/wp-content\/uploads\/2020\/04\/DELTA-4310A-150x150.png 150w, https:\/\/oropeza-siteground.techdesk.com.mx\/wp-content\/uploads\/2020\/04\/DELTA-4310A-160x160.png 160w\" sizes=\"(max-width: 532px) 100vw, 532px\" \/>\t\t\t\t\t\t\t\t<\/a>\n\t\t\t\t\t\t\t\t\t\t\t<figcaption class=\"widget-image-caption wp-caption-text\">Factor de Potencia<\/figcaption>\n\t\t\t\t\t\t\t\t\t\t<\/figure>\n\t\t\t\t\t\t\t\t\t<\/div>\n\t\t\t\t<\/div>\n\t\t\t\t\t<\/div>\n\t\t<\/div>\n\t\t\t\t\t<\/div>\n\t\t<\/section>\n\t\t\t\t<section class=\"elementor-section elementor-top-section elementor-element elementor-element-521e300 elementor-section-boxed elementor-section-height-default elementor-section-height-default\" data-id=\"521e300\" data-element_type=\"section\" data-e-type=\"section\">\n\t\t\t\t\t\t<div class=\"elementor-container elementor-column-gap-default\">\n\t\t\t\t\t<div class=\"elementor-column elementor-col-25 elementor-top-column elementor-element elementor-element-0b27713\" data-id=\"0b27713\" data-element_type=\"column\" data-e-type=\"column\">\n\t\t\t<div class=\"elementor-widget-wrap elementor-element-populated\">\n\t\t\t\t\t\t<div class=\"elementor-element elementor-element-b6f8a24 elementor-widget elementor-widget-image\" data-id=\"b6f8a24\" data-element_type=\"widget\" data-e-type=\"widget\" data-widget_type=\"image.default\">\n\t\t\t\t<div class=\"elementor-widget-container\">\n\t\t\t\t\t\t\t\t\t\t\t\t<figure class=\"wp-caption\">\n\t\t\t\t\t\t\t\t\t\t\t<a href=\"http:\/\/oropezaingenieros.com\/index.php\/analisis-de-pureza-humedad-y-de-descomposicion-de-sf6\/\">\n\t\t\t\t\t\t\t<img loading=\"lazy\" decoding=\"async\" width=\"300\" height=\"300\" src=\"https:\/\/oropeza-siteground.techdesk.com.mx\/wp-content\/uploads\/2020\/05\/Rapidox-Pum-Back-300x300.png\" class=\"attachment-medium size-medium wp-image-1413\" alt=\"\" srcset=\"https:\/\/oropeza-siteground.techdesk.com.mx\/wp-content\/uploads\/2020\/05\/Rapidox-Pum-Back-300x300.png 300w, https:\/\/oropeza-siteground.techdesk.com.mx\/wp-content\/uploads\/2020\/05\/Rapidox-Pum-Back-150x150.png 150w, https:\/\/oropeza-siteground.techdesk.com.mx\/wp-content\/uploads\/2020\/05\/Rapidox-Pum-Back-160x160.png 160w, https:\/\/oropeza-siteground.techdesk.com.mx\/wp-content\/uploads\/2020\/05\/elementor\/thumbs\/Rapidox-Pum-Back-oxhw98fjc15roryqcqmno4oitreahczjvkkp9knn0k.png 250w, https:\/\/oropeza-siteground.techdesk.com.mx\/wp-content\/uploads\/2020\/05\/Rapidox-Pum-Back.png 474w\" sizes=\"(max-width: 300px) 100vw, 300px\" \/>\t\t\t\t\t\t\t\t<\/a>\n\t\t\t\t\t\t\t\t\t\t\t<figcaption class=\"widget-image-caption wp-caption-text\">An\u00e1lisis de Pureza, Humedad y de Descomposici\u00f3n de SF6<\/figcaption>\n\t\t\t\t\t\t\t\t\t\t<\/figure>\n\t\t\t\t\t\t\t\t\t<\/div>\n\t\t\t\t<\/div>\n\t\t\t\t\t<\/div>\n\t\t<\/div>\n\t\t\t\t<div class=\"elementor-column elementor-col-25 elementor-top-column elementor-element elementor-element-669c287\" data-id=\"669c287\" data-element_type=\"column\" data-e-type=\"column\">\n\t\t\t<div class=\"elementor-widget-wrap elementor-element-populated\">\n\t\t\t\t\t\t<div class=\"elementor-element elementor-element-f0ce9c3 elementor-widget elementor-widget-image\" data-id=\"f0ce9c3\" data-element_type=\"widget\" data-e-type=\"widget\" data-widget_type=\"image.default\">\n\t\t\t\t<div class=\"elementor-widget-container\">\n\t\t\t\t\t\t\t\t\t\t\t\t<figure class=\"wp-caption\">\n\t\t\t\t\t\t\t\t\t\t\t<a href=\"http:\/\/oropezaingenieros.com\/index.php\/tratamiento-recuperacion-y-almacenamiento-de-sf6\/\">\n\t\t\t\t\t\t\t<img loading=\"lazy\" decoding=\"async\" width=\"474\" height=\"474\" src=\"https:\/\/oropeza-siteground.techdesk.com.mx\/wp-content\/uploads\/2020\/06\/RECOVERY-BAG.png\" class=\"attachment-medium_large size-medium_large wp-image-1572\" alt=\"\" srcset=\"https:\/\/oropeza-siteground.techdesk.com.mx\/wp-content\/uploads\/2020\/06\/RECOVERY-BAG.png 474w, https:\/\/oropeza-siteground.techdesk.com.mx\/wp-content\/uploads\/2020\/06\/RECOVERY-BAG-300x300.png 300w, https:\/\/oropeza-siteground.techdesk.com.mx\/wp-content\/uploads\/2020\/06\/RECOVERY-BAG-150x150.png 150w, https:\/\/oropeza-siteground.techdesk.com.mx\/wp-content\/uploads\/2020\/06\/RECOVERY-BAG-160x160.png 160w\" sizes=\"(max-width: 474px) 100vw, 474px\" \/>\t\t\t\t\t\t\t\t<\/a>\n\t\t\t\t\t\t\t\t\t\t\t<figcaption class=\"widget-image-caption wp-caption-text\">Tratamiento, Recuperaci\u00f3n y Almacenamiento de SF6<\/figcaption>\n\t\t\t\t\t\t\t\t\t\t<\/figure>\n\t\t\t\t\t\t\t\t\t<\/div>\n\t\t\t\t<\/div>\n\t\t\t\t\t<\/div>\n\t\t<\/div>\n\t\t\t\t<div class=\"elementor-column elementor-col-25 elementor-top-column elementor-element elementor-element-5e4c446\" data-id=\"5e4c446\" data-element_type=\"column\" data-e-type=\"column\">\n\t\t\t<div class=\"elementor-widget-wrap elementor-element-populated\">\n\t\t\t\t\t\t<div class=\"elementor-element elementor-element-c6b8390 elementor-widget elementor-widget-image\" data-id=\"c6b8390\" data-element_type=\"widget\" data-e-type=\"widget\" data-widget_type=\"image.default\">\n\t\t\t\t<div class=\"elementor-widget-container\">\n\t\t\t\t\t\t\t\t\t\t\t\t<figure class=\"wp-caption\">\n\t\t\t\t\t\t\t\t\t\t\t<a href=\"http:\/\/oropezaingenieros.com\/index.php\/botellas-de-vacio\/\">\n\t\t\t\t\t\t\t<img loading=\"lazy\" decoding=\"async\" width=\"489\" height=\"474\" src=\"https:\/\/oropeza-siteground.techdesk.com.mx\/wp-content\/uploads\/2020\/03\/VIDAR_DS.png\" class=\"attachment-large size-large wp-image-1576\" alt=\"\" srcset=\"https:\/\/oropeza-siteground.techdesk.com.mx\/wp-content\/uploads\/2020\/03\/VIDAR_DS.png 489w, https:\/\/oropeza-siteground.techdesk.com.mx\/wp-content\/uploads\/2020\/03\/VIDAR_DS-300x291.png 300w, https:\/\/oropeza-siteground.techdesk.com.mx\/wp-content\/uploads\/2020\/03\/VIDAR_DS-165x160.png 165w\" sizes=\"(max-width: 489px) 100vw, 489px\" \/>\t\t\t\t\t\t\t\t<\/a>\n\t\t\t\t\t\t\t\t\t\t\t<figcaption class=\"widget-image-caption wp-caption-text\">Botellas de Vac\u00edo<\/figcaption>\n\t\t\t\t\t\t\t\t\t\t<\/figure>\n\t\t\t\t\t\t\t\t\t<\/div>\n\t\t\t\t<\/div>\n\t\t\t\t\t<\/div>\n\t\t<\/div>\n\t\t\t\t<div class=\"elementor-column elementor-col-25 elementor-top-column elementor-element elementor-element-b6a28f1\" data-id=\"b6a28f1\" data-element_type=\"column\" data-e-type=\"column\">\n\t\t\t<div class=\"elementor-widget-wrap elementor-element-populated\">\n\t\t\t\t\t\t<div class=\"elementor-element elementor-element-d0f4bbc elementor-widget elementor-widget-image\" data-id=\"d0f4bbc\" data-element_type=\"widget\" data-e-type=\"widget\" data-widget_type=\"image.default\">\n\t\t\t\t<div class=\"elementor-widget-container\">\n\t\t\t\t\t\t\t\t\t\t\t\t<figure class=\"wp-caption\">\n\t\t\t\t\t\t\t\t\t\t\t<a href=\"http:\/\/oropezaingenieros.com\/index.php\/deteccion-de-fugas\/\">\n\t\t\t\t\t\t\t<img loading=\"lazy\" decoding=\"async\" width=\"396\" height=\"396\" src=\"https:\/\/oropeza-siteground.techdesk.com.mx\/wp-content\/uploads\/2020\/06\/GAS-CHECK-6000.png\" class=\"attachment-large size-large wp-image-1580\" alt=\"\" srcset=\"https:\/\/oropeza-siteground.techdesk.com.mx\/wp-content\/uploads\/2020\/06\/GAS-CHECK-6000.png 396w, https:\/\/oropeza-siteground.techdesk.com.mx\/wp-content\/uploads\/2020\/06\/GAS-CHECK-6000-300x300.png 300w, https:\/\/oropeza-siteground.techdesk.com.mx\/wp-content\/uploads\/2020\/06\/GAS-CHECK-6000-150x150.png 150w, https:\/\/oropeza-siteground.techdesk.com.mx\/wp-content\/uploads\/2020\/06\/GAS-CHECK-6000-160x160.png 160w\" sizes=\"(max-width: 396px) 100vw, 396px\" \/>\t\t\t\t\t\t\t\t<\/a>\n\t\t\t\t\t\t\t\t\t\t\t<figcaption class=\"widget-image-caption wp-caption-text\">Detecci\u00f3n de Fugas<\/figcaption>\n\t\t\t\t\t\t\t\t\t\t<\/figure>\n\t\t\t\t\t\t\t\t\t<\/div>\n\t\t\t\t<\/div>\n\t\t\t\t\t<\/div>\n\t\t<\/div>\n\t\t\t\t\t<\/div>\n\t\t<\/section>\n\t\t\t\t<\/div>\n\t\t","protected":false},"excerpt":{"rendered":"<p>Resistencia de Contacto Tiempos de Operaci\u00f3n y Sincronismo Resistencia de Aislamiento Factor de Potencia An\u00e1lisis de Pureza, Humedad y de Descomposici\u00f3n de SF6 Tratamiento, Recuperaci\u00f3n y Almacenamiento de SF6 Botellas de Vac\u00edo Detecci\u00f3n de Fugas<\/p>\n","protected":false},"author":1,"featured_media":0,"parent":0,"menu_order":0,"comment_status":"closed","ping_status":"closed","template":"","meta":{"footnotes":""},"class_list":["post-1350","page","type-page","status-publish","hentry"],"yoast_head":"<!-- This site is optimized with the Yoast SEO plugin v27.6 - https:\/\/yoast.com\/product\/yoast-seo-wordpress\/ -->\n<title>INTERRUPTORES - Oropeza Ingenieros<\/title>\n<meta name=\"robots\" content=\"index, follow, max-snippet:-1, max-image-preview:large, max-video-preview:-1\" \/>\n<link rel=\"canonical\" href=\"https:\/\/oropeza-siteground.techdesk.com.mx\/index.php\/interruptores\/\" \/>\n<meta property=\"og:locale\" content=\"es_MX\" \/>\n<meta property=\"og:type\" content=\"article\" \/>\n<meta property=\"og:title\" content=\"INTERRUPTORES - Oropeza Ingenieros\" \/>\n<meta property=\"og:description\" content=\"Resistencia de Contacto Tiempos de Operaci\u00f3n y Sincronismo Resistencia de Aislamiento Factor de Potencia An\u00e1lisis de Pureza, Humedad y de Descomposici\u00f3n de SF6 Tratamiento, Recuperaci\u00f3n y Almacenamiento de SF6 Botellas de Vac\u00edo Detecci\u00f3n de Fugas\" \/>\n<meta property=\"og:url\" content=\"https:\/\/oropeza-siteground.techdesk.com.mx\/index.php\/interruptores\/\" \/>\n<meta property=\"og:site_name\" content=\"Oropeza Ingenieros\" \/>\n<meta property=\"article:modified_time\" content=\"2022-08-18T18:16:01+00:00\" \/>\n<meta property=\"og:image\" content=\"http:\/\/oropezaingenieros.com\/wp-content\/uploads\/2020\/03\/DLRO10HD.png\" \/>\n<meta name=\"twitter:card\" content=\"summary_large_image\" \/>\n<script type=\"application\/ld+json\" class=\"yoast-schema-graph\">{\"@context\":\"https:\\\/\\\/schema.org\",\"@graph\":[{\"@type\":\"WebPage\",\"@id\":\"https:\\\/\\\/oropeza-siteground.techdesk.com.mx\\\/index.php\\\/interruptores\\\/\",\"url\":\"https:\\\/\\\/oropeza-siteground.techdesk.com.mx\\\/index.php\\\/interruptores\\\/\",\"name\":\"INTERRUPTORES - Oropeza Ingenieros\",\"isPartOf\":{\"@id\":\"https:\\\/\\\/oropeza-siteground.techdesk.com.mx\\\/#website\"},\"primaryImageOfPage\":{\"@id\":\"https:\\\/\\\/oropeza-siteground.techdesk.com.mx\\\/index.php\\\/interruptores\\\/#primaryimage\"},\"image\":{\"@id\":\"https:\\\/\\\/oropeza-siteground.techdesk.com.mx\\\/index.php\\\/interruptores\\\/#primaryimage\"},\"thumbnailUrl\":\"http:\\\/\\\/oropezaingenieros.com\\\/wp-content\\\/uploads\\\/2020\\\/03\\\/DLRO10HD.png\",\"datePublished\":\"2020-05-22T18:05:01+00:00\",\"dateModified\":\"2022-08-18T18:16:01+00:00\",\"breadcrumb\":{\"@id\":\"https:\\\/\\\/oropeza-siteground.techdesk.com.mx\\\/index.php\\\/interruptores\\\/#breadcrumb\"},\"inLanguage\":\"es\",\"potentialAction\":[{\"@type\":\"ReadAction\",\"target\":[\"https:\\\/\\\/oropeza-siteground.techdesk.com.mx\\\/index.php\\\/interruptores\\\/\"]}]},{\"@type\":\"ImageObject\",\"inLanguage\":\"es\",\"@id\":\"https:\\\/\\\/oropeza-siteground.techdesk.com.mx\\\/index.php\\\/interruptores\\\/#primaryimage\",\"url\":\"http:\\\/\\\/oropezaingenieros.com\\\/wp-content\\\/uploads\\\/2020\\\/03\\\/DLRO10HD.png\",\"contentUrl\":\"http:\\\/\\\/oropezaingenieros.com\\\/wp-content\\\/uploads\\\/2020\\\/03\\\/DLRO10HD.png\"},{\"@type\":\"BreadcrumbList\",\"@id\":\"https:\\\/\\\/oropeza-siteground.techdesk.com.mx\\\/index.php\\\/interruptores\\\/#breadcrumb\",\"itemListElement\":[{\"@type\":\"ListItem\",\"position\":1,\"name\":\"Inicio\",\"item\":\"https:\\\/\\\/oropeza-siteground.techdesk.com.mx\\\/\"},{\"@type\":\"ListItem\",\"position\":2,\"name\":\"INTERRUPTORES\"}]},{\"@type\":\"WebSite\",\"@id\":\"https:\\\/\\\/oropeza-siteground.techdesk.com.mx\\\/#website\",\"url\":\"https:\\\/\\\/oropeza-siteground.techdesk.com.mx\\\/\",\"name\":\"Oropeza Ingenieros\",\"description\":\"\",\"publisher\":{\"@id\":\"https:\\\/\\\/oropeza-siteground.techdesk.com.mx\\\/#organization\"},\"potentialAction\":[{\"@type\":\"SearchAction\",\"target\":{\"@type\":\"EntryPoint\",\"urlTemplate\":\"https:\\\/\\\/oropeza-siteground.techdesk.com.mx\\\/?s={search_term_string}\"},\"query-input\":{\"@type\":\"PropertyValueSpecification\",\"valueRequired\":true,\"valueName\":\"search_term_string\"}}],\"inLanguage\":\"es\"},{\"@type\":\"Organization\",\"@id\":\"https:\\\/\\\/oropeza-siteground.techdesk.com.mx\\\/#organization\",\"name\":\"Oropeza Ingenieros\",\"url\":\"https:\\\/\\\/oropeza-siteground.techdesk.com.mx\\\/\",\"logo\":{\"@type\":\"ImageObject\",\"inLanguage\":\"es\",\"@id\":\"https:\\\/\\\/oropeza-siteground.techdesk.com.mx\\\/#\\\/schema\\\/logo\\\/image\\\/\",\"url\":\"https:\\\/\\\/oropeza-siteground.techdesk.com.mx\\\/wp-content\\\/uploads\\\/2020\\\/08\\\/cropped-LOGO-OISA-GRANDE.png\",\"contentUrl\":\"https:\\\/\\\/oropeza-siteground.techdesk.com.mx\\\/wp-content\\\/uploads\\\/2020\\\/08\\\/cropped-LOGO-OISA-GRANDE.png\",\"width\":6937,\"height\":1198,\"caption\":\"Oropeza Ingenieros\"},\"image\":{\"@id\":\"https:\\\/\\\/oropeza-siteground.techdesk.com.mx\\\/#\\\/schema\\\/logo\\\/image\\\/\"}}]}<\/script>\n<!-- \/ Yoast SEO plugin. -->","yoast_head_json":{"title":"INTERRUPTORES - Oropeza Ingenieros","robots":{"index":"index","follow":"follow","max-snippet":"max-snippet:-1","max-image-preview":"max-image-preview:large","max-video-preview":"max-video-preview:-1"},"canonical":"https:\/\/oropeza-siteground.techdesk.com.mx\/index.php\/interruptores\/","og_locale":"es_MX","og_type":"article","og_title":"INTERRUPTORES - Oropeza Ingenieros","og_description":"Resistencia de Contacto Tiempos de Operaci\u00f3n y Sincronismo Resistencia de Aislamiento Factor de Potencia An\u00e1lisis de Pureza, Humedad y de Descomposici\u00f3n de SF6 Tratamiento, Recuperaci\u00f3n y Almacenamiento de SF6 Botellas de Vac\u00edo Detecci\u00f3n de Fugas","og_url":"https:\/\/oropeza-siteground.techdesk.com.mx\/index.php\/interruptores\/","og_site_name":"Oropeza Ingenieros","article_modified_time":"2022-08-18T18:16:01+00:00","og_image":[{"url":"http:\/\/oropezaingenieros.com\/wp-content\/uploads\/2020\/03\/DLRO10HD.png","type":"","width":"","height":""}],"twitter_card":"summary_large_image","schema":{"@context":"https:\/\/schema.org","@graph":[{"@type":"WebPage","@id":"https:\/\/oropeza-siteground.techdesk.com.mx\/index.php\/interruptores\/","url":"https:\/\/oropeza-siteground.techdesk.com.mx\/index.php\/interruptores\/","name":"INTERRUPTORES - Oropeza Ingenieros","isPartOf":{"@id":"https:\/\/oropeza-siteground.techdesk.com.mx\/#website"},"primaryImageOfPage":{"@id":"https:\/\/oropeza-siteground.techdesk.com.mx\/index.php\/interruptores\/#primaryimage"},"image":{"@id":"https:\/\/oropeza-siteground.techdesk.com.mx\/index.php\/interruptores\/#primaryimage"},"thumbnailUrl":"http:\/\/oropezaingenieros.com\/wp-content\/uploads\/2020\/03\/DLRO10HD.png","datePublished":"2020-05-22T18:05:01+00:00","dateModified":"2022-08-18T18:16:01+00:00","breadcrumb":{"@id":"https:\/\/oropeza-siteground.techdesk.com.mx\/index.php\/interruptores\/#breadcrumb"},"inLanguage":"es","potentialAction":[{"@type":"ReadAction","target":["https:\/\/oropeza-siteground.techdesk.com.mx\/index.php\/interruptores\/"]}]},{"@type":"ImageObject","inLanguage":"es","@id":"https:\/\/oropeza-siteground.techdesk.com.mx\/index.php\/interruptores\/#primaryimage","url":"http:\/\/oropezaingenieros.com\/wp-content\/uploads\/2020\/03\/DLRO10HD.png","contentUrl":"http:\/\/oropezaingenieros.com\/wp-content\/uploads\/2020\/03\/DLRO10HD.png"},{"@type":"BreadcrumbList","@id":"https:\/\/oropeza-siteground.techdesk.com.mx\/index.php\/interruptores\/#breadcrumb","itemListElement":[{"@type":"ListItem","position":1,"name":"Inicio","item":"https:\/\/oropeza-siteground.techdesk.com.mx\/"},{"@type":"ListItem","position":2,"name":"INTERRUPTORES"}]},{"@type":"WebSite","@id":"https:\/\/oropeza-siteground.techdesk.com.mx\/#website","url":"https:\/\/oropeza-siteground.techdesk.com.mx\/","name":"Oropeza Ingenieros","description":"","publisher":{"@id":"https:\/\/oropeza-siteground.techdesk.com.mx\/#organization"},"potentialAction":[{"@type":"SearchAction","target":{"@type":"EntryPoint","urlTemplate":"https:\/\/oropeza-siteground.techdesk.com.mx\/?s={search_term_string}"},"query-input":{"@type":"PropertyValueSpecification","valueRequired":true,"valueName":"search_term_string"}}],"inLanguage":"es"},{"@type":"Organization","@id":"https:\/\/oropeza-siteground.techdesk.com.mx\/#organization","name":"Oropeza Ingenieros","url":"https:\/\/oropeza-siteground.techdesk.com.mx\/","logo":{"@type":"ImageObject","inLanguage":"es","@id":"https:\/\/oropeza-siteground.techdesk.com.mx\/#\/schema\/logo\/image\/","url":"https:\/\/oropeza-siteground.techdesk.com.mx\/wp-content\/uploads\/2020\/08\/cropped-LOGO-OISA-GRANDE.png","contentUrl":"https:\/\/oropeza-siteground.techdesk.com.mx\/wp-content\/uploads\/2020\/08\/cropped-LOGO-OISA-GRANDE.png","width":6937,"height":1198,"caption":"Oropeza Ingenieros"},"image":{"@id":"https:\/\/oropeza-siteground.techdesk.com.mx\/#\/schema\/logo\/image\/"}}]}},"_links":{"self":[{"href":"https:\/\/oropeza-siteground.techdesk.com.mx\/index.php\/wp-json\/wp\/v2\/pages\/1350","targetHints":{"allow":["GET"]}}],"collection":[{"href":"https:\/\/oropeza-siteground.techdesk.com.mx\/index.php\/wp-json\/wp\/v2\/pages"}],"about":[{"href":"https:\/\/oropeza-siteground.techdesk.com.mx\/index.php\/wp-json\/wp\/v2\/types\/page"}],"author":[{"embeddable":true,"href":"https:\/\/oropeza-siteground.techdesk.com.mx\/index.php\/wp-json\/wp\/v2\/users\/1"}],"replies":[{"embeddable":true,"href":"https:\/\/oropeza-siteground.techdesk.com.mx\/index.php\/wp-json\/wp\/v2\/comments?post=1350"}],"version-history":[{"count":30,"href":"https:\/\/oropeza-siteground.techdesk.com.mx\/index.php\/wp-json\/wp\/v2\/pages\/1350\/revisions"}],"predecessor-version":[{"id":4572,"href":"https:\/\/oropeza-siteground.techdesk.com.mx\/index.php\/wp-json\/wp\/v2\/pages\/1350\/revisions\/4572"}],"wp:attachment":[{"href":"https:\/\/oropeza-siteground.techdesk.com.mx\/index.php\/wp-json\/wp\/v2\/media?parent=1350"}],"curies":[{"name":"wp","href":"https:\/\/api.w.org\/{rel}","templated":true}]}}